{"id":6998,"date":"2026-01-06T11:52:27","date_gmt":"2026-01-06T14:52:27","guid":{"rendered":"https:\/\/www.multipaq.com.ar\/producto\/simplea1276sobre-kb-lunares-16x6x36-x-100101sobres-de-regalo21389\/"},"modified":"2026-04-04T20:29:08","modified_gmt":"2026-04-04T23:29:08","slug":"sobre-kb-lunares-16x6x36-x-100","status":"publish","type":"product","link":"https:\/\/www.multipaq.com.ar\/?product=sobre-kb-lunares-16x6x36-x-100","title":{"rendered":"SOBRE PARA REGALOS KB LUNARES 16X6X36 X 100 UNIDADES"},"content":{"rendered":"<p>100 Sobres para envolver regalos. Dise\u00f1o a lunares muy vistoso. Para productos alargados . Econ\u00f3micos y divertidos. Consultar stock. Tambi\u00e9n se venden por 50 unidades.<\/p>\n<p>Tenes dudas? Click en el Whatsapp de la p\u00e1gina, y respondemos en cuanto antes.<\/p>\n","protected":false},"excerpt":{"rendered":"<p>Kb a lunares.<\/p>\n<p>Al recibir tu pedido, verific\u00e1 que el embalaje est\u00e9 en condiciones. Si ves el paquete muy golpeado, dejanos una nota en el remito del correo antes de firmar.<\/p>\n","protected":false},"featured_media":7302,"template":"","meta":{"solace_meta_sidebar":"","solace_meta_container":"","solace_meta_enable_content_width":"off","solace_meta_content_width":100,"solace_meta_title_alignment":"","solace_meta_author_avatar":"","solace_post_elements_order":"","solace_meta_disable_header":"","solace_meta_disable_footer":"","solace_meta_disable_title":""},"product_brand":[],"product_cat":[72],"product_tag":[85,113,106,105],"class_list":{"0":"post-6998","1":"product","2":"type-product","3":"status-publish","4":"has-post-thumbnail","6":"product_cat-sobres-para-regalos","7":"product_tag-multipaq","8":"product_tag-sobrebolsapararegalos","9":"product_tag-sobresderegalo","10":"product_tag-sobrespararegalos","12":"first","13":"instock","14":"shipping-taxable","15":"purchasable","16":"product-type-simple"},"_links":{"self":[{"href":"https:\/\/www.multipaq.com.ar\/index.php?rest_route=\/wp\/v2\/product\/6998","targetHints":{"allow":["GET"]}}],"collection":[{"href":"https:\/\/www.multipaq.com.ar\/index.php?rest_route=\/wp\/v2\/product"}],"about":[{"href":"https:\/\/www.multipaq.com.ar\/index.php?rest_route=\/wp\/v2\/types\/product"}],"version-history":[{"count":1,"href":"https:\/\/www.multipaq.com.ar\/index.php?rest_route=\/wp\/v2\/product\/6998\/revisions"}],"predecessor-version":[{"id":7276,"href":"https:\/\/www.multipaq.com.ar\/index.php?rest_route=\/wp\/v2\/product\/6998\/revisions\/7276"}],"wp:featuredmedia":[{"embeddable":true,"href":"https:\/\/www.multipaq.com.ar\/index.php?rest_route=\/wp\/v2\/media\/7302"}],"wp:attachment":[{"href":"https:\/\/www.multipaq.com.ar\/index.php?rest_route=%2Fwp%2Fv2%2Fmedia&parent=6998"}],"wp:term":[{"taxonomy":"product_brand","embeddable":true,"href":"https:\/\/www.multipaq.com.ar\/index.php?rest_route=%2Fwp%2Fv2%2Fproduct_brand&post=6998"},{"taxonomy":"product_cat","embeddable":true,"href":"https:\/\/www.multipaq.com.ar\/index.php?rest_route=%2Fwp%2Fv2%2Fproduct_cat&post=6998"},{"taxonomy":"product_tag","embeddable":true,"href":"https:\/\/www.multipaq.com.ar\/index.php?rest_route=%2Fwp%2Fv2%2Fproduct_tag&post=6998"}],"curies":[{"name":"wp","href":"https:\/\/api.w.org\/{rel}","templated":true}]}}