{"id":6994,"date":"2026-01-06T11:52:27","date_gmt":"2026-01-06T14:52:27","guid":{"rendered":"https:\/\/www.multipaq.com.ar\/producto\/simplea1262madera-artesanal-10x12x5-bijou-corta-cordon101bolsas-artesanales257\/"},"modified":"2026-04-04T20:29:08","modified_gmt":"2026-04-04T23:29:08","slug":"madera-artesanal-10x12x5-bijou-corta-cordon","status":"publish","type":"product","link":"https:\/\/www.multipaq.com.ar\/?product=madera-artesanal-10x12x5-bijou-corta-cordon","title":{"rendered":"BOLSA ARTESANAL DE PAPEL MADERA"},"content":{"rendered":"<p>Bolsa artesanal de papel madera, mide 10x12x5. La manija es de cord\u00f3n y su presencia es muy agradable. Vers\u00e1til, es ideal para presentes peque\u00f1os que vale la pena destacar.<\/p>\n<p>Tenes dudas? Click en el Whatsapp de la p\u00e1gina, y respondemos en cuanto antes.<\/p>\n","protected":false},"excerpt":{"rendered":"<p>Madera cord\u00f3n 10&#215;12<\/p>\n<p>Al recibir tu pedido, verific\u00e1 que el embalaje est\u00e9 en condiciones. Si ves el paquete muy golpeado, dejanos una nota en el remito del correo antes de firmar.<\/p>\n","protected":false},"featured_media":7494,"template":"","meta":{"solace_meta_sidebar":"","solace_meta_container":"","solace_meta_enable_content_width":"off","solace_meta_content_width":100,"solace_meta_title_alignment":"","solace_meta_author_avatar":"","solace_post_elements_order":"","solace_meta_disable_header":"","solace_meta_disable_footer":"","solace_meta_disable_title":""},"product_brand":[],"product_cat":[75,65],"product_tag":[115,111,112,116,110,85],"class_list":{"0":"post-6994","1":"product","2":"type-product","3":"status-publish","4":"has-post-thumbnail","6":"product_cat-artesanales","7":"product_cat-bolsas-regalo","8":"product_tag-bolsaconmanijacordon","9":"product_tag-bolsaderegalo","10":"product_tag-bolsapararegalo","11":"product_tag-bolsapequena","12":"product_tag-bolsasustentable","13":"product_tag-multipaq","15":"first","16":"instock","17":"shipping-taxable","18":"purchasable","19":"product-type-simple"},"_links":{"self":[{"href":"https:\/\/www.multipaq.com.ar\/index.php?rest_route=\/wp\/v2\/product\/6994","targetHints":{"allow":["GET"]}}],"collection":[{"href":"https:\/\/www.multipaq.com.ar\/index.php?rest_route=\/wp\/v2\/product"}],"about":[{"href":"https:\/\/www.multipaq.com.ar\/index.php?rest_route=\/wp\/v2\/types\/product"}],"version-history":[{"count":1,"href":"https:\/\/www.multipaq.com.ar\/index.php?rest_route=\/wp\/v2\/product\/6994\/revisions"}],"predecessor-version":[{"id":7222,"href":"https:\/\/www.multipaq.com.ar\/index.php?rest_route=\/wp\/v2\/product\/6994\/revisions\/7222"}],"wp:featuredmedia":[{"embeddable":true,"href":"https:\/\/www.multipaq.com.ar\/index.php?rest_route=\/wp\/v2\/media\/7494"}],"wp:attachment":[{"href":"https:\/\/www.multipaq.com.ar\/index.php?rest_route=%2Fwp%2Fv2%2Fmedia&parent=6994"}],"wp:term":[{"taxonomy":"product_brand","embeddable":true,"href":"https:\/\/www.multipaq.com.ar\/index.php?rest_route=%2Fwp%2Fv2%2Fproduct_brand&post=6994"},{"taxonomy":"product_cat","embeddable":true,"href":"https:\/\/www.multipaq.com.ar\/index.php?rest_route=%2Fwp%2Fv2%2Fproduct_cat&post=6994"},{"taxonomy":"product_tag","embeddable":true,"href":"https:\/\/www.multipaq.com.ar\/index.php?rest_route=%2Fwp%2Fv2%2Fproduct_tag&post=6994"}],"curies":[{"name":"wp","href":"https:\/\/api.w.org\/{rel}","templated":true}]}}