{"id":6989,"date":"2025-12-20T20:39:55","date_gmt":"2025-12-20T23:39:55","guid":{"rendered":"https:\/\/www.multipaq.com.ar\/producto\/simplea1242caja-embalaje-art-60x40x40101caja-embalaje3296\/"},"modified":"2026-04-04T20:29:07","modified_gmt":"2026-04-04T23:29:07","slug":"caja-embalaje-60x40x40","status":"publish","type":"product","link":"https:\/\/www.multipaq.com.ar\/?product=caja-embalaje-60x40x40","title":{"rendered":"CAJA EMBALAJE 60X40X40"},"content":{"rendered":"<p data-path-to-node=\"5\"><span class=\"citation-28\">Cajas de cart\u00f3n sin reforzar de <\/span><b data-path-to-node=\"5\" data-index-in-node=\"124\"><span class=\"citation-28\">60 x 40 x 40 cm<\/span><\/b><span class=\"citation-28 citation-end-28\">.<\/span> Tama\u00f1o perfecto: suficientemente grandes para ropa y juguetes, manejables para libros o vajilla si se distribuye bien el peso. \u00a1Ideales para organizar tu mudanza o almacenamiento!<\/p>\n<p><b data-path-to-node=\"6,0,0\" data-index-in-node=\"0\">Estado:<\/b> (Nuevo \/ Sin uso).<br \/>\n<b data-path-to-node=\"6,2,0\" data-index-in-node=\"0\">Caracter\u00edsticas:<\/b> Cart\u00f3n com\u00fan, f\u00e1ciles de apilar y cerrar con cinta de embalaje.<br \/>\n<b data-path-to-node=\"14,4,0\" data-index-in-node=\"0\">Sostenibilidad:<\/b> 100% reciclable y biodegradable.<\/p>\n<p>Tenes alguna duda? Click en el whatsapp, y resolvemos inmediatamente.<\/p>\n","protected":false},"excerpt":{"rendered":"<p>Embalaje 60 x 40 x 40.<\/p>\n<p><em>Al recibir tu pedido, verific\u00e1 que el embalaje est\u00e9 en condiciones. Si ves el paquete muy golpeado, dejanos una nota en el remito del correo antes de firmar.<\/em><\/p>\n","protected":false},"featured_media":7436,"template":"","meta":{"solace_meta_sidebar":"","solace_meta_container":"","solace_meta_enable_content_width":"off","solace_meta_content_width":100,"solace_meta_title_alignment":"","solace_meta_author_avatar":"","solace_post_elements_order":"","solace_meta_disable_header":"","solace_meta_disable_footer":"","solace_meta_disable_title":""},"product_brand":[],"product_cat":[70],"product_tag":[123,131,132,85,68],"class_list":{"0":"post-6989","1":"product","2":"type-product","3":"status-publish","4":"has-post-thumbnail","6":"product_cat-utilitarios","7":"product_tag-cajaembalaje","8":"product_tag-cajamudanza","9":"product_tag-cajautilitaria","10":"product_tag-multipaq","11":"product_tag-resaltador","13":"first","14":"instock","15":"shipping-taxable","16":"purchasable","17":"product-type-simple"},"_links":{"self":[{"href":"https:\/\/www.multipaq.com.ar\/index.php?rest_route=\/wp\/v2\/product\/6989","targetHints":{"allow":["GET"]}}],"collection":[{"href":"https:\/\/www.multipaq.com.ar\/index.php?rest_route=\/wp\/v2\/product"}],"about":[{"href":"https:\/\/www.multipaq.com.ar\/index.php?rest_route=\/wp\/v2\/types\/product"}],"version-history":[{"count":0,"href":"https:\/\/www.multipaq.com.ar\/index.php?rest_route=\/wp\/v2\/product\/6989\/revisions"}],"wp:featuredmedia":[{"embeddable":true,"href":"https:\/\/www.multipaq.com.ar\/index.php?rest_route=\/wp\/v2\/media\/7436"}],"wp:attachment":[{"href":"https:\/\/www.multipaq.com.ar\/index.php?rest_route=%2Fwp%2Fv2%2Fmedia&parent=6989"}],"wp:term":[{"taxonomy":"product_brand","embeddable":true,"href":"https:\/\/www.multipaq.com.ar\/index.php?rest_route=%2Fwp%2Fv2%2Fproduct_brand&post=6989"},{"taxonomy":"product_cat","embeddable":true,"href":"https:\/\/www.multipaq.com.ar\/index.php?rest_route=%2Fwp%2Fv2%2Fproduct_cat&post=6989"},{"taxonomy":"product_tag","embeddable":true,"href":"https:\/\/www.multipaq.com.ar\/index.php?rest_route=%2Fwp%2Fv2%2Fproduct_tag&post=6989"}],"curies":[{"name":"wp","href":"https:\/\/api.w.org\/{rel}","templated":true}]}}