{"id":6986,"date":"2025-12-20T20:39:54","date_gmt":"2025-12-20T23:39:54","guid":{"rendered":"https:\/\/www.multipaq.com.ar\/producto\/simplea1228folio-luma-oficio-pesado-paq-10-unidades101libreria2709\/"},"modified":"2026-04-04T20:29:07","modified_gmt":"2026-04-04T23:29:07","slug":"folio-luma-oficio-pesado-paq-10-unidades","status":"publish","type":"product","link":"https:\/\/www.multipaq.com.ar\/?product=folio-luma-oficio-pesado-paq-10-unidades","title":{"rendered":"FOLIO LUMA OFICIO PESADO X10"},"content":{"rendered":"<p data-start=\"454\" data-end=\"629\">Folios pl\u00e1sticos transparentes marca Luma, en tama\u00f1o oficio y versi\u00f3n pesada, dise\u00f1ados para brindar mayor resistencia y durabilidad en el uso diario.<br \/>\nSon ideales para archivar, proteger y organizar documentos sin necesidad de perforarlos, manteni\u00e9ndolos limpios y en perfecto estado.<\/p>\n<p data-start=\"768\" data-end=\"784\">Tama\u00f1o: Oficio<br \/>\nMaterial: Pl\u00e1stico transparente<br \/>\nVersi\u00f3n reforzada (pesado)<br \/>\nPaquete por 10 unidades<\/p>\n<p data-start=\"768\" data-end=\"784\">Tenes dudas? Click en el Whatsapp de la p\u00e1gina, y respondemos en cuanto antes.<\/p>\n","protected":false},"excerpt":{"rendered":"<p data-start=\"325\" data-end=\"452\">Folios pl\u00e1sticos tama\u00f1o oficio, reforzados y resistentes. Ideales para proteger y archivar documentos.<\/p>\n<p data-start=\"454\" data-end=\"629\">Al recibir tu pedido, verific\u00e1 que el embalaje est\u00e9 en condiciones. Si ves el paquete muy golpeado, dejanos una nota en el remito del correo antes de firmar.<\/p>\n","protected":false},"featured_media":7605,"template":"","meta":{"solace_meta_sidebar":"","solace_meta_container":"","solace_meta_enable_content_width":"off","solace_meta_content_width":100,"solace_meta_title_alignment":"","solace_meta_author_avatar":"","solace_post_elements_order":"","solace_meta_disable_header":"","solace_meta_disable_footer":"","solace_meta_disable_title":""},"product_brand":[],"product_cat":[67],"product_tag":[],"class_list":{"0":"post-6986","1":"product","2":"type-product","3":"status-publish","4":"has-post-thumbnail","6":"product_cat-libreria","8":"first","9":"instock","10":"shipping-taxable","11":"purchasable","12":"product-type-simple"},"_links":{"self":[{"href":"https:\/\/www.multipaq.com.ar\/index.php?rest_route=\/wp\/v2\/product\/6986","targetHints":{"allow":["GET"]}}],"collection":[{"href":"https:\/\/www.multipaq.com.ar\/index.php?rest_route=\/wp\/v2\/product"}],"about":[{"href":"https:\/\/www.multipaq.com.ar\/index.php?rest_route=\/wp\/v2\/types\/product"}],"version-history":[{"count":0,"href":"https:\/\/www.multipaq.com.ar\/index.php?rest_route=\/wp\/v2\/product\/6986\/revisions"}],"wp:featuredmedia":[{"embeddable":true,"href":"https:\/\/www.multipaq.com.ar\/index.php?rest_route=\/wp\/v2\/media\/7605"}],"wp:attachment":[{"href":"https:\/\/www.multipaq.com.ar\/index.php?rest_route=%2Fwp%2Fv2%2Fmedia&parent=6986"}],"wp:term":[{"taxonomy":"product_brand","embeddable":true,"href":"https:\/\/www.multipaq.com.ar\/index.php?rest_route=%2Fwp%2Fv2%2Fproduct_brand&post=6986"},{"taxonomy":"product_cat","embeddable":true,"href":"https:\/\/www.multipaq.com.ar\/index.php?rest_route=%2Fwp%2Fv2%2Fproduct_cat&post=6986"},{"taxonomy":"product_tag","embeddable":true,"href":"https:\/\/www.multipaq.com.ar\/index.php?rest_route=%2Fwp%2Fv2%2Fproduct_tag&post=6986"}],"curies":[{"name":"wp","href":"https:\/\/api.w.org\/{rel}","templated":true}]}}