{"id":6985,"date":"2025-12-20T20:39:54","date_gmt":"2025-12-20T23:39:54","guid":{"rendered":"https:\/\/www.multipaq.com.ar\/producto\/simplea1225cotillon-liso-amarillo-x-50-unidades101sobres-con-fuelle-sin-manija11500\/"},"modified":"2026-04-04T20:29:07","modified_gmt":"2026-04-04T23:29:07","slug":"simplea1225cotillon-liso-amarillo-x-50-unidades101sobres-con-fuelle-sin-manija11500","status":"publish","type":"product","link":"https:\/\/www.multipaq.com.ar\/?product=simplea1225cotillon-liso-amarillo-x-50-unidades101sobres-con-fuelle-sin-manija11500","title":{"rendered":"COTILLON LISO AMARILLO X 50 UNIDADES"},"content":{"rendered":"<p data-path-to-node=\"3\">\u00a1Dale un toque de luz y alegr\u00eda a tu celebraci\u00f3n! Sobres de papel liso en color amarillo. Perfecto para souvenir, fiestas tem\u00e1ticas, cumplea\u00f1os, bautismos, comuniones o eventos corporativos. Vers\u00e1til y f\u00e1cil de combinar con otros colores.<\/p>\n<p data-path-to-node=\"4,0,0\"><b data-path-to-node=\"4,0,0\" data-index-in-node=\"0\">Cantidad:<\/b> 50 unidades.<br \/>\n<b data-path-to-node=\"4,1,0\" data-index-in-node=\"0\">Color:<\/b> Amarillo Liso.<br \/>\n<b data-path-to-node=\"4,3,0\" data-index-in-node=\"0\">Ideal para:<\/b> Mesas de dulces, decoraci\u00f3n de sal\u00f3n y alegr\u00eda garantizada para tus invitados.<\/p>\n<p data-path-to-node=\"4,0,0\">Tenes dudas? Click en el Whatsapp de la p\u00e1gina, y respondemos en cuanto antes.<\/p>\n","protected":false},"excerpt":{"rendered":"<p>Cotill\u00f3n amarillo.<\/p>\n<p><em>Al recibir tu pedido, verific\u00e1 que el embalaje est\u00e9 en condiciones. Si ves el paquete muy golpeado, dejanos una nota en el remito del correo antes de firmar.<\/em><\/p>\n","protected":false},"featured_media":7437,"template":"","meta":{"solace_meta_sidebar":"","solace_meta_container":"","solace_meta_enable_content_width":"off","solace_meta_content_width":100,"solace_meta_title_alignment":"","solace_meta_author_avatar":"","solace_post_elements_order":"","solace_meta_disable_header":"","solace_meta_disable_footer":"","solace_meta_disable_title":""},"product_brand":[],"product_cat":[77,72],"product_tag":[133,110,128,85,134,135,136,104],"class_list":{"0":"post-6985","1":"product","2":"type-product","3":"status-publish","4":"has-post-thumbnail","6":"product_cat-con-fuelle-sin-manija","7":"product_cat-sobres-para-regalos","8":"product_tag-bolsasinmanija","9":"product_tag-bolsasustentable","10":"product_tag-cumpleanos","11":"product_tag-multipaq","12":"product_tag-sobreparasouvenir","13":"product_tag-sobresamarillos","14":"product_tag-sobresbijou","15":"product_tag-sobreslisosdecolor","17":"first","18":"instock","19":"shipping-taxable","20":"purchasable","21":"product-type-simple"},"_links":{"self":[{"href":"https:\/\/www.multipaq.com.ar\/index.php?rest_route=\/wp\/v2\/product\/6985","targetHints":{"allow":["GET"]}}],"collection":[{"href":"https:\/\/www.multipaq.com.ar\/index.php?rest_route=\/wp\/v2\/product"}],"about":[{"href":"https:\/\/www.multipaq.com.ar\/index.php?rest_route=\/wp\/v2\/types\/product"}],"version-history":[{"count":0,"href":"https:\/\/www.multipaq.com.ar\/index.php?rest_route=\/wp\/v2\/product\/6985\/revisions"}],"wp:featuredmedia":[{"embeddable":true,"href":"https:\/\/www.multipaq.com.ar\/index.php?rest_route=\/wp\/v2\/media\/7437"}],"wp:attachment":[{"href":"https:\/\/www.multipaq.com.ar\/index.php?rest_route=%2Fwp%2Fv2%2Fmedia&parent=6985"}],"wp:term":[{"taxonomy":"product_brand","embeddable":true,"href":"https:\/\/www.multipaq.com.ar\/index.php?rest_route=%2Fwp%2Fv2%2Fproduct_brand&post=6985"},{"taxonomy":"product_cat","embeddable":true,"href":"https:\/\/www.multipaq.com.ar\/index.php?rest_route=%2Fwp%2Fv2%2Fproduct_cat&post=6985"},{"taxonomy":"product_tag","embeddable":true,"href":"https:\/\/www.multipaq.com.ar\/index.php?rest_route=%2Fwp%2Fv2%2Fproduct_tag&post=6985"}],"curies":[{"name":"wp","href":"https:\/\/api.w.org\/{rel}","templated":true}]}}