{"id":6982,"date":"2025-12-20T20:39:52","date_gmt":"2025-12-20T23:39:52","guid":{"rendered":"https:\/\/www.multipaq.com.ar\/producto\/simplea1219sobre-e-commerce-blanco-evidencia-45x55-x50-unid101sobres22549\/"},"modified":"2026-02-13T12:49:03","modified_gmt":"2026-02-13T15:49:03","slug":"sobre-e-commerce-blanco-evidencia-45x55-x50-unid","status":"publish","type":"product","link":"https:\/\/www.multipaq.com.ar\/?product=sobre-e-commerce-blanco-evidencia-45x55-x50-unid","title":{"rendered":"SOBRE E-COMMERCE BLANCO EVIDENCIA 45X55CM (X50)"},"content":{"rendered":"<p data-start=\"183\" data-end=\"403\">Sobres e-commerce blancos con solapa y evidencia de seguridad, ideales para env\u00edos de productos a trav\u00e9s de correo o mensajer\u00eda. Brindan protecci\u00f3n, confidencialidad y una presentaci\u00f3n prolija para despachos comerciales.<\/p>\n<p data-start=\"405\" data-end=\"483\">Tenes dudas? Click en el Whatsapp de la p\u00e1gina, y respondemos en cuanto antes.<\/p>\n","protected":false},"excerpt":{"rendered":"<p data-start=\"518\" data-end=\"627\">Sobre e-commerce blanco con evidencia de seguridad.<\/p>\n<p data-start=\"629\" data-end=\"786\">Al recibir tu pedido, verific\u00e1 que el embalaje est\u00e9 en condiciones. Si ves el paquete muy golpeado, dej\u00e1nos una nota en el remito del correo antes de firmar.<\/p>\n","protected":false},"featured_media":7637,"template":"","meta":{"solace_meta_sidebar":"","solace_meta_container":"","solace_meta_enable_content_width":"off","solace_meta_content_width":100,"solace_meta_title_alignment":"","solace_meta_author_avatar":"","solace_post_elements_order":"","solace_meta_disable_header":"","solace_meta_disable_footer":"","solace_meta_disable_title":""},"product_brand":[],"product_cat":[70],"product_tag":[151,83,85,150],"class_list":{"0":"post-6982","1":"product","2":"type-product","3":"status-publish","4":"has-post-thumbnail","6":"product_cat-utilitarios","7":"product_tag-e-commerce","8":"product_tag-libreria","9":"product_tag-multipaq","10":"product_tag-sobre","12":"first","13":"instock","14":"shipping-taxable","15":"purchasable","16":"product-type-simple"},"_links":{"self":[{"href":"https:\/\/www.multipaq.com.ar\/index.php?rest_route=\/wp\/v2\/product\/6982","targetHints":{"allow":["GET"]}}],"collection":[{"href":"https:\/\/www.multipaq.com.ar\/index.php?rest_route=\/wp\/v2\/product"}],"about":[{"href":"https:\/\/www.multipaq.com.ar\/index.php?rest_route=\/wp\/v2\/types\/product"}],"version-history":[{"count":0,"href":"https:\/\/www.multipaq.com.ar\/index.php?rest_route=\/wp\/v2\/product\/6982\/revisions"}],"wp:featuredmedia":[{"embeddable":true,"href":"https:\/\/www.multipaq.com.ar\/index.php?rest_route=\/wp\/v2\/media\/7637"}],"wp:attachment":[{"href":"https:\/\/www.multipaq.com.ar\/index.php?rest_route=%2Fwp%2Fv2%2Fmedia&parent=6982"}],"wp:term":[{"taxonomy":"product_brand","embeddable":true,"href":"https:\/\/www.multipaq.com.ar\/index.php?rest_route=%2Fwp%2Fv2%2Fproduct_brand&post=6982"},{"taxonomy":"product_cat","embeddable":true,"href":"https:\/\/www.multipaq.com.ar\/index.php?rest_route=%2Fwp%2Fv2%2Fproduct_cat&post=6982"},{"taxonomy":"product_tag","embeddable":true,"href":"https:\/\/www.multipaq.com.ar\/index.php?rest_route=%2Fwp%2Fv2%2Fproduct_tag&post=6982"}],"curies":[{"name":"wp","href":"https:\/\/api.w.org\/{rel}","templated":true}]}}