{"id":6979,"date":"2025-12-20T20:39:51","date_gmt":"2025-12-20T23:39:51","guid":{"rendered":"https:\/\/www.multipaq.com.ar\/producto\/simplea1216caja-kraft-medium-16x15x9101cajas-regalo3600\/"},"modified":"2026-04-04T20:29:06","modified_gmt":"2026-04-04T23:29:06","slug":"caja-kraft-medium-16x15x9","status":"publish","type":"product","link":"https:\/\/www.multipaq.com.ar\/?product=caja-kraft-medium-16x15x9","title":{"rendered":"CAJA KRAFT MEDIUM 16X15X9"},"content":{"rendered":"<p data-start=\"228\" data-end=\"455\">Caja kraft tama\u00f1o medium, ideal para regalos, packaging y presentaciones de productos de tama\u00f1o intermedio. Fabricada en cart\u00f3n kraft, ofrece una est\u00e9tica natural y resistente, apta para distintos usos comerciales o personales. Mide 16x15x09<\/p>\n<p data-start=\"457\" data-end=\"535\">Tenes dudas? Click en el Whatsapp de la p\u00e1gina, y respondemos en cuanto antes.<\/p>\n","protected":false},"excerpt":{"rendered":"<p data-start=\"570\" data-end=\"649\">Caja regalo de cart\u00f3n kraft.<br data-start=\"598\" data-end=\"601\" \/>Medidas: 16 \u00d7 15 \u00d7 9 cm.<br data-start=\"625\" data-end=\"628\" \/>Presentaci\u00f3n: unidad.<\/p>\n<p data-start=\"651\" data-end=\"808\">Al recibir tu pedido, verific\u00e1 que el embalaje est\u00e9 en condiciones. Si ves el paquete muy golpeado, dej\u00e1nos una nota en el remito del correo antes de firmar.<\/p>\n","protected":false},"featured_media":7719,"template":"","meta":{"solace_meta_sidebar":"","solace_meta_container":"","solace_meta_enable_content_width":"off","solace_meta_content_width":100,"solace_meta_title_alignment":"","solace_meta_author_avatar":"","solace_post_elements_order":"","solace_meta_disable_header":"","solace_meta_disable_footer":"","solace_meta_disable_title":""},"product_brand":[],"product_cat":[71],"product_tag":[],"class_list":{"0":"post-6979","1":"product","2":"type-product","3":"status-publish","4":"has-post-thumbnail","6":"product_cat-cajas-y-estuches","8":"first","9":"instock","10":"shipping-taxable","11":"purchasable","12":"product-type-simple"},"_links":{"self":[{"href":"https:\/\/www.multipaq.com.ar\/index.php?rest_route=\/wp\/v2\/product\/6979","targetHints":{"allow":["GET"]}}],"collection":[{"href":"https:\/\/www.multipaq.com.ar\/index.php?rest_route=\/wp\/v2\/product"}],"about":[{"href":"https:\/\/www.multipaq.com.ar\/index.php?rest_route=\/wp\/v2\/types\/product"}],"version-history":[{"count":0,"href":"https:\/\/www.multipaq.com.ar\/index.php?rest_route=\/wp\/v2\/product\/6979\/revisions"}],"wp:featuredmedia":[{"embeddable":true,"href":"https:\/\/www.multipaq.com.ar\/index.php?rest_route=\/wp\/v2\/media\/7719"}],"wp:attachment":[{"href":"https:\/\/www.multipaq.com.ar\/index.php?rest_route=%2Fwp%2Fv2%2Fmedia&parent=6979"}],"wp:term":[{"taxonomy":"product_brand","embeddable":true,"href":"https:\/\/www.multipaq.com.ar\/index.php?rest_route=%2Fwp%2Fv2%2Fproduct_brand&post=6979"},{"taxonomy":"product_cat","embeddable":true,"href":"https:\/\/www.multipaq.com.ar\/index.php?rest_route=%2Fwp%2Fv2%2Fproduct_cat&post=6979"},{"taxonomy":"product_tag","embeddable":true,"href":"https:\/\/www.multipaq.com.ar\/index.php?rest_route=%2Fwp%2Fv2%2Fproduct_tag&post=6979"}],"curies":[{"name":"wp","href":"https:\/\/api.w.org\/{rel}","templated":true}]}}