{"id":6977,"date":"2025-12-20T20:39:50","date_gmt":"2025-12-20T23:39:50","guid":{"rendered":"https:\/\/www.multipaq.com.ar\/producto\/simplea1210moos-opacos-n-25-x-100-azul101moos3950\/"},"modified":"2026-04-04T20:29:07","modified_gmt":"2026-04-04T23:29:07","slug":"monos-opacos-n-25-x-100","status":"publish","type":"product","link":"https:\/\/www.multipaq.com.ar\/?product=monos-opacos-n-25-x-100","title":{"rendered":"MO\u00d1OS OPACOS N\u00b025 X100"},"content":{"rendered":"<p>Mo\u00f1os m\u00e1gicos para regalos. Mini (26 cm) Paquete por 100 unidades. Material pl\u00e1stico. F\u00e1cil de armar, almacenar y distribuir.<\/p>\n<p>Tama\u00f1o: N\u00b025 (mini \u2013 26 cm armado).<br data-start=\"1055\" data-end=\"1058\" \/>Presentaci\u00f3n: paquete x100 unidades.<\/p>\n","protected":false},"excerpt":{"rendered":"<p data-start=\"983\" data-end=\"1094\">Mo\u00f1os m\u00e1gicos opacos para regalos.<\/p>\n<p data-start=\"983\" data-end=\"1094\">Al recibir tu pedido, verific\u00e1 que el embalaje est\u00e9 en condiciones. Si ves el paquete muy golpeado, dej\u00e1nos una nota en el remito del correo antes de firmar.<\/p>\n","protected":false},"featured_media":7827,"template":"","meta":{"solace_meta_sidebar":"","solace_meta_container":"","solace_meta_enable_content_width":"off","solace_meta_content_width":100,"solace_meta_title_alignment":"","solace_meta_author_avatar":"","solace_post_elements_order":"","solace_meta_disable_header":"","solace_meta_disable_footer":"","solace_meta_disable_title":""},"product_brand":[],"product_cat":[64],"product_tag":[162,163,85,164],"class_list":{"0":"post-6977","1":"product","2":"type-product","3":"status-publish","4":"has-post-thumbnail","6":"product_cat-monos-y-cintas","7":"product_tag-monosderegalo","8":"product_tag-monosmagicos","9":"product_tag-multipaq","10":"product_tag-regalo","12":"first","13":"instock","14":"shipping-taxable","15":"purchasable","16":"product-type-simple"},"_links":{"self":[{"href":"https:\/\/www.multipaq.com.ar\/index.php?rest_route=\/wp\/v2\/product\/6977","targetHints":{"allow":["GET"]}}],"collection":[{"href":"https:\/\/www.multipaq.com.ar\/index.php?rest_route=\/wp\/v2\/product"}],"about":[{"href":"https:\/\/www.multipaq.com.ar\/index.php?rest_route=\/wp\/v2\/types\/product"}],"version-history":[{"count":1,"href":"https:\/\/www.multipaq.com.ar\/index.php?rest_route=\/wp\/v2\/product\/6977\/revisions"}],"predecessor-version":[{"id":7219,"href":"https:\/\/www.multipaq.com.ar\/index.php?rest_route=\/wp\/v2\/product\/6977\/revisions\/7219"}],"wp:featuredmedia":[{"embeddable":true,"href":"https:\/\/www.multipaq.com.ar\/index.php?rest_route=\/wp\/v2\/media\/7827"}],"wp:attachment":[{"href":"https:\/\/www.multipaq.com.ar\/index.php?rest_route=%2Fwp%2Fv2%2Fmedia&parent=6977"}],"wp:term":[{"taxonomy":"product_brand","embeddable":true,"href":"https:\/\/www.multipaq.com.ar\/index.php?rest_route=%2Fwp%2Fv2%2Fproduct_brand&post=6977"},{"taxonomy":"product_cat","embeddable":true,"href":"https:\/\/www.multipaq.com.ar\/index.php?rest_route=%2Fwp%2Fv2%2Fproduct_cat&post=6977"},{"taxonomy":"product_tag","embeddable":true,"href":"https:\/\/www.multipaq.com.ar\/index.php?rest_route=%2Fwp%2Fv2%2Fproduct_tag&post=6977"}],"curies":[{"name":"wp","href":"https:\/\/api.w.org\/{rel}","templated":true}]}}