{"id":6976,"date":"2025-12-20T20:39:50","date_gmt":"2025-12-20T23:39:50","guid":{"rendered":"https:\/\/www.multipaq.com.ar\/producto\/simplea1209lapiz-crayon-seorita-x-12-cortos101libreria1740\/"},"modified":"2026-04-04T20:29:06","modified_gmt":"2026-04-04T23:29:06","slug":"lapiz-crayon-seorita-x-12-cortos","status":"publish","type":"product","link":"https:\/\/www.multipaq.com.ar\/?product=lapiz-crayon-seorita-x-12-cortos","title":{"rendered":"L\u00c1PIZ CRAY\u00d3N SE\u00d1ORITA CORTO X12"},"content":{"rendered":"<p data-start=\"191\" data-end=\"370\">Set de l\u00e1pices cray\u00f3n Se\u00f1orita, ideales para uso escolar, dibujo y actividades recreativas. Colores intensos y trazo suave, pensados especialmente para ni\u00f1os y trabajos creativos.<\/p>\n<p data-start=\"372\" data-end=\"450\">Tenes dudas? Click en el Whatsapp de la p\u00e1gina, y respondemos en cuanto antes.<\/p>\n","protected":false},"excerpt":{"rendered":"<p data-start=\"485\" data-end=\"551\">L\u00e1pices cray\u00f3n cortos Se\u00f1orita.<br data-start=\"516\" data-end=\"519\" \/>Presentaci\u00f3n: caja x12 unidades.<\/p>\n<p data-start=\"553\" data-end=\"710\">Al recibir tu pedido, verific\u00e1 que el embalaje est\u00e9 en condiciones. Si ves el paquete muy golpeado, dej\u00e1nos una nota en el remito del correo antes de firmar.<\/p>\n","protected":false},"featured_media":7642,"template":"","meta":{"solace_meta_sidebar":"","solace_meta_container":"","solace_meta_enable_content_width":"off","solace_meta_content_width":100,"solace_meta_title_alignment":"","solace_meta_author_avatar":"","solace_post_elements_order":"","solace_meta_disable_header":"","solace_meta_disable_footer":"","solace_meta_disable_title":""},"product_brand":[],"product_cat":[67],"product_tag":[154,156,83,85,155],"class_list":{"0":"post-6976","1":"product","2":"type-product","3":"status-publish","4":"has-post-thumbnail","6":"product_cat-libreria","7":"product_tag-crayones","8":"product_tag-crayonesdecolor","9":"product_tag-libreria","10":"product_tag-multipaq","11":"product_tag-senorita","13":"first","14":"instock","15":"shipping-taxable","16":"purchasable","17":"product-type-simple"},"_links":{"self":[{"href":"https:\/\/www.multipaq.com.ar\/index.php?rest_route=\/wp\/v2\/product\/6976","targetHints":{"allow":["GET"]}}],"collection":[{"href":"https:\/\/www.multipaq.com.ar\/index.php?rest_route=\/wp\/v2\/product"}],"about":[{"href":"https:\/\/www.multipaq.com.ar\/index.php?rest_route=\/wp\/v2\/types\/product"}],"version-history":[{"count":0,"href":"https:\/\/www.multipaq.com.ar\/index.php?rest_route=\/wp\/v2\/product\/6976\/revisions"}],"wp:featuredmedia":[{"embeddable":true,"href":"https:\/\/www.multipaq.com.ar\/index.php?rest_route=\/wp\/v2\/media\/7642"}],"wp:attachment":[{"href":"https:\/\/www.multipaq.com.ar\/index.php?rest_route=%2Fwp%2Fv2%2Fmedia&parent=6976"}],"wp:term":[{"taxonomy":"product_brand","embeddable":true,"href":"https:\/\/www.multipaq.com.ar\/index.php?rest_route=%2Fwp%2Fv2%2Fproduct_brand&post=6976"},{"taxonomy":"product_cat","embeddable":true,"href":"https:\/\/www.multipaq.com.ar\/index.php?rest_route=%2Fwp%2Fv2%2Fproduct_cat&post=6976"},{"taxonomy":"product_tag","embeddable":true,"href":"https:\/\/www.multipaq.com.ar\/index.php?rest_route=%2Fwp%2Fv2%2Fproduct_tag&post=6976"}],"curies":[{"name":"wp","href":"https:\/\/api.w.org\/{rel}","templated":true}]}}