{"id":6973,"date":"2025-12-20T20:39:49","date_gmt":"2025-12-20T23:39:49","guid":{"rendered":"https:\/\/www.multipaq.com.ar\/producto\/simplea1206goma-de-borrar-dos-banderas-art-3060101libreria308\/"},"modified":"2026-04-04T20:28:14","modified_gmt":"2026-04-04T23:28:14","slug":"goma-de-borrar-dos-banderas","status":"publish","type":"product","link":"https:\/\/www.multipaq.com.ar\/?product=goma-de-borrar-dos-banderas","title":{"rendered":"GOMA DE BORRAR DOS BANDERAS ART 3060"},"content":{"rendered":"<p data-start=\"192\" data-end=\"381\">Goma de borrar Dos Banderas, ideal para uso escolar y de oficina. Permite borrar l\u00e1piz de grafito de forma efectiva sin da\u00f1ar el papel. Dise\u00f1o cl\u00e1sico, resistente y de f\u00e1cil agarre.<\/p>\n<p data-start=\"383\" data-end=\"461\">Tenes dudas? Click en el Whatsapp de la p\u00e1gina, y respondemos en cuanto antes.<\/p>\n","protected":false},"excerpt":{"rendered":"<p data-start=\"496\" data-end=\"577\">Goma de borrar escolar Dos Banderas.<\/p>\n<p data-start=\"496\" data-end=\"577\">Al recibir tu pedido, verific\u00e1 que el embalaje est\u00e9 en condiciones. Si ves el paquete muy golpeado, dej\u00e1nos una nota en el remito del correo antes de firmar.<\/p>\n","protected":false},"featured_media":7644,"template":"","meta":{"solace_meta_sidebar":"","solace_meta_container":"","solace_meta_enable_content_width":"off","solace_meta_content_width":100,"solace_meta_title_alignment":"","solace_meta_author_avatar":"","solace_post_elements_order":"","solace_meta_disable_header":"","solace_meta_disable_footer":"","solace_meta_disable_title":""},"product_brand":[],"product_cat":[67],"product_tag":[161,160,83,85],"class_list":{"0":"post-6973","1":"product","2":"type-product","3":"status-publish","4":"has-post-thumbnail","6":"product_cat-libreria","7":"product_tag-dosbanderas","8":"product_tag-gomadeborrar","9":"product_tag-libreria","10":"product_tag-multipaq","12":"first","13":"instock","14":"shipping-taxable","15":"purchasable","16":"product-type-simple"},"_links":{"self":[{"href":"https:\/\/www.multipaq.com.ar\/index.php?rest_route=\/wp\/v2\/product\/6973","targetHints":{"allow":["GET"]}}],"collection":[{"href":"https:\/\/www.multipaq.com.ar\/index.php?rest_route=\/wp\/v2\/product"}],"about":[{"href":"https:\/\/www.multipaq.com.ar\/index.php?rest_route=\/wp\/v2\/types\/product"}],"version-history":[{"count":0,"href":"https:\/\/www.multipaq.com.ar\/index.php?rest_route=\/wp\/v2\/product\/6973\/revisions"}],"wp:featuredmedia":[{"embeddable":true,"href":"https:\/\/www.multipaq.com.ar\/index.php?rest_route=\/wp\/v2\/media\/7644"}],"wp:attachment":[{"href":"https:\/\/www.multipaq.com.ar\/index.php?rest_route=%2Fwp%2Fv2%2Fmedia&parent=6973"}],"wp:term":[{"taxonomy":"product_brand","embeddable":true,"href":"https:\/\/www.multipaq.com.ar\/index.php?rest_route=%2Fwp%2Fv2%2Fproduct_brand&post=6973"},{"taxonomy":"product_cat","embeddable":true,"href":"https:\/\/www.multipaq.com.ar\/index.php?rest_route=%2Fwp%2Fv2%2Fproduct_cat&post=6973"},{"taxonomy":"product_tag","embeddable":true,"href":"https:\/\/www.multipaq.com.ar\/index.php?rest_route=%2Fwp%2Fv2%2Fproduct_tag&post=6973"}],"curies":[{"name":"wp","href":"https:\/\/api.w.org\/{rel}","templated":true}]}}