{"id":6971,"date":"2025-12-20T20:39:48","date_gmt":"2025-12-20T23:39:48","guid":{"rendered":"https:\/\/www.multipaq.com.ar\/producto\/simplea1201sobre-n5-20x28-estrella-rojo-s-adh-x-100-gpack101sobres-de-regalo22498\/"},"modified":"2026-04-04T20:28:14","modified_gmt":"2026-04-04T23:28:14","slug":"sobre-n5-20x28-estrella-rojo-s-adh-x-100-gpack","status":"publish","type":"product","link":"https:\/\/www.multipaq.com.ar\/?product=sobre-n5-20x28-estrella-rojo-s-adh-x-100-gpack","title":{"rendered":"SOBRE N\u00b05 ESTRELLA ROJO SIN ADHESIVO X100"},"content":{"rendered":"<p data-start=\"993\" data-end=\"1234\">Sobres 20\u00d728 CM para regalo color rojo con dise\u00f1o de estrellas, ideales para packaging, presentaciones y armado de regalos. Fabricados en papel, ofrecen una presentaci\u00f3n atractiva y vers\u00e1til para distintos usos comerciales o personales.<\/p>\n<p data-start=\"1236\" data-end=\"1314\">Tenes dudas? Click en el Whatsapp de la p\u00e1gina, y respondemos en cuanto antes.<\/p>\n","protected":false},"excerpt":{"rendered":"<p data-start=\"1349\" data-end=\"1473\">Sobres para regalo con dise\u00f1o de estrellas.<\/p>\n<p data-start=\"1349\" data-end=\"1473\">Al recibir tu pedido, verific\u00e1 que el embalaje est\u00e9 en condiciones. Si ves el paquete muy golpeado, dej\u00e1nos una nota en el remito del correo antes de firmar.<\/p>\n","protected":false},"featured_media":7723,"template":"","meta":{"solace_meta_sidebar":"","solace_meta_container":"","solace_meta_enable_content_width":"off","solace_meta_content_width":100,"solace_meta_title_alignment":"","solace_meta_author_avatar":"","solace_post_elements_order":"","solace_meta_disable_header":"","solace_meta_disable_footer":"","solace_meta_disable_title":""},"product_brand":[],"product_cat":[72],"product_tag":[166,85,164,106],"class_list":{"0":"post-6971","1":"product","2":"type-product","3":"status-publish","4":"has-post-thumbnail","6":"product_cat-sobres-para-regalos","7":"product_tag-estrellas","8":"product_tag-multipaq","9":"product_tag-regalo","10":"product_tag-sobresderegalo","12":"first","13":"instock","14":"shipping-taxable","15":"purchasable","16":"product-type-simple"},"_links":{"self":[{"href":"https:\/\/www.multipaq.com.ar\/index.php?rest_route=\/wp\/v2\/product\/6971","targetHints":{"allow":["GET"]}}],"collection":[{"href":"https:\/\/www.multipaq.com.ar\/index.php?rest_route=\/wp\/v2\/product"}],"about":[{"href":"https:\/\/www.multipaq.com.ar\/index.php?rest_route=\/wp\/v2\/types\/product"}],"version-history":[{"count":1,"href":"https:\/\/www.multipaq.com.ar\/index.php?rest_route=\/wp\/v2\/product\/6971\/revisions"}],"predecessor-version":[{"id":7722,"href":"https:\/\/www.multipaq.com.ar\/index.php?rest_route=\/wp\/v2\/product\/6971\/revisions\/7722"}],"wp:featuredmedia":[{"embeddable":true,"href":"https:\/\/www.multipaq.com.ar\/index.php?rest_route=\/wp\/v2\/media\/7723"}],"wp:attachment":[{"href":"https:\/\/www.multipaq.com.ar\/index.php?rest_route=%2Fwp%2Fv2%2Fmedia&parent=6971"}],"wp:term":[{"taxonomy":"product_brand","embeddable":true,"href":"https:\/\/www.multipaq.com.ar\/index.php?rest_route=%2Fwp%2Fv2%2Fproduct_brand&post=6971"},{"taxonomy":"product_cat","embeddable":true,"href":"https:\/\/www.multipaq.com.ar\/index.php?rest_route=%2Fwp%2Fv2%2Fproduct_cat&post=6971"},{"taxonomy":"product_tag","embeddable":true,"href":"https:\/\/www.multipaq.com.ar\/index.php?rest_route=%2Fwp%2Fv2%2Fproduct_tag&post=6971"}],"curies":[{"name":"wp","href":"https:\/\/api.w.org\/{rel}","templated":true}]}}