{"id":6970,"date":"2025-12-20T20:39:48","date_gmt":"2025-12-20T23:39:48","guid":{"rendered":"https:\/\/www.multipaq.com.ar\/producto\/simplea1200sobre-n5-20x28-estrella-negro-s-adh-x-100-gpack101sobres-de-regalo22498\/"},"modified":"2026-04-04T20:28:13","modified_gmt":"2026-04-04T23:28:13","slug":"sobre-n5-20x28-estrella-negro-s-adh-x-100-gpack","status":"publish","type":"product","link":"https:\/\/www.multipaq.com.ar\/?product=sobre-n5-20x28-estrella-negro-s-adh-x-100-gpack","title":{"rendered":"SOBRE N\u00b05 ESTRELLA NEGRO SIN ADHESIVO X100"},"content":{"rendered":"<p data-start=\"902\" data-end=\"1143\">Sobres de 20&#215;28 cm para regalo con dise\u00f1o de estrellitas en color negro, ideales para packaging, presentaciones y armado de regalos. Brindan una presentaci\u00f3n elegante y vers\u00e1til para distintos usos empresariales o personales.<\/p>\n<p data-start=\"1145\" data-end=\"1223\">Tenes dudas? Click en el Whatsapp de la p\u00e1gina, y respondemos en cuanto antes.<\/p>\n","protected":false},"excerpt":{"rendered":"<p data-start=\"1258\" data-end=\"1382\">Sobres para regalo con dise\u00f1o de estrellas.<br data-start=\"1301\" data-end=\"1304\" \/>Medidas: 20 \u00d7 28 cm (N\u00b05).<br data-start=\"1330\" data-end=\"1333\" \/>Presentaci\u00f3n: pack x100 unidades.<br data-start=\"1366\" data-end=\"1369\" \/>Sin adhesivo.<\/p>\n<p data-start=\"1384\" data-end=\"1541\">Al recibir tu pedido, verific\u00e1 que el embalaje est\u00e9 en condiciones. Si ves el paquete muy golpeado, dej\u00e1nos una nota en el remito del correo antes de firmar.<\/p>\n","protected":false},"featured_media":7724,"template":"","meta":{"solace_meta_sidebar":"","solace_meta_container":"","solace_meta_enable_content_width":"off","solace_meta_content_width":100,"solace_meta_title_alignment":"","solace_meta_author_avatar":"","solace_post_elements_order":"","solace_meta_disable_header":"","solace_meta_disable_footer":"","solace_meta_disable_title":""},"product_brand":[],"product_cat":[72],"product_tag":[85,168,106,105],"class_list":{"0":"post-6970","1":"product","2":"type-product","3":"status-publish","4":"has-post-thumbnail","6":"product_cat-sobres-para-regalos","7":"product_tag-multipaq","8":"product_tag-negro","9":"product_tag-sobresderegalo","10":"product_tag-sobrespararegalos","12":"first","13":"instock","14":"shipping-taxable","15":"purchasable","16":"product-type-simple"},"_links":{"self":[{"href":"https:\/\/www.multipaq.com.ar\/index.php?rest_route=\/wp\/v2\/product\/6970","targetHints":{"allow":["GET"]}}],"collection":[{"href":"https:\/\/www.multipaq.com.ar\/index.php?rest_route=\/wp\/v2\/product"}],"about":[{"href":"https:\/\/www.multipaq.com.ar\/index.php?rest_route=\/wp\/v2\/types\/product"}],"version-history":[{"count":1,"href":"https:\/\/www.multipaq.com.ar\/index.php?rest_route=\/wp\/v2\/product\/6970\/revisions"}],"predecessor-version":[{"id":7725,"href":"https:\/\/www.multipaq.com.ar\/index.php?rest_route=\/wp\/v2\/product\/6970\/revisions\/7725"}],"wp:featuredmedia":[{"embeddable":true,"href":"https:\/\/www.multipaq.com.ar\/index.php?rest_route=\/wp\/v2\/media\/7724"}],"wp:attachment":[{"href":"https:\/\/www.multipaq.com.ar\/index.php?rest_route=%2Fwp%2Fv2%2Fmedia&parent=6970"}],"wp:term":[{"taxonomy":"product_brand","embeddable":true,"href":"https:\/\/www.multipaq.com.ar\/index.php?rest_route=%2Fwp%2Fv2%2Fproduct_brand&post=6970"},{"taxonomy":"product_cat","embeddable":true,"href":"https:\/\/www.multipaq.com.ar\/index.php?rest_route=%2Fwp%2Fv2%2Fproduct_cat&post=6970"},{"taxonomy":"product_tag","embeddable":true,"href":"https:\/\/www.multipaq.com.ar\/index.php?rest_route=%2Fwp%2Fv2%2Fproduct_tag&post=6970"}],"curies":[{"name":"wp","href":"https:\/\/api.w.org\/{rel}","templated":true}]}}