{"id":6969,"date":"2025-12-20T20:39:47","date_gmt":"2025-12-20T23:39:47","guid":{"rendered":"https:\/\/www.multipaq.com.ar\/producto\/simplea1199sobre-n5-20x28-rayado-negro-amarillo-s-adh-x-100-gpack101sobres-de-regalo22498\/"},"modified":"2026-04-04T20:28:14","modified_gmt":"2026-04-04T23:28:14","slug":"sobre-n5-20x28-rayado-negro-amarillo-s-adh-x-100","status":"publish","type":"product","link":"https:\/\/www.multipaq.com.ar\/?product=sobre-n5-20x28-rayado-negro-amarillo-s-adh-x-100","title":{"rendered":"SOBRE N\u00b05 RAYADO NEGRO Y AMARILLO SIN ADHESIVO X100"},"content":{"rendered":"<p data-start=\"902\" data-end=\"1127\">Sobres para regalo de 20\u00d728 CM con dise\u00f1o rayado en negro y amarillo, ideales para packaging y presentaciones llamativas. Su formato pr\u00e1ctico y resistente los convierte en una opci\u00f3n vers\u00e1til para distintos usos comerciales o personales.<\/p>\n<p data-start=\"1129\" data-end=\"1207\">Tenes dudas? Click en el Whatsapp de la p\u00e1gina, y respondemos en cuanto antes.<\/p>\n","protected":false},"excerpt":{"rendered":"<p data-start=\"1242\" data-end=\"1367\">Sobres para regalo rayados negro y amarillo.<br data-start=\"1286\" data-end=\"1289\" \/>Medidas: 20 \u00d7 28 cm (N\u00b05).<br data-start=\"1315\" data-end=\"1318\" \/>Presentaci\u00f3n: pack x100 unidades.<\/p>\n<p data-start=\"1369\" data-end=\"1526\">Al recibir tu pedido, verific\u00e1 que el embalaje est\u00e9 en condiciones. Si ves el paquete muy golpeado, dej\u00e1nos una nota en el remito del correo antes de firmar.<\/p>\n","protected":false},"featured_media":7782,"template":"","meta":{"solace_meta_sidebar":"","solace_meta_container":"","solace_meta_enable_content_width":"off","solace_meta_content_width":100,"solace_meta_title_alignment":"","solace_meta_author_avatar":"","solace_post_elements_order":"","solace_meta_disable_header":"","solace_meta_disable_footer":"","solace_meta_disable_title":""},"product_brand":[],"product_cat":[72],"product_tag":[83,85,134,106,171],"class_list":{"0":"post-6969","1":"product","2":"type-product","3":"status-publish","4":"has-post-thumbnail","6":"product_cat-sobres-para-regalos","7":"product_tag-libreria","8":"product_tag-multipaq","9":"product_tag-sobreparasouvenir","10":"product_tag-sobresderegalo","11":"product_tag-sobresrayados","13":"first","14":"instock","15":"shipping-taxable","16":"purchasable","17":"product-type-simple"},"_links":{"self":[{"href":"https:\/\/www.multipaq.com.ar\/index.php?rest_route=\/wp\/v2\/product\/6969","targetHints":{"allow":["GET"]}}],"collection":[{"href":"https:\/\/www.multipaq.com.ar\/index.php?rest_route=\/wp\/v2\/product"}],"about":[{"href":"https:\/\/www.multipaq.com.ar\/index.php?rest_route=\/wp\/v2\/types\/product"}],"version-history":[{"count":0,"href":"https:\/\/www.multipaq.com.ar\/index.php?rest_route=\/wp\/v2\/product\/6969\/revisions"}],"wp:featuredmedia":[{"embeddable":true,"href":"https:\/\/www.multipaq.com.ar\/index.php?rest_route=\/wp\/v2\/media\/7782"}],"wp:attachment":[{"href":"https:\/\/www.multipaq.com.ar\/index.php?rest_route=%2Fwp%2Fv2%2Fmedia&parent=6969"}],"wp:term":[{"taxonomy":"product_brand","embeddable":true,"href":"https:\/\/www.multipaq.com.ar\/index.php?rest_route=%2Fwp%2Fv2%2Fproduct_brand&post=6969"},{"taxonomy":"product_cat","embeddable":true,"href":"https:\/\/www.multipaq.com.ar\/index.php?rest_route=%2Fwp%2Fv2%2Fproduct_cat&post=6969"},{"taxonomy":"product_tag","embeddable":true,"href":"https:\/\/www.multipaq.com.ar\/index.php?rest_route=%2Fwp%2Fv2%2Fproduct_tag&post=6969"}],"curies":[{"name":"wp","href":"https:\/\/api.w.org\/{rel}","templated":true}]}}