{"id":6968,"date":"2025-12-20T20:39:47","date_gmt":"2025-12-20T23:39:47","guid":{"rendered":"https:\/\/www.multipaq.com.ar\/producto\/simplea1197bobina-fant-gpaks-0\/"},"modified":"2026-04-04T20:28:13","modified_gmt":"2026-04-04T23:28:13","slug":"cintas-en-bobina","status":"publish","type":"product","link":"https:\/\/www.multipaq.com.ar\/?product=cintas-en-bobina","title":{"rendered":"CINTAS EN BOBINA. COLORES SURTIDOS"},"content":{"rendered":"<p data-start=\"806\" data-end=\"1001\">Bobina de cinta fantas\u00eda ideal para decoraci\u00f3n, packaging y armado de regalos. Aporta color y brillo a presentaciones comerciales o personales, siendo un complemento vers\u00e1til para distintos usos.<\/p>\n<p data-start=\"1003\" data-end=\"1081\">Tenes dudas? Click en el Whatsapp de la p\u00e1gina, y respondemos en cuanto antes.<\/p>\n","protected":false},"excerpt":{"rendered":"<p data-start=\"1116\" data-end=\"1185\">Bobina de cinta fantas\u00eda.<br data-start=\"1141\" data-end=\"1144\" \/>Colores surtidos.<\/p>\n<p data-start=\"1187\" data-end=\"1344\">Al recibir tu pedido, verific\u00e1 que el embalaje est\u00e9 en condiciones. Si ves el paquete muy golpeado, dej\u00e1nos una nota en el remito del correo antes de firmar.<\/p>\n","protected":false},"featured_media":7675,"template":"","meta":{"solace_meta_sidebar":"","solace_meta_container":"","solace_meta_enable_content_width":"off","solace_meta_content_width":100,"solace_meta_title_alignment":"","solace_meta_author_avatar":"","solace_post_elements_order":"","solace_meta_disable_header":"","solace_meta_disable_footer":"","solace_meta_disable_title":""},"product_brand":[],"product_cat":[66],"product_tag":[169,170,85],"class_list":{"0":"post-6968","1":"product","2":"type-product","3":"status-publish","4":"has-post-thumbnail","6":"product_cat-cintas","7":"product_tag-bobinadecintas","8":"product_tag-coloresfantasia","9":"product_tag-multipaq","11":"first","12":"instock","13":"shipping-taxable","14":"purchasable","15":"product-type-simple"},"_links":{"self":[{"href":"https:\/\/www.multipaq.com.ar\/index.php?rest_route=\/wp\/v2\/product\/6968","targetHints":{"allow":["GET"]}}],"collection":[{"href":"https:\/\/www.multipaq.com.ar\/index.php?rest_route=\/wp\/v2\/product"}],"about":[{"href":"https:\/\/www.multipaq.com.ar\/index.php?rest_route=\/wp\/v2\/types\/product"}],"version-history":[{"count":1,"href":"https:\/\/www.multipaq.com.ar\/index.php?rest_route=\/wp\/v2\/product\/6968\/revisions"}],"predecessor-version":[{"id":7810,"href":"https:\/\/www.multipaq.com.ar\/index.php?rest_route=\/wp\/v2\/product\/6968\/revisions\/7810"}],"wp:featuredmedia":[{"embeddable":true,"href":"https:\/\/www.multipaq.com.ar\/index.php?rest_route=\/wp\/v2\/media\/7675"}],"wp:attachment":[{"href":"https:\/\/www.multipaq.com.ar\/index.php?rest_route=%2Fwp%2Fv2%2Fmedia&parent=6968"}],"wp:term":[{"taxonomy":"product_brand","embeddable":true,"href":"https:\/\/www.multipaq.com.ar\/index.php?rest_route=%2Fwp%2Fv2%2Fproduct_brand&post=6968"},{"taxonomy":"product_cat","embeddable":true,"href":"https:\/\/www.multipaq.com.ar\/index.php?rest_route=%2Fwp%2Fv2%2Fproduct_cat&post=6968"},{"taxonomy":"product_tag","embeddable":true,"href":"https:\/\/www.multipaq.com.ar\/index.php?rest_route=%2Fwp%2Fv2%2Fproduct_tag&post=6968"}],"curies":[{"name":"wp","href":"https:\/\/api.w.org\/{rel}","templated":true}]}}