{"id":6962,"date":"2025-12-20T20:39:44","date_gmt":"2025-12-20T23:39:44","guid":{"rendered":"https:\/\/www.multipaq.com.ar\/producto\/simplea1170caja-aqua-small-12x12x6101cajas-regalo2614\/"},"modified":"2026-04-04T20:28:13","modified_gmt":"2026-04-04T23:28:13","slug":"caja-aqua-small-12x12x6","status":"publish","type":"product","link":"https:\/\/www.multipaq.com.ar\/?product=caja-aqua-small-12x12x6","title":{"rendered":"CAJA AQUA CHICA 12X12X6"},"content":{"rendered":"<p data-start=\"304\" data-end=\"515\">Caja regalo color aqua tama\u00f1o peque\u00f1o, ideal para presentar obsequios peque\u00f1os, souvenirs o productos delicados. Su formato compacto permite una presentaci\u00f3n prolija y atractiva para usos comerciales o personales.<\/p>\n<p data-start=\"517\" data-end=\"595\">Tenes dudas? Click en el WhatsApp de la p\u00e1gina, y respondemos cuanto antes.<\/p>\n","protected":false},"excerpt":{"rendered":"<p data-start=\"628\" data-end=\"695\">Caja regalo color aqua.<br data-start=\"651\" data-end=\"654\" \/>Tama\u00f1o: Small.<br data-start=\"668\" data-end=\"671\" \/>Medidas: 12 \u00d7 12 \u00d7 6 cm.<\/p>\n<p data-start=\"697\" data-end=\"854\">Al recibir tu pedido, verific\u00e1 que el embalaje est\u00e9 en condiciones. Si ves el paquete muy golpeado, dejanos una nota en el remito del correo antes de firmar.<\/p>\n","protected":false},"featured_media":7818,"template":"","meta":{"solace_meta_sidebar":"","solace_meta_container":"","solace_meta_enable_content_width":"off","solace_meta_content_width":100,"solace_meta_title_alignment":"","solace_meta_author_avatar":"","solace_post_elements_order":"","solace_meta_disable_header":"","solace_meta_disable_footer":"","solace_meta_disable_title":""},"product_brand":[],"product_cat":[71],"product_tag":[179,121,173,178,85,176,177],"class_list":{"0":"post-6962","1":"product","2":"type-product","3":"status-publish","4":"has-post-thumbnail","6":"product_cat-cajas-y-estuches","7":"product_tag-cajaaqua","8":"product_tag-cajachica","9":"product_tag-cajaregalo","10":"product_tag-cajasmall","11":"product_tag-multipaq","12":"product_tag-packaging","13":"product_tag-regalos","15":"first","16":"instock","17":"shipping-taxable","18":"purchasable","19":"product-type-simple"},"_links":{"self":[{"href":"https:\/\/www.multipaq.com.ar\/index.php?rest_route=\/wp\/v2\/product\/6962","targetHints":{"allow":["GET"]}}],"collection":[{"href":"https:\/\/www.multipaq.com.ar\/index.php?rest_route=\/wp\/v2\/product"}],"about":[{"href":"https:\/\/www.multipaq.com.ar\/index.php?rest_route=\/wp\/v2\/types\/product"}],"version-history":[{"count":1,"href":"https:\/\/www.multipaq.com.ar\/index.php?rest_route=\/wp\/v2\/product\/6962\/revisions"}],"predecessor-version":[{"id":7819,"href":"https:\/\/www.multipaq.com.ar\/index.php?rest_route=\/wp\/v2\/product\/6962\/revisions\/7819"}],"wp:featuredmedia":[{"embeddable":true,"href":"https:\/\/www.multipaq.com.ar\/index.php?rest_route=\/wp\/v2\/media\/7818"}],"wp:attachment":[{"href":"https:\/\/www.multipaq.com.ar\/index.php?rest_route=%2Fwp%2Fv2%2Fmedia&parent=6962"}],"wp:term":[{"taxonomy":"product_brand","embeddable":true,"href":"https:\/\/www.multipaq.com.ar\/index.php?rest_route=%2Fwp%2Fv2%2Fproduct_brand&post=6962"},{"taxonomy":"product_cat","embeddable":true,"href":"https:\/\/www.multipaq.com.ar\/index.php?rest_route=%2Fwp%2Fv2%2Fproduct_cat&post=6962"},{"taxonomy":"product_tag","embeddable":true,"href":"https:\/\/www.multipaq.com.ar\/index.php?rest_route=%2Fwp%2Fv2%2Fproduct_tag&post=6962"}],"curies":[{"name":"wp","href":"https:\/\/api.w.org\/{rel}","templated":true}]}}