{"id":6953,"date":"2025-12-20T20:39:40","date_gmt":"2025-12-20T23:39:40","guid":{"rendered":"https:\/\/www.multipaq.com.ar\/producto\/simplea1147savage-32-x-30101bolsa-fantasia1076\/"},"modified":"2026-04-08T09:05:31","modified_gmt":"2026-04-08T12:05:31","slug":"savage-32-x-30","status":"publish","type":"product","link":"https:\/\/www.multipaq.com.ar\/?product=savage-32-x-30","title":{"rendered":"BOLSA FANTASIA SAVAGE 32X30"},"content":{"rendered":"<p data-start=\"64\" data-end=\"349\">Bolsa fantas\u00eda modelo Savage, ideal para presentar regalos, souvenirs y productos con una terminaci\u00f3n llamativa y moderna. Su dise\u00f1o combina hojas tropicales con detalles animal print, aportando una est\u00e9tica original y atractiva para packaging de obsequios y presentaciones especiales. Es una opci\u00f3n perfecta para locales, emprendimientos y eventos que buscan una presentaci\u00f3n diferente y con personalidad.<\/p>\n<p data-start=\"473\" data-end=\"552\">\u00bfTen\u00e9s dudas? Click en el Whatsapp de la p\u00e1gina, y respondemos en cuanto antes.<\/p>\n<p data-start=\"473\" data-end=\"552\">\n","protected":false},"excerpt":{"rendered":"<p data-start=\"585\" data-end=\"714\">Bolsa fantas\u00eda modelo Savage.<br \/>\nMedida 32&#215;30 cm.<br data-start=\"669\" data-end=\"672\" \/>Ideal para regalos, souvenirs y packaging.<\/p>\n<p data-start=\"716\" data-end=\"873\">Al recibir tu pedido, verific\u00e1 que el embalaje est\u00e9 en condiciones. Si ves el paquete muy golpeado, dejanos una nota en el remito del correo antes de firmar.<\/p>\n","protected":false},"featured_media":7999,"template":"","meta":{"solace_meta_sidebar":"","solace_meta_container":"","solace_meta_enable_content_width":"off","solace_meta_content_width":100,"solace_meta_title_alignment":"","solace_meta_author_avatar":"","solace_post_elements_order":"","solace_meta_disable_header":"","solace_meta_disable_footer":"","solace_meta_disable_title":""},"product_brand":[],"product_cat":[65,80],"product_tag":[111,244,112,85,176,300],"class_list":{"0":"post-6953","1":"product","2":"type-product","3":"status-publish","4":"has-post-thumbnail","6":"product_cat-bolsas-regalo","7":"product_cat-fantasias","8":"product_tag-bolsaderegalo","9":"product_tag-bolsafantasia","10":"product_tag-bolsapararegalo","11":"product_tag-multipaq","12":"product_tag-packaging","13":"product_tag-savage","15":"first","16":"instock","17":"shipping-taxable","18":"purchasable","19":"product-type-simple"},"_links":{"self":[{"href":"https:\/\/www.multipaq.com.ar\/index.php?rest_route=\/wp\/v2\/product\/6953","targetHints":{"allow":["GET"]}}],"collection":[{"href":"https:\/\/www.multipaq.com.ar\/index.php?rest_route=\/wp\/v2\/product"}],"about":[{"href":"https:\/\/www.multipaq.com.ar\/index.php?rest_route=\/wp\/v2\/types\/product"}],"version-history":[{"count":0,"href":"https:\/\/www.multipaq.com.ar\/index.php?rest_route=\/wp\/v2\/product\/6953\/revisions"}],"wp:featuredmedia":[{"embeddable":true,"href":"https:\/\/www.multipaq.com.ar\/index.php?rest_route=\/wp\/v2\/media\/7999"}],"wp:attachment":[{"href":"https:\/\/www.multipaq.com.ar\/index.php?rest_route=%2Fwp%2Fv2%2Fmedia&parent=6953"}],"wp:term":[{"taxonomy":"product_brand","embeddable":true,"href":"https:\/\/www.multipaq.com.ar\/index.php?rest_route=%2Fwp%2Fv2%2Fproduct_brand&post=6953"},{"taxonomy":"product_cat","embeddable":true,"href":"https:\/\/www.multipaq.com.ar\/index.php?rest_route=%2Fwp%2Fv2%2Fproduct_cat&post=6953"},{"taxonomy":"product_tag","embeddable":true,"href":"https:\/\/www.multipaq.com.ar\/index.php?rest_route=%2Fwp%2Fv2%2Fproduct_tag&post=6953"}],"curies":[{"name":"wp","href":"https:\/\/api.w.org\/{rel}","templated":true}]}}