{"id":6934,"date":"2025-12-20T20:39:34","date_gmt":"2025-12-20T23:39:34","guid":{"rendered":"https:\/\/www.multipaq.com.ar\/producto\/simplea1077flores-acuarelas-32x10x30101bolsa-fantasia1800\/"},"modified":"2026-04-08T08:57:24","modified_gmt":"2026-04-08T11:57:24","slug":"flores-acuarelas-32x10x30","status":"publish","type":"product","link":"https:\/\/www.multipaq.com.ar\/?product=flores-acuarelas-32x10x30","title":{"rendered":"BOLSA FANTASIA FLORES ACUARELAS 32X10X30"},"content":{"rendered":"<p data-start=\"77\" data-end=\"348\">Bolsa fantas\u00eda modelo Flores Acuarelas, ideal para presentar regalos, souvenirs y productos con una terminaci\u00f3n decorativa y delicada. Su dise\u00f1o floral estilo acuarela aporta un detalle elegante y moderno, perfecto para packaging de obsequios y presentaciones especiales. Su tama\u00f1o la convierte en una opci\u00f3n pr\u00e1ctica para distintos tipos de productos y usos comerciales.<\/p>\n<p data-start=\"451\" data-end=\"530\">\u00bfTen\u00e9s dudas? Click en el Whatsapp de la p\u00e1gina, y respondemos en cuanto antes.<\/p>\n","protected":false},"excerpt":{"rendered":"<p data-start=\"563\" data-end=\"669\">Bolsa fantas\u00eda modelo Flores Acuarelas.<br data-start=\"602\" data-end=\"605\" \/>Medida 32x10x30 cm.<br data-start=\"624\" data-end=\"627\" \/>Ideal para regalos, souvenirs y packaging.<\/p>\n<p data-start=\"671\" data-end=\"828\">Al recibir tu pedido, verific\u00e1 que el embalaje est\u00e9 en condiciones. Si ves el paquete muy golpeado, dejanos una nota en el remito del correo antes de firmar.<\/p>\n","protected":false},"featured_media":7998,"template":"","meta":{"solace_meta_sidebar":"","solace_meta_container":"","solace_meta_enable_content_width":"off","solace_meta_content_width":100,"solace_meta_title_alignment":"","solace_meta_author_avatar":"","solace_post_elements_order":"","solace_meta_disable_header":"","solace_meta_disable_footer":"","solace_meta_disable_title":""},"product_brand":[],"product_cat":[65,80],"product_tag":[111,244,112,296,85,176],"class_list":{"0":"post-6934","1":"product","2":"type-product","3":"status-publish","4":"has-post-thumbnail","6":"product_cat-bolsas-regalo","7":"product_cat-fantasias","8":"product_tag-bolsaderegalo","9":"product_tag-bolsafantasia","10":"product_tag-bolsapararegalo","11":"product_tag-floresacuarelas","12":"product_tag-multipaq","13":"product_tag-packaging","15":"first","16":"instock","17":"shipping-taxable","18":"purchasable","19":"product-type-simple"},"_links":{"self":[{"href":"https:\/\/www.multipaq.com.ar\/index.php?rest_route=\/wp\/v2\/product\/6934","targetHints":{"allow":["GET"]}}],"collection":[{"href":"https:\/\/www.multipaq.com.ar\/index.php?rest_route=\/wp\/v2\/product"}],"about":[{"href":"https:\/\/www.multipaq.com.ar\/index.php?rest_route=\/wp\/v2\/types\/product"}],"version-history":[{"count":0,"href":"https:\/\/www.multipaq.com.ar\/index.php?rest_route=\/wp\/v2\/product\/6934\/revisions"}],"wp:featuredmedia":[{"embeddable":true,"href":"https:\/\/www.multipaq.com.ar\/index.php?rest_route=\/wp\/v2\/media\/7998"}],"wp:attachment":[{"href":"https:\/\/www.multipaq.com.ar\/index.php?rest_route=%2Fwp%2Fv2%2Fmedia&parent=6934"}],"wp:term":[{"taxonomy":"product_brand","embeddable":true,"href":"https:\/\/www.multipaq.com.ar\/index.php?rest_route=%2Fwp%2Fv2%2Fproduct_brand&post=6934"},{"taxonomy":"product_cat","embeddable":true,"href":"https:\/\/www.multipaq.com.ar\/index.php?rest_route=%2Fwp%2Fv2%2Fproduct_cat&post=6934"},{"taxonomy":"product_tag","embeddable":true,"href":"https:\/\/www.multipaq.com.ar\/index.php?rest_route=%2Fwp%2Fv2%2Fproduct_tag&post=6934"}],"curies":[{"name":"wp","href":"https:\/\/api.w.org\/{rel}","templated":true}]}}