{"id":6927,"date":"2025-12-20T20:39:30","date_gmt":"2025-12-20T23:39:30","guid":{"rendered":"https:\/\/www.multipaq.com.ar\/producto\/simplea1063moos-cuadrille-verde-n-40-x50101moos6158\/"},"modified":"2026-04-04T20:28:09","modified_gmt":"2026-04-04T23:28:09","slug":"monos-cuadrille-verde-n-40-x50","status":"publish","type":"product","link":"https:\/\/www.multipaq.com.ar\/?product=monos-cuadrille-verde-n-40-x50","title":{"rendered":"MO\u00d1OS CUADRILLE VERDE X50 UNIDADES"},"content":{"rendered":"<p>Si buscas un mo\u00f1o distinto <span class=\"x19la9d6 x1fc57z9 x6ikm8r x10wlt62 x19co3pv x11tp94h xfibh0p xiy17q3 x1xsqp64 x1lkfr7t xexx8yu xyri2b x18d9i69 x1c1uobl\"><span class=\"xrtxmta x1bhl96m\">\ud83c\udf80<\/span><\/span>, \u00e9ste puede ser tu elegido <span class=\"x19la9d6 x1fc57z9 x6ikm8r x10wlt62 x19co3pv x11tp94h xfibh0p xiy17q3 x1xsqp64 x1lkfr7t xexx8yu xyri2b x18d9i69 x1c1uobl\"><span class=\"xrtxmta x1bhl96m\">\ud83c\udf80<\/span><\/span>. De textura opaca, viene en paquetes de 50 unidades y en distintos colores. <span class=\"x19la9d6 x1fc57z9 x6ikm8r x10wlt62 x19co3pv x11tp94h xfibh0p xiy17q3 x1xsqp64 x1lkfr7t xexx8yu xyri2b x18d9i69 x1c1uobl\"><span class=\"xrtxmta x1bhl96m\">\ud83c\udf81<\/span><\/span><\/p>\n<p>Elegimos el verde para mostrarlo en la tienda. Consulta por stock.<\/p>\n<p>Cualquier duda, como siempre al WhatsApp de <strong>MULTIPAQ<\/strong>.<\/p>\n<p>&nbsp;<\/p>\n","protected":false},"excerpt":{"rendered":"<p>Mo\u00f1o cuadrille verde.<\/p>\n<p>Al recibir tu pedido, verific\u00e1 que el embalaje est\u00e9 en condiciones. Si ves el paquete muy golpeado, dej\u00e1nos una nota en el remito del correo antes de firmar.<\/p>\n","protected":false},"featured_media":7897,"template":"","meta":{"solace_meta_sidebar":"","solace_meta_container":"","solace_meta_enable_content_width":"off","solace_meta_content_width":100,"solace_meta_title_alignment":"","solace_meta_author_avatar":"","solace_post_elements_order":"","solace_meta_disable_header":"","solace_meta_disable_footer":"","solace_meta_disable_title":""},"product_brand":[],"product_cat":[64],"product_tag":[214,213,162,163,85,212],"class_list":{"0":"post-6927","1":"product","2":"type-product","3":"status-publish","4":"has-post-thumbnail","6":"product_cat-monos-y-cintas","7":"product_tag-monoacuadros","8":"product_tag-monocuadrille","9":"product_tag-monosderegalo","10":"product_tag-monosmagicos","11":"product_tag-multipaq","12":"product_tag-regalodestacado","14":"first","15":"instock","16":"shipping-taxable","17":"purchasable","18":"product-type-simple"},"_links":{"self":[{"href":"https:\/\/www.multipaq.com.ar\/index.php?rest_route=\/wp\/v2\/product\/6927","targetHints":{"allow":["GET"]}}],"collection":[{"href":"https:\/\/www.multipaq.com.ar\/index.php?rest_route=\/wp\/v2\/product"}],"about":[{"href":"https:\/\/www.multipaq.com.ar\/index.php?rest_route=\/wp\/v2\/types\/product"}],"version-history":[{"count":1,"href":"https:\/\/www.multipaq.com.ar\/index.php?rest_route=\/wp\/v2\/product\/6927\/revisions"}],"predecessor-version":[{"id":7232,"href":"https:\/\/www.multipaq.com.ar\/index.php?rest_route=\/wp\/v2\/product\/6927\/revisions\/7232"}],"wp:featuredmedia":[{"embeddable":true,"href":"https:\/\/www.multipaq.com.ar\/index.php?rest_route=\/wp\/v2\/media\/7897"}],"wp:attachment":[{"href":"https:\/\/www.multipaq.com.ar\/index.php?rest_route=%2Fwp%2Fv2%2Fmedia&parent=6927"}],"wp:term":[{"taxonomy":"product_brand","embeddable":true,"href":"https:\/\/www.multipaq.com.ar\/index.php?rest_route=%2Fwp%2Fv2%2Fproduct_brand&post=6927"},{"taxonomy":"product_cat","embeddable":true,"href":"https:\/\/www.multipaq.com.ar\/index.php?rest_route=%2Fwp%2Fv2%2Fproduct_cat&post=6927"},{"taxonomy":"product_tag","embeddable":true,"href":"https:\/\/www.multipaq.com.ar\/index.php?rest_route=%2Fwp%2Fv2%2Fproduct_tag&post=6927"}],"curies":[{"name":"wp","href":"https:\/\/api.w.org\/{rel}","templated":true}]}}