{"id":6917,"date":"2025-12-20T20:39:26","date_gmt":"2025-12-20T23:39:26","guid":{"rendered":"https:\/\/www.multipaq.com.ar\/producto\/simplea1018friselina-30x30-con-asa-lisa-blanco101bolsa-de-friselina481\/"},"modified":"2026-04-04T20:36:20","modified_gmt":"2026-04-04T23:36:20","slug":"tela-ecologica-30x30-con-asa-lisa-blanco","status":"publish","type":"product","link":"https:\/\/www.multipaq.com.ar\/?product=tela-ecologica-30x30-con-asa-lisa-blanco","title":{"rendered":"BOLSA DE TELA ECOLOGICA 30X30 CON ASA LISA BLANCO"},"content":{"rendered":"<p>\u00a1Adi\u00f3s a las bolsas de pl\u00e1stico y hola a un mundo m\u00e1s verde!<\/p>\n<p>MULTIPAQ. Bolsas de tela ecol\u00f3gica con asas. Nuestras bolsas de tela son la combinaci\u00f3n perfecta de moda, funcionalidad y sostenibilidad.\u00a0 Varias medidas. Consultas al 381 4547037 o en Las Piedras 121.<\/p>\n<p>Alguna duda? Cons\u00faltanos al WhatsApp y pronto lo resolvemos.<br \/>\n+54 381 454 7037<\/p>\n","protected":false},"excerpt":{"rendered":"<p>Friselina con asa 30&#215;30 blanco<\/p>\n<p>Al recibir tu pedido, verific\u00e1 que el embalaje est\u00e9 en condiciones. Si ves el paquete muy golpeado, dejanos una nota en el remito del correo antes de firmar.<\/p>\n","protected":false},"featured_media":7848,"template":"","meta":{"solace_meta_sidebar":"","solace_meta_container":"","solace_meta_enable_content_width":"off","solace_meta_content_width":100,"solace_meta_title_alignment":"","solace_meta_author_avatar":"","solace_post_elements_order":"","solace_meta_disable_header":"","solace_meta_disable_footer":"","solace_meta_disable_title":""},"product_brand":[],"product_cat":[65,74],"product_tag":[111,108,112,110,85,176,224],"class_list":{"0":"post-6917","1":"product","2":"type-product","3":"status-publish","4":"has-post-thumbnail","6":"product_cat-bolsas-regalo","7":"product_cat-tela-ecologica","8":"product_tag-bolsaderegalo","9":"product_tag-bolsadetelaecologica","10":"product_tag-bolsapararegalo","11":"product_tag-bolsasustentable","12":"product_tag-multipaq","13":"product_tag-packaging","14":"product_tag-packagingreciclable","16":"first","17":"instock","18":"shipping-taxable","19":"purchasable","20":"product-type-simple"},"_links":{"self":[{"href":"https:\/\/www.multipaq.com.ar\/index.php?rest_route=\/wp\/v2\/product\/6917","targetHints":{"allow":["GET"]}}],"collection":[{"href":"https:\/\/www.multipaq.com.ar\/index.php?rest_route=\/wp\/v2\/product"}],"about":[{"href":"https:\/\/www.multipaq.com.ar\/index.php?rest_route=\/wp\/v2\/types\/product"}],"version-history":[{"count":1,"href":"https:\/\/www.multipaq.com.ar\/index.php?rest_route=\/wp\/v2\/product\/6917\/revisions"}],"predecessor-version":[{"id":7242,"href":"https:\/\/www.multipaq.com.ar\/index.php?rest_route=\/wp\/v2\/product\/6917\/revisions\/7242"}],"wp:featuredmedia":[{"embeddable":true,"href":"https:\/\/www.multipaq.com.ar\/index.php?rest_route=\/wp\/v2\/media\/7848"}],"wp:attachment":[{"href":"https:\/\/www.multipaq.com.ar\/index.php?rest_route=%2Fwp%2Fv2%2Fmedia&parent=6917"}],"wp:term":[{"taxonomy":"product_brand","embeddable":true,"href":"https:\/\/www.multipaq.com.ar\/index.php?rest_route=%2Fwp%2Fv2%2Fproduct_brand&post=6917"},{"taxonomy":"product_cat","embeddable":true,"href":"https:\/\/www.multipaq.com.ar\/index.php?rest_route=%2Fwp%2Fv2%2Fproduct_cat&post=6917"},{"taxonomy":"product_tag","embeddable":true,"href":"https:\/\/www.multipaq.com.ar\/index.php?rest_route=%2Fwp%2Fv2%2Fproduct_tag&post=6917"}],"curies":[{"name":"wp","href":"https:\/\/api.w.org\/{rel}","templated":true}]}}