{"id":6915,"date":"2025-12-20T20:39:25","date_gmt":"2025-12-20T23:39:25","guid":{"rendered":"https:\/\/www.multipaq.com.ar\/producto\/simplea0989sobre-c-f-comunion-fb3-mediano-x-50-u101sobres-con-fuelle-sin-manija11500\/"},"modified":"2026-04-06T23:17:40","modified_gmt":"2026-04-07T02:17:40","slug":"sobre-c-f-comunion-fb3-mediano-x-50-u","status":"publish","type":"product","link":"https:\/\/www.multipaq.com.ar\/?product=sobre-c-f-comunion-fb3-mediano-x-50-u","title":{"rendered":"SOBRE C\/F COMUNION FB3 MEDIANO X50U"},"content":{"rendered":"<p data-start=\"210\" data-end=\"420\">Sobre con fuelle sin manija modelo FB3 mediano, ideal para entregar golosinas en la 1a. Comuni\u00f3n. Su dise\u00f1o permite una mejor capacidad gracias al fuelle, manteniendo una presentaci\u00f3n prolija y elegante. Presentaci\u00f3n: Pack x 50 unidades.<\/p>\n<p data-start=\"540\" data-end=\"619\">\u00bfTen\u00e9s dudas? Click en el Whatsapp de la p\u00e1gina, y respondemos en cuanto antes.<\/p>\n","protected":false},"excerpt":{"rendered":"<p data-start=\"652\" data-end=\"749\">Sobre con fuelle FB3 mediano.<br data-start=\"681\" data-end=\"684\" \/>Ideal para comuni\u00f3n.<br data-start=\"727\" data-end=\"730\" \/>Pack x 50 unidades.<\/p>\n<p data-start=\"751\" data-end=\"908\">Al recibir tu pedido, verific\u00e1 que el embalaje est\u00e9 en condiciones. Si ves el paquete muy golpeado, dejanos una nota en el remito del correo antes de firmar.<\/p>\n","protected":false},"featured_media":7932,"template":"","meta":{"solace_meta_sidebar":"","solace_meta_container":"","solace_meta_enable_content_width":"off","solace_meta_content_width":100,"solace_meta_title_alignment":"","solace_meta_author_avatar":"","solace_post_elements_order":"","solace_meta_disable_header":"","solace_meta_disable_footer":"","solace_meta_disable_title":""},"product_brand":[],"product_cat":[77],"product_tag":[253,279,85,252,106,105,251],"class_list":{"0":"post-6915","1":"product","2":"type-product","3":"status-publish","4":"has-post-thumbnail","6":"product_cat-con-fuelle-sin-manija","7":"product_tag-comunion","8":"product_tag-envoltoriopararegalos","9":"product_tag-multipaq","10":"product_tag-sobrescomunion","11":"product_tag-sobresderegalo","12":"product_tag-sobrespararegalos","13":"product_tag-souvenirs","15":"first","16":"instock","17":"shipping-taxable","18":"purchasable","19":"product-type-simple"},"_links":{"self":[{"href":"https:\/\/www.multipaq.com.ar\/index.php?rest_route=\/wp\/v2\/product\/6915","targetHints":{"allow":["GET"]}}],"collection":[{"href":"https:\/\/www.multipaq.com.ar\/index.php?rest_route=\/wp\/v2\/product"}],"about":[{"href":"https:\/\/www.multipaq.com.ar\/index.php?rest_route=\/wp\/v2\/types\/product"}],"version-history":[{"count":1,"href":"https:\/\/www.multipaq.com.ar\/index.php?rest_route=\/wp\/v2\/product\/6915\/revisions"}],"predecessor-version":[{"id":7947,"href":"https:\/\/www.multipaq.com.ar\/index.php?rest_route=\/wp\/v2\/product\/6915\/revisions\/7947"}],"wp:featuredmedia":[{"embeddable":true,"href":"https:\/\/www.multipaq.com.ar\/index.php?rest_route=\/wp\/v2\/media\/7932"}],"wp:attachment":[{"href":"https:\/\/www.multipaq.com.ar\/index.php?rest_route=%2Fwp%2Fv2%2Fmedia&parent=6915"}],"wp:term":[{"taxonomy":"product_brand","embeddable":true,"href":"https:\/\/www.multipaq.com.ar\/index.php?rest_route=%2Fwp%2Fv2%2Fproduct_brand&post=6915"},{"taxonomy":"product_cat","embeddable":true,"href":"https:\/\/www.multipaq.com.ar\/index.php?rest_route=%2Fwp%2Fv2%2Fproduct_cat&post=6915"},{"taxonomy":"product_tag","embeddable":true,"href":"https:\/\/www.multipaq.com.ar\/index.php?rest_route=%2Fwp%2Fv2%2Fproduct_tag&post=6915"}],"curies":[{"name":"wp","href":"https:\/\/api.w.org\/{rel}","templated":true}]}}