{"id":6911,"date":"2025-12-20T20:39:24","date_gmt":"2025-12-20T23:39:24","guid":{"rendered":"https:\/\/www.multipaq.com.ar\/producto\/simplea0970pvc-lisa-blanco-50x60-x-50uni101bolsa-plastica-lisa22525\/"},"modified":"2026-04-04T20:55:12","modified_gmt":"2026-04-04T23:55:12","slug":"simplea0970pvc-lisa-blanco-50x60-x-50uni101bolsa-plastica-lisa22525","status":"publish","type":"product","link":"https:\/\/www.multipaq.com.ar\/?product=simplea0970pvc-lisa-blanco-50x60-x-50uni101bolsa-plastica-lisa22525","title":{"rendered":"BOLSA PVC LISA BLANCA 50X60 X50UN"},"content":{"rendered":"<p data-start=\"64\" data-end=\"281\">Bolsa pl\u00e1stica lisa de PVC color blanco, ideal para packaging, presentaci\u00f3n de productos y usos comerciales. Su formato de 50&#215;60 cm brinda buena capacidad, siendo una opci\u00f3n pr\u00e1ctica para distintos tipos de art\u00edculos. Su terminaci\u00f3n lisa permite una presentaci\u00f3n prolija y vers\u00e1til para locales, emprendimientos y env\u00edos.<\/p>\n<p data-start=\"472\" data-end=\"551\">\u00bfTen\u00e9s dudas? Click en el Whatsapp de la p\u00e1gina, y respondemos en cuanto antes.<\/p>\n","protected":false},"excerpt":{"rendered":"<p data-start=\"584\" data-end=\"668\">Bolsa pl\u00e1stica lisa de PVC.<br data-start=\"611\" data-end=\"614\" \/>Color blanco.<br data-start=\"627\" data-end=\"630\" \/>Medida 50&#215;60 cm.<br data-start=\"646\" data-end=\"649\" \/>Pack x 50 unidades.<\/p>\n<p data-start=\"670\" data-end=\"827\">Al recibir tu pedido, verific\u00e1 que el embalaje est\u00e9 en condiciones. Si ves el paquete muy golpeado, dejanos una nota en el remito del correo antes de firmar.<\/p>\n","protected":false},"featured_media":7908,"template":"","meta":{"solace_meta_sidebar":"","solace_meta_container":"","solace_meta_enable_content_width":"off","solace_meta_content_width":100,"solace_meta_title_alignment":"","solace_meta_author_avatar":"","solace_post_elements_order":"","solace_meta_disable_header":"","solace_meta_disable_footer":"","solace_meta_disable_title":""},"product_brand":[],"product_cat":[65],"product_tag":[111,256,255,85,176],"class_list":{"0":"post-6911","1":"product","2":"type-product","3":"status-publish","4":"has-post-thumbnail","6":"product_cat-bolsas-regalo","7":"product_tag-bolsaderegalo","8":"product_tag-bolsaplastica","9":"product_tag-bolsapvc","10":"product_tag-multipaq","11":"product_tag-packaging","13":"first","14":"instock","15":"shipping-taxable","16":"purchasable","17":"product-type-simple"},"_links":{"self":[{"href":"https:\/\/www.multipaq.com.ar\/index.php?rest_route=\/wp\/v2\/product\/6911","targetHints":{"allow":["GET"]}}],"collection":[{"href":"https:\/\/www.multipaq.com.ar\/index.php?rest_route=\/wp\/v2\/product"}],"about":[{"href":"https:\/\/www.multipaq.com.ar\/index.php?rest_route=\/wp\/v2\/types\/product"}],"version-history":[{"count":0,"href":"https:\/\/www.multipaq.com.ar\/index.php?rest_route=\/wp\/v2\/product\/6911\/revisions"}],"wp:featuredmedia":[{"embeddable":true,"href":"https:\/\/www.multipaq.com.ar\/index.php?rest_route=\/wp\/v2\/media\/7908"}],"wp:attachment":[{"href":"https:\/\/www.multipaq.com.ar\/index.php?rest_route=%2Fwp%2Fv2%2Fmedia&parent=6911"}],"wp:term":[{"taxonomy":"product_brand","embeddable":true,"href":"https:\/\/www.multipaq.com.ar\/index.php?rest_route=%2Fwp%2Fv2%2Fproduct_brand&post=6911"},{"taxonomy":"product_cat","embeddable":true,"href":"https:\/\/www.multipaq.com.ar\/index.php?rest_route=%2Fwp%2Fv2%2Fproduct_cat&post=6911"},{"taxonomy":"product_tag","embeddable":true,"href":"https:\/\/www.multipaq.com.ar\/index.php?rest_route=%2Fwp%2Fv2%2Fproduct_tag&post=6911"}],"curies":[{"name":"wp","href":"https:\/\/api.w.org\/{rel}","templated":true}]}}