{"id":6910,"date":"2025-12-20T20:39:23","date_gmt":"2025-12-20T23:39:23","guid":{"rendered":"https:\/\/www.multipaq.com.ar\/producto\/simplea0969stars-wars-32x30101bolsa-fantasia-c-licencia1572\/"},"modified":"2026-04-04T20:55:12","modified_gmt":"2026-04-04T23:55:12","slug":"simplea0969stars-wars-32x30101bolsa-fantasia-c-licencia1572","status":"publish","type":"product","link":"https:\/\/www.multipaq.com.ar\/?product=simplea0969stars-wars-32x30101bolsa-fantasia-c-licencia1572","title":{"rendered":"BOLSA FANTASIA STARS WARS 32X30"},"content":{"rendered":"<p data-start=\"68\" data-end=\"309\">Bolsa fantas\u00eda modelo Stars Wars, ideal para presentar regalos, souvenirs, juguetes y distintos productos con una terminaci\u00f3n llamativa y decorativa. Su tama\u00f1o la hace una opci\u00f3n pr\u00e1ctica para packaging comercial y presentaciones especiales. Es una alternativa muy utilizada para acompa\u00f1ar obsequios y ventas con una presentaci\u00f3n m\u00e1s atractiva y prolija.<\/p>\n<p data-start=\"425\" data-end=\"504\">\u00bfTen\u00e9s dudas? Click en el Whatsapp de la p\u00e1gina, y respondemos en cuanto antes.<\/p>\n","protected":false},"excerpt":{"rendered":"<p data-start=\"537\" data-end=\"634\">Bolsa fantas\u00eda modelo Stars Wars.<br data-start=\"570\" data-end=\"573\" \/>Medida 32&#215;30 cm.<br data-start=\"589\" data-end=\"592\" \/>Ideal para regalos, souvenirs y packaging.<\/p>\n<p data-start=\"636\" data-end=\"793\">Al recibir tu pedido, verific\u00e1 que el embalaje est\u00e9 en condiciones. Si ves el paquete muy golpeado, dejanos una nota en el remito del correo antes de firmar.<\/p>\n","protected":false},"featured_media":7929,"template":"","meta":{"solace_meta_sidebar":"","solace_meta_container":"","solace_meta_enable_content_width":"off","solace_meta_content_width":100,"solace_meta_title_alignment":"","solace_meta_author_avatar":"","solace_post_elements_order":"","solace_meta_disable_header":"","solace_meta_disable_footer":"","solace_meta_disable_title":""},"product_brand":[],"product_cat":[65],"product_tag":[111,244,85,164,258],"class_list":{"0":"post-6910","1":"product","2":"type-product","3":"status-publish","4":"has-post-thumbnail","6":"product_cat-bolsas-regalo","7":"product_tag-bolsaderegalo","8":"product_tag-bolsafantasia","9":"product_tag-multipaq","10":"product_tag-regalo","11":"product_tag-starswars","13":"first","14":"instock","15":"shipping-taxable","16":"purchasable","17":"product-type-simple"},"_links":{"self":[{"href":"https:\/\/www.multipaq.com.ar\/index.php?rest_route=\/wp\/v2\/product\/6910","targetHints":{"allow":["GET"]}}],"collection":[{"href":"https:\/\/www.multipaq.com.ar\/index.php?rest_route=\/wp\/v2\/product"}],"about":[{"href":"https:\/\/www.multipaq.com.ar\/index.php?rest_route=\/wp\/v2\/types\/product"}],"version-history":[{"count":0,"href":"https:\/\/www.multipaq.com.ar\/index.php?rest_route=\/wp\/v2\/product\/6910\/revisions"}],"wp:featuredmedia":[{"embeddable":true,"href":"https:\/\/www.multipaq.com.ar\/index.php?rest_route=\/wp\/v2\/media\/7929"}],"wp:attachment":[{"href":"https:\/\/www.multipaq.com.ar\/index.php?rest_route=%2Fwp%2Fv2%2Fmedia&parent=6910"}],"wp:term":[{"taxonomy":"product_brand","embeddable":true,"href":"https:\/\/www.multipaq.com.ar\/index.php?rest_route=%2Fwp%2Fv2%2Fproduct_brand&post=6910"},{"taxonomy":"product_cat","embeddable":true,"href":"https:\/\/www.multipaq.com.ar\/index.php?rest_route=%2Fwp%2Fv2%2Fproduct_cat&post=6910"},{"taxonomy":"product_tag","embeddable":true,"href":"https:\/\/www.multipaq.com.ar\/index.php?rest_route=%2Fwp%2Fv2%2Fproduct_tag&post=6910"}],"curies":[{"name":"wp","href":"https:\/\/api.w.org\/{rel}","templated":true}]}}