{"id":6909,"date":"2025-12-20T20:39:23","date_gmt":"2025-12-20T23:39:23","guid":{"rendered":"https:\/\/www.multipaq.com.ar\/producto\/simplea0968gold-star-14x08x20101bolsa-fantasia726\/"},"modified":"2026-04-08T09:08:21","modified_gmt":"2026-04-08T12:08:21","slug":"simplea0968gold-star-14x08x20101bolsa-fantasia726","status":"publish","type":"product","link":"https:\/\/www.multipaq.com.ar\/?product=simplea0968gold-star-14x08x20101bolsa-fantasia726","title":{"rendered":"BOLSA FANTASIA GOLD STAR 14X08X20"},"content":{"rendered":"<p data-start=\"70\" data-end=\"311\">Bolsa fantas\u00eda modelo Gold Star, ideal para presentar regalos, souvenirs, detalles y productos con una terminaci\u00f3n m\u00e1s decorativa. Su formato pr\u00e1ctico la convierte en una muy buena opci\u00f3n para packaging comercial y presentaciones especiales. Es una alternativa muy utilizada para envolver obsequios y acompa\u00f1ar ventas con una presentaci\u00f3n m\u00e1s atractiva y prolija.<\/p>\n<p data-start=\"436\" data-end=\"515\">\u00bfTen\u00e9s dudas? Click en el Whatsapp de la p\u00e1gina, y respondemos en cuanto antes.<\/p>\n","protected":false},"excerpt":{"rendered":"<p data-start=\"548\" data-end=\"647\">Bolsa fantas\u00eda modelo Gold Star.<br data-start=\"580\" data-end=\"583\" \/>Medida 14x08x20 cm.<br data-start=\"602\" data-end=\"605\" \/>Ideal para regalos, souvenirs y packaging.<\/p>\n<p data-start=\"649\" data-end=\"806\">Al recibir tu pedido, verific\u00e1 que el embalaje est\u00e9 en condiciones. Si ves el paquete muy golpeado, dejanos una nota en el remito del correo antes de firmar.<\/p>\n","protected":false},"featured_media":8000,"template":"","meta":{"solace_meta_sidebar":"","solace_meta_container":"","solace_meta_enable_content_width":"off","solace_meta_content_width":100,"solace_meta_title_alignment":"","solace_meta_author_avatar":"","solace_post_elements_order":"","solace_meta_disable_header":"","solace_meta_disable_footer":"","solace_meta_disable_title":""},"product_brand":[],"product_cat":[65],"product_tag":[111,244,85,176,177],"class_list":{"0":"post-6909","1":"product","2":"type-product","3":"status-publish","4":"has-post-thumbnail","6":"product_cat-bolsas-regalo","7":"product_tag-bolsaderegalo","8":"product_tag-bolsafantasia","9":"product_tag-multipaq","10":"product_tag-packaging","11":"product_tag-regalos","13":"first","14":"instock","15":"shipping-taxable","16":"purchasable","17":"product-type-simple"},"_links":{"self":[{"href":"https:\/\/www.multipaq.com.ar\/index.php?rest_route=\/wp\/v2\/product\/6909","targetHints":{"allow":["GET"]}}],"collection":[{"href":"https:\/\/www.multipaq.com.ar\/index.php?rest_route=\/wp\/v2\/product"}],"about":[{"href":"https:\/\/www.multipaq.com.ar\/index.php?rest_route=\/wp\/v2\/types\/product"}],"version-history":[{"count":0,"href":"https:\/\/www.multipaq.com.ar\/index.php?rest_route=\/wp\/v2\/product\/6909\/revisions"}],"wp:featuredmedia":[{"embeddable":true,"href":"https:\/\/www.multipaq.com.ar\/index.php?rest_route=\/wp\/v2\/media\/8000"}],"wp:attachment":[{"href":"https:\/\/www.multipaq.com.ar\/index.php?rest_route=%2Fwp%2Fv2%2Fmedia&parent=6909"}],"wp:term":[{"taxonomy":"product_brand","embeddable":true,"href":"https:\/\/www.multipaq.com.ar\/index.php?rest_route=%2Fwp%2Fv2%2Fproduct_brand&post=6909"},{"taxonomy":"product_cat","embeddable":true,"href":"https:\/\/www.multipaq.com.ar\/index.php?rest_route=%2Fwp%2Fv2%2Fproduct_cat&post=6909"},{"taxonomy":"product_tag","embeddable":true,"href":"https:\/\/www.multipaq.com.ar\/index.php?rest_route=%2Fwp%2Fv2%2Fproduct_tag&post=6909"}],"curies":[{"name":"wp","href":"https:\/\/api.w.org\/{rel}","templated":true}]}}