{"id":6906,"date":"2025-12-20T20:39:21","date_gmt":"2025-12-20T23:39:21","guid":{"rendered":"https:\/\/www.multipaq.com.ar\/producto\/simplea0952zafiro-blanco-45-x15-x48101bolsa-de-papel-blanco1195\/"},"modified":"2026-04-04T20:55:11","modified_gmt":"2026-04-04T23:55:11","slug":"bolsa-de-papel-blanco-45-x15-x48","status":"publish","type":"product","link":"https:\/\/www.multipaq.com.ar\/?product=bolsa-de-papel-blanco-45-x15-x48","title":{"rendered":"BOLSA DE PAPEL BLANCO 45X15X48"},"content":{"rendered":"<p data-start=\"117\" data-end=\"249\">Bolsa de papel de 45 x 15 x 48 cm color blanco. Ideal para packaging, indumentaria, cajas y productos de mayor tama\u00f1o. Su formato amplio y resistente permite transportar art\u00edculos voluminosos manteniendo una presentaci\u00f3n limpia y profesional.<\/p>\n<p data-start=\"376\" data-end=\"454\">Tenes dudas? Click en el Whatsapp de la p\u00e1gina, y respondemos en cuanto antes.<\/p>\n","protected":false},"excerpt":{"rendered":"<p data-start=\"488\" data-end=\"558\">Bolsa de papel modelo Zafiro.<br data-start=\"517\" data-end=\"520\" \/>Medidas: 45x15x48 cm.<br data-start=\"541\" data-end=\"544\" \/>Color: blanco.<\/p>\n<p data-start=\"560\" data-end=\"717\">Al recibir tu pedido, verific\u00e1 que el embalaje est\u00e9 en condiciones. Si ves el paquete muy golpeado, dejanos una nota en el remito del correo antes de firmar.<\/p>\n","protected":false},"featured_media":7880,"template":"","meta":{"solace_meta_sidebar":"","solace_meta_container":"","solace_meta_enable_content_width":"off","solace_meta_content_width":100,"solace_meta_title_alignment":"","solace_meta_author_avatar":"","solace_post_elements_order":"","solace_meta_disable_header":"","solace_meta_disable_footer":"","solace_meta_disable_title":""},"product_brand":[],"product_cat":[65],"product_tag":[184,111,199,85,176],"class_list":{"0":"post-6906","1":"product","2":"type-product","3":"status-publish","4":"has-post-thumbnail","6":"product_cat-bolsas-regalo","7":"product_tag-bolsadepapel","8":"product_tag-bolsaderegalo","9":"product_tag-bolsazafiro","10":"product_tag-multipaq","11":"product_tag-packaging","13":"first","14":"instock","15":"shipping-taxable","16":"purchasable","17":"product-type-simple"},"_links":{"self":[{"href":"https:\/\/www.multipaq.com.ar\/index.php?rest_route=\/wp\/v2\/product\/6906","targetHints":{"allow":["GET"]}}],"collection":[{"href":"https:\/\/www.multipaq.com.ar\/index.php?rest_route=\/wp\/v2\/product"}],"about":[{"href":"https:\/\/www.multipaq.com.ar\/index.php?rest_route=\/wp\/v2\/types\/product"}],"version-history":[{"count":1,"href":"https:\/\/www.multipaq.com.ar\/index.php?rest_route=\/wp\/v2\/product\/6906\/revisions"}],"predecessor-version":[{"id":7879,"href":"https:\/\/www.multipaq.com.ar\/index.php?rest_route=\/wp\/v2\/product\/6906\/revisions\/7879"}],"wp:featuredmedia":[{"embeddable":true,"href":"https:\/\/www.multipaq.com.ar\/index.php?rest_route=\/wp\/v2\/media\/7880"}],"wp:attachment":[{"href":"https:\/\/www.multipaq.com.ar\/index.php?rest_route=%2Fwp%2Fv2%2Fmedia&parent=6906"}],"wp:term":[{"taxonomy":"product_brand","embeddable":true,"href":"https:\/\/www.multipaq.com.ar\/index.php?rest_route=%2Fwp%2Fv2%2Fproduct_brand&post=6906"},{"taxonomy":"product_cat","embeddable":true,"href":"https:\/\/www.multipaq.com.ar\/index.php?rest_route=%2Fwp%2Fv2%2Fproduct_cat&post=6906"},{"taxonomy":"product_tag","embeddable":true,"href":"https:\/\/www.multipaq.com.ar\/index.php?rest_route=%2Fwp%2Fv2%2Fproduct_tag&post=6906"}],"curies":[{"name":"wp","href":"https:\/\/api.w.org\/{rel}","templated":true}]}}