{"id":6891,"date":"2025-12-20T20:39:13","date_gmt":"2025-12-20T23:39:13","guid":{"rendered":"https:\/\/www.multipaq.com.ar\/producto\/simplea0896sobre-c-f-princesas-fb3-x-10-unid101sobres-con-fuelle-sin-manija2709\/"},"modified":"2026-04-06T23:06:18","modified_gmt":"2026-04-07T02:06:18","slug":"sobre-c-f-princesas-fb3-x-10-unid","status":"publish","type":"product","link":"https:\/\/www.multipaq.com.ar\/?product=sobre-c-f-princesas-fb3-x-10-unid","title":{"rendered":"SOBRE C\/F PRINCESAS FB3 X10U"},"content":{"rendered":"<p data-start=\"65\" data-end=\"335\">Sobre con fuelle modelo FB3, ideal para presentar regalos, souvenirs, golosinas y peque\u00f1os productos con una terminaci\u00f3n prolija y decorativa. Su formato con fuelle brinda mayor capacidad, siendo una opci\u00f3n pr\u00e1ctica para packaging de eventos y presentaciones especiales. El dise\u00f1o Princesas lo convierte en una alternativa atractiva para regalos infantiles y celebraciones tem\u00e1ticas.<\/p>\n<p data-start=\"451\" data-end=\"530\">\u00bfTen\u00e9s dudas? Click en el Whatsapp de la p\u00e1gina, y respondemos en cuanto antes.<\/p>\n","protected":false},"excerpt":{"rendered":"<p data-start=\"563\" data-end=\"678\">Sobre con fuelle modelo FB3.<br data-start=\"591\" data-end=\"594\" \/>Dise\u00f1o Princesas.<br \/>\nPack x 10 unidades.<\/p>\n<p data-start=\"680\" data-end=\"837\">Al recibir tu pedido, verific\u00e1 que el embalaje est\u00e9 en condiciones. Si ves el paquete muy golpeado, dejanos una nota en el remito del correo antes de firmar.<\/p>\n","protected":false},"featured_media":7931,"template":"","meta":{"solace_meta_sidebar":"","solace_meta_container":"","solace_meta_enable_content_width":"off","solace_meta_content_width":100,"solace_meta_title_alignment":"","solace_meta_author_avatar":"","solace_post_elements_order":"","solace_meta_disable_header":"","solace_meta_disable_footer":"","solace_meta_disable_title":""},"product_brand":[],"product_cat":[77,72],"product_tag":[111,260,85,176,106],"class_list":{"0":"post-6891","1":"product","2":"type-product","3":"status-publish","4":"has-post-thumbnail","6":"product_cat-con-fuelle-sin-manija","7":"product_cat-sobres-para-regalos","8":"product_tag-bolsaderegalo","9":"product_tag-cars","10":"product_tag-multipaq","11":"product_tag-packaging","12":"product_tag-sobresderegalo","14":"first","15":"instock","16":"shipping-taxable","17":"purchasable","18":"product-type-simple"},"_links":{"self":[{"href":"https:\/\/www.multipaq.com.ar\/index.php?rest_route=\/wp\/v2\/product\/6891","targetHints":{"allow":["GET"]}}],"collection":[{"href":"https:\/\/www.multipaq.com.ar\/index.php?rest_route=\/wp\/v2\/product"}],"about":[{"href":"https:\/\/www.multipaq.com.ar\/index.php?rest_route=\/wp\/v2\/types\/product"}],"version-history":[{"count":0,"href":"https:\/\/www.multipaq.com.ar\/index.php?rest_route=\/wp\/v2\/product\/6891\/revisions"}],"wp:featuredmedia":[{"embeddable":true,"href":"https:\/\/www.multipaq.com.ar\/index.php?rest_route=\/wp\/v2\/media\/7931"}],"wp:attachment":[{"href":"https:\/\/www.multipaq.com.ar\/index.php?rest_route=%2Fwp%2Fv2%2Fmedia&parent=6891"}],"wp:term":[{"taxonomy":"product_brand","embeddable":true,"href":"https:\/\/www.multipaq.com.ar\/index.php?rest_route=%2Fwp%2Fv2%2Fproduct_brand&post=6891"},{"taxonomy":"product_cat","embeddable":true,"href":"https:\/\/www.multipaq.com.ar\/index.php?rest_route=%2Fwp%2Fv2%2Fproduct_cat&post=6891"},{"taxonomy":"product_tag","embeddable":true,"href":"https:\/\/www.multipaq.com.ar\/index.php?rest_route=%2Fwp%2Fv2%2Fproduct_tag&post=6891"}],"curies":[{"name":"wp","href":"https:\/\/api.w.org\/{rel}","templated":true}]}}