{"id":6888,"date":"2025-12-20T20:39:12","date_gmt":"2025-12-20T23:39:12","guid":{"rendered":"https:\/\/www.multipaq.com.ar\/producto\/simplea0843zafiro-madera-18-x8-x20101bolsa-de-papel-madera506\/"},"modified":"2026-04-06T23:20:08","modified_gmt":"2026-04-07T02:20:08","slug":"zafiro-madera-18-x8-x20","status":"publish","type":"product","link":"https:\/\/www.multipaq.com.ar\/?product=zafiro-madera-18-x8-x20","title":{"rendered":"BOLSA DE PAPEL MADERA 18X8X20"},"content":{"rendered":"<p data-start=\"73\" data-end=\"310\">Peque\u00f1a bolsa de papel madera, ideal para presentar regalos, productos, souvenirs y compras con una terminaci\u00f3n prolija y natural. Su formato pr\u00e1ctico la convierte en una muy buena opci\u00f3n para packaging comercial y presentaciones cuidadas. Su look artesanal es muy expresivo y vers\u00e1til.<\/p>\n<p data-start=\"426\" data-end=\"505\">\u00bfTen\u00e9s dudas? Click en el WhatsApp de la p\u00e1gina, y respondemos en cuanto antes.<\/p>\n","protected":false},"excerpt":{"rendered":"<p data-start=\"538\" data-end=\"649\">Bolsa de papel madera.<br data-start=\"583\" data-end=\"586\" \/>Medida 18x8x20 cm.<\/p>\n<p data-start=\"651\" data-end=\"808\">Al recibir tu pedido, verific\u00e1 que el embalaje est\u00e9 en condiciones. Si ves el paquete muy golpeado, dejanos una nota en el remito del correo antes de firmar.<\/p>\n","protected":false},"featured_media":7962,"template":"","meta":{"solace_meta_sidebar":"","solace_meta_container":"","solace_meta_enable_content_width":"off","solace_meta_content_width":100,"solace_meta_title_alignment":"","solace_meta_author_avatar":"","solace_post_elements_order":"","solace_meta_disable_header":"","solace_meta_disable_footer":"","solace_meta_disable_title":""},"product_brand":[],"product_cat":[65,79],"product_tag":[184,111,261,85,176],"class_list":{"0":"post-6888","1":"product","2":"type-product","3":"status-publish","4":"has-post-thumbnail","6":"product_cat-bolsas-regalo","7":"product_cat-papel-madera","8":"product_tag-bolsadepapel","9":"product_tag-bolsaderegalo","10":"product_tag-bolsapapelmadera","11":"product_tag-multipaq","12":"product_tag-packaging","14":"first","15":"instock","16":"shipping-taxable","17":"purchasable","18":"product-type-simple"},"_links":{"self":[{"href":"https:\/\/www.multipaq.com.ar\/index.php?rest_route=\/wp\/v2\/product\/6888","targetHints":{"allow":["GET"]}}],"collection":[{"href":"https:\/\/www.multipaq.com.ar\/index.php?rest_route=\/wp\/v2\/product"}],"about":[{"href":"https:\/\/www.multipaq.com.ar\/index.php?rest_route=\/wp\/v2\/types\/product"}],"version-history":[{"count":1,"href":"https:\/\/www.multipaq.com.ar\/index.php?rest_route=\/wp\/v2\/product\/6888\/revisions"}],"predecessor-version":[{"id":7951,"href":"https:\/\/www.multipaq.com.ar\/index.php?rest_route=\/wp\/v2\/product\/6888\/revisions\/7951"}],"wp:featuredmedia":[{"embeddable":true,"href":"https:\/\/www.multipaq.com.ar\/index.php?rest_route=\/wp\/v2\/media\/7962"}],"wp:attachment":[{"href":"https:\/\/www.multipaq.com.ar\/index.php?rest_route=%2Fwp%2Fv2%2Fmedia&parent=6888"}],"wp:term":[{"taxonomy":"product_brand","embeddable":true,"href":"https:\/\/www.multipaq.com.ar\/index.php?rest_route=%2Fwp%2Fv2%2Fproduct_brand&post=6888"},{"taxonomy":"product_cat","embeddable":true,"href":"https:\/\/www.multipaq.com.ar\/index.php?rest_route=%2Fwp%2Fv2%2Fproduct_cat&post=6888"},{"taxonomy":"product_tag","embeddable":true,"href":"https:\/\/www.multipaq.com.ar\/index.php?rest_route=%2Fwp%2Fv2%2Fproduct_tag&post=6888"}],"curies":[{"name":"wp","href":"https:\/\/api.w.org\/{rel}","templated":true}]}}