{"id":6887,"date":"2025-12-20T20:39:12","date_gmt":"2025-12-20T23:39:12","guid":{"rendered":"https:\/\/www.multipaq.com.ar\/producto\/simplea0842zafiro-blanco-18-x8-x20101bolsa-de-papel-blanco616\/"},"modified":"2026-04-04T20:55:10","modified_gmt":"2026-04-04T23:55:10","slug":"zafiro-blanco-18-x8-x20","status":"publish","type":"product","link":"https:\/\/www.multipaq.com.ar\/?product=zafiro-blanco-18-x8-x20","title":{"rendered":"BOLSA DE PAPEL BLANCA 18X8X20"},"content":{"rendered":"<p data-start=\"73\" data-end=\"311\">Bolsa de papel color blanco, ideal para presentar regalos, productos, souvenirs y compras con una terminaci\u00f3n prolija y delicada. Su formato pr\u00e1ctico la convierte en una muy buena opci\u00f3n para packaging comercial y presentaciones cuidadas. El modelo Zafiro aporta una presentaci\u00f3n vers\u00e1til y elegante para distintos usos, tanto en locales como en emprendimientos.<\/p>\n<p data-start=\"438\" data-end=\"517\">\u00bfTen\u00e9s dudas? Click en el Whatsapp de la p\u00e1gina, y respondemos en cuanto antes.<\/p>\n","protected":false},"excerpt":{"rendered":"<p data-start=\"550\" data-end=\"661\">Bolsa de papel modelo Zafiro.<br data-start=\"579\" data-end=\"582\" \/>Color blanco.<br data-start=\"595\" data-end=\"598\" \/>Medida 18x8x20 cm.<br data-start=\"616\" data-end=\"619\" \/>Ideal para regalos, productos y packaging.<\/p>\n<p data-start=\"663\" data-end=\"820\">Al recibir tu pedido, verific\u00e1 que el embalaje est\u00e9 en condiciones. Si ves el paquete muy golpeado, dejanos una nota en el remito del correo antes de firmar.<\/p>\n","protected":false},"featured_media":7961,"template":"","meta":{"solace_meta_sidebar":"","solace_meta_container":"","solace_meta_enable_content_width":"off","solace_meta_content_width":100,"solace_meta_title_alignment":"","solace_meta_author_avatar":"","solace_post_elements_order":"","solace_meta_disable_header":"","solace_meta_disable_footer":"","solace_meta_disable_title":""},"product_brand":[],"product_cat":[65],"product_tag":[184,262,85,176],"class_list":{"0":"post-6887","1":"product","2":"type-product","3":"status-publish","4":"has-post-thumbnail","6":"product_cat-bolsas-regalo","7":"product_tag-bolsadepapel","8":"product_tag-bolsadepapelblanca","9":"product_tag-multipaq","10":"product_tag-packaging","12":"first","13":"instock","14":"shipping-taxable","15":"purchasable","16":"product-type-simple"},"_links":{"self":[{"href":"https:\/\/www.multipaq.com.ar\/index.php?rest_route=\/wp\/v2\/product\/6887","targetHints":{"allow":["GET"]}}],"collection":[{"href":"https:\/\/www.multipaq.com.ar\/index.php?rest_route=\/wp\/v2\/product"}],"about":[{"href":"https:\/\/www.multipaq.com.ar\/index.php?rest_route=\/wp\/v2\/types\/product"}],"version-history":[{"count":1,"href":"https:\/\/www.multipaq.com.ar\/index.php?rest_route=\/wp\/v2\/product\/6887\/revisions"}],"predecessor-version":[{"id":7948,"href":"https:\/\/www.multipaq.com.ar\/index.php?rest_route=\/wp\/v2\/product\/6887\/revisions\/7948"}],"wp:featuredmedia":[{"embeddable":true,"href":"https:\/\/www.multipaq.com.ar\/index.php?rest_route=\/wp\/v2\/media\/7961"}],"wp:attachment":[{"href":"https:\/\/www.multipaq.com.ar\/index.php?rest_route=%2Fwp%2Fv2%2Fmedia&parent=6887"}],"wp:term":[{"taxonomy":"product_brand","embeddable":true,"href":"https:\/\/www.multipaq.com.ar\/index.php?rest_route=%2Fwp%2Fv2%2Fproduct_brand&post=6887"},{"taxonomy":"product_cat","embeddable":true,"href":"https:\/\/www.multipaq.com.ar\/index.php?rest_route=%2Fwp%2Fv2%2Fproduct_cat&post=6887"},{"taxonomy":"product_tag","embeddable":true,"href":"https:\/\/www.multipaq.com.ar\/index.php?rest_route=%2Fwp%2Fv2%2Fproduct_tag&post=6887"}],"curies":[{"name":"wp","href":"https:\/\/api.w.org\/{rel}","templated":true}]}}