{"id":6883,"date":"2025-12-20T20:39:10","date_gmt":"2025-12-20T23:39:10","guid":{"rendered":"https:\/\/www.multipaq.com.ar\/producto\/simplea0827tarjeton-blanco-10x7x50-unidad101tarjetas760\/"},"modified":"2026-04-06T23:02:39","modified_gmt":"2026-04-07T02:02:39","slug":"tarjeton-blanco-10x7x50-unidad","status":"publish","type":"product","link":"https:\/\/www.multipaq.com.ar\/?product=tarjeton-blanco-10x7x50-unidad","title":{"rendered":"TARJETON BLANCO 10X7 50U"},"content":{"rendered":"<p data-start=\"76\" data-end=\"273\">Tarjet\u00f3n blanco tama\u00f1o 10&#215;7 cm, ideal para acompa\u00f1ar regalos, souvenirs, invitaciones y presentaciones. Su formato compacto lo hace perfecto para mensajes breves, etiquetas o detalles en packaging. Es una opci\u00f3n pr\u00e1ctica y vers\u00e1til para eventos, emprendimientos y usos comerciales que buscan una presentaci\u00f3n simple y prolija.<\/p>\n<p data-start=\"405\" data-end=\"486\">\u00bfTen\u00e9s dudas? Click en el Whatsapp de la p\u00e1gina, y respondemos en cuanto antes.<\/p>\n","protected":false},"excerpt":{"rendered":"<p data-start=\"521\" data-end=\"631\">Tarjet\u00f3n color blanco.<br data-start=\"543\" data-end=\"546\" \/>Medida 10&#215;7 cm.<br data-start=\"561\" data-end=\"564\" \/>Pack x 50 unidades.<\/p>\n<p data-start=\"633\" data-end=\"792\">Al recibir tu pedido, verific\u00e1 que el embalaje est\u00e9 en condiciones. Si ves el paquete muy golpeado, dejanos una nota en el remito del correo antes de firmar.<\/p>\n","protected":false},"featured_media":7958,"template":"","meta":{"solace_meta_sidebar":"","solace_meta_container":"","solace_meta_enable_content_width":"off","solace_meta_content_width":100,"solace_meta_title_alignment":"","solace_meta_author_avatar":"","solace_post_elements_order":"","solace_meta_disable_header":"","solace_meta_disable_footer":"","solace_meta_disable_title":""},"product_brand":[],"product_cat":[67],"product_tag":[85,273,271],"class_list":{"0":"post-6883","1":"product","2":"type-product","3":"status-publish","4":"has-post-thumbnail","6":"product_cat-libreria","7":"product_tag-multipaq","8":"product_tag-tarjeton","9":"product_tag-tarjetonblanco","11":"first","12":"instock","13":"shipping-taxable","14":"purchasable","15":"product-type-simple"},"_links":{"self":[{"href":"https:\/\/www.multipaq.com.ar\/index.php?rest_route=\/wp\/v2\/product\/6883","targetHints":{"allow":["GET"]}}],"collection":[{"href":"https:\/\/www.multipaq.com.ar\/index.php?rest_route=\/wp\/v2\/product"}],"about":[{"href":"https:\/\/www.multipaq.com.ar\/index.php?rest_route=\/wp\/v2\/types\/product"}],"version-history":[{"count":0,"href":"https:\/\/www.multipaq.com.ar\/index.php?rest_route=\/wp\/v2\/product\/6883\/revisions"}],"wp:featuredmedia":[{"embeddable":true,"href":"https:\/\/www.multipaq.com.ar\/index.php?rest_route=\/wp\/v2\/media\/7958"}],"wp:attachment":[{"href":"https:\/\/www.multipaq.com.ar\/index.php?rest_route=%2Fwp%2Fv2%2Fmedia&parent=6883"}],"wp:term":[{"taxonomy":"product_brand","embeddable":true,"href":"https:\/\/www.multipaq.com.ar\/index.php?rest_route=%2Fwp%2Fv2%2Fproduct_brand&post=6883"},{"taxonomy":"product_cat","embeddable":true,"href":"https:\/\/www.multipaq.com.ar\/index.php?rest_route=%2Fwp%2Fv2%2Fproduct_cat&post=6883"},{"taxonomy":"product_tag","embeddable":true,"href":"https:\/\/www.multipaq.com.ar\/index.php?rest_route=%2Fwp%2Fv2%2Fproduct_tag&post=6883"}],"curies":[{"name":"wp","href":"https:\/\/api.w.org\/{rel}","templated":true}]}}