{"id":6875,"date":"2025-12-20T20:39:07","date_gmt":"2025-12-20T23:39:07","guid":{"rendered":"https:\/\/www.multipaq.com.ar\/producto\/simplea0797friselina-30x30-con-asa-lisa-naranja101bolsa-de-friselina395\/"},"modified":"2026-04-11T15:10:37","modified_gmt":"2026-04-11T18:10:37","slug":"bolsa-de-tela-ecologica-30x30-con-asa-lisa-naranja","status":"publish","type":"product","link":"https:\/\/www.multipaq.com.ar\/?product=bolsa-de-tela-ecologica-30x30-con-asa-lisa-naranja","title":{"rendered":"BOLSA DE TELA ECOLOGICA 30X30 CM CON ASA LISA NARANJA"},"content":{"rendered":"<p data-start=\"96\" data-end=\"317\">Bolsa de tela ecol\u00f3gica lisa,<span class=\"x1rg5ohu x16dsc37 x19la9d6 x1fc57z9 x6ikm8r x10wlt62 x19co3pv x11tp94h xw4jnvo x1qx5ct2 xfibh0p xiy17q3 x1xsqp64 x1lkfr7t xexx8yu xyri2b x18d9i69 x1c1uobl\"><span class=\"xrtxmta x1bhl96m\">\ud83e\udde1<\/span><\/span> color naranja, con asa. Multiuso: para packaging, compras y presentaci\u00f3n de productos.<span class=\"x1rg5ohu x16dsc37 x19la9d6 x1fc57z9 x6ikm8r x10wlt62 x19co3pv x11tp94h xw4jnvo x1qx5ct2 xfibh0p xiy17q3 x1xsqp64 x1lkfr7t xexx8yu xyri2b x18d9i69 x1c1uobl\"><span class=\"xrtxmta x1bhl96m\">\ud83d\udfe0<\/span><\/span>Su tama\u00f1o 30&#215;30 cm la hace pr\u00e1ctica y vers\u00e1til, c\u00f3moda y reutilizable.<span class=\"x1rg5ohu x16dsc37 x19la9d6 x1fc57z9 x6ikm8r x10wlt62 x19co3pv x11tp94h xw4jnvo x1qx5ct2 xfibh0p xiy17q3 x1xsqp64 x1lkfr7t xexx8yu xyri2b x18d9i69 x1c1uobl\"><span class=\"xrtxmta x1bhl96m\">\ud83d\udd36<\/span><\/span>\u00a0Es una excelente opci\u00f3n para locales, ferias, emprendimientos y uso diario, <span class=\"x1rg5ohu x16dsc37 x19la9d6 x1fc57z9 x6ikm8r x10wlt62 x19co3pv x11tp94h xw4jnvo x1qx5ct2 xfibh0p xiy17q3 x1xsqp64 x1lkfr7t xexx8yu xyri2b x18d9i69 x1c1uobl\"><span class=\"xrtxmta x1bhl96m\">\ud83d\udfe7 <\/span><\/span>aportando una alternativa resistente y sustentable.<\/p>\n<p data-start=\"480\" data-end=\"561\">\u00bfTen\u00e9s dudas? Click en el WhatsApp de la p\u00e1gina, y respondemos en cuanto antes!!.<\/p>\n","protected":false},"excerpt":{"rendered":"<p data-start=\"596\" data-end=\"700\">Bolsa de tela ecol\u00f3gica lisa color naranja.<br data-start=\"629\" data-end=\"632\" \/>Medida 30&#215;30 cm. Con asa.<br data-start=\"664\" data-end=\"667\" \/>Ideal para compras y packaging.<\/p>\n<p data-start=\"702\" data-end=\"861\">Al recibir tu pedido, verific\u00e1 que el embalaje est\u00e9 en condiciones. Si ves el paquete muy golpeado, dejanos una nota en el remito del correo antes de firmar.<\/p>\n","protected":false},"featured_media":8006,"template":"","meta":{"solace_meta_sidebar":"","solace_meta_container":"","solace_meta_enable_content_width":"off","solace_meta_content_width":100,"solace_meta_title_alignment":"","solace_meta_author_avatar":"","solace_post_elements_order":"","solace_meta_disable_header":"","solace_meta_disable_footer":"","solace_meta_disable_title":""},"product_brand":[],"product_cat":[65,74],"product_tag":[108,287,112,222,110,85,176],"class_list":{"0":"post-6875","1":"product","2":"type-product","3":"status-publish","4":"has-post-thumbnail","6":"product_cat-bolsas-regalo","7":"product_cat-tela-ecologica","8":"product_tag-bolsadetelaecologica","9":"product_tag-bolsanaranja","10":"product_tag-bolsapararegalo","11":"product_tag-bolsareutilizable","12":"product_tag-bolsasustentable","13":"product_tag-multipaq","14":"product_tag-packaging","16":"first","17":"instock","18":"shipping-taxable","19":"purchasable","20":"product-type-simple"},"_links":{"self":[{"href":"https:\/\/www.multipaq.com.ar\/index.php?rest_route=\/wp\/v2\/product\/6875","targetHints":{"allow":["GET"]}}],"collection":[{"href":"https:\/\/www.multipaq.com.ar\/index.php?rest_route=\/wp\/v2\/product"}],"about":[{"href":"https:\/\/www.multipaq.com.ar\/index.php?rest_route=\/wp\/v2\/types\/product"}],"version-history":[{"count":1,"href":"https:\/\/www.multipaq.com.ar\/index.php?rest_route=\/wp\/v2\/product\/6875\/revisions"}],"predecessor-version":[{"id":8005,"href":"https:\/\/www.multipaq.com.ar\/index.php?rest_route=\/wp\/v2\/product\/6875\/revisions\/8005"}],"wp:featuredmedia":[{"embeddable":true,"href":"https:\/\/www.multipaq.com.ar\/index.php?rest_route=\/wp\/v2\/media\/8006"}],"wp:attachment":[{"href":"https:\/\/www.multipaq.com.ar\/index.php?rest_route=%2Fwp%2Fv2%2Fmedia&parent=6875"}],"wp:term":[{"taxonomy":"product_brand","embeddable":true,"href":"https:\/\/www.multipaq.com.ar\/index.php?rest_route=%2Fwp%2Fv2%2Fproduct_brand&post=6875"},{"taxonomy":"product_cat","embeddable":true,"href":"https:\/\/www.multipaq.com.ar\/index.php?rest_route=%2Fwp%2Fv2%2Fproduct_cat&post=6875"},{"taxonomy":"product_tag","embeddable":true,"href":"https:\/\/www.multipaq.com.ar\/index.php?rest_route=%2Fwp%2Fv2%2Fproduct_tag&post=6875"}],"curies":[{"name":"wp","href":"https:\/\/api.w.org\/{rel}","templated":true}]}}