{"id":6860,"date":"2025-12-20T20:39:01","date_gmt":"2025-12-20T23:39:01","guid":{"rendered":"https:\/\/www.multipaq.com.ar\/producto\/simplea0770caramelera-lunares-rojos-x-unid101estuches-pack-group687\/"},"modified":"2026-04-15T12:41:21","modified_gmt":"2026-04-15T15:41:21","slug":"simplea0770caramelera-lunares-rojos-x-unid101estuches-pack-group687","status":"publish","type":"product","link":"https:\/\/www.multipaq.com.ar\/?product=simplea0770caramelera-lunares-rojos-x-unid101estuches-pack-group687","title":{"rendered":"CARAMELERA LUNARES ROJOS XU"},"content":{"rendered":"<p data-start=\"70\" data-end=\"291\">Caramelera con dise\u00f1o de lunares rojos, ideal para presentar golosinas, dulces y peque\u00f1os obsequios con una terminaci\u00f3n decorativa y llamativa. Su formato tipo box la hace perfecta para mesas dulces, cumplea\u00f1os y eventos.<\/p>\n<p data-start=\"293\" data-end=\"393\">El contraste de rojo con lunares aporta un estilo cl\u00e1sico y festivo, muy utilizado en celebraciones.<\/p>\n<p data-start=\"395\" data-end=\"474\">\u00bfTen\u00e9s dudas? Click en el Whatsapp de la p\u00e1gina, y respondemos en cuanto antes.<\/p>\n","protected":false},"excerpt":{"rendered":"<p data-start=\"507\" data-end=\"595\">Caramelera dise\u00f1o lunares rojos.<br data-start=\"539\" data-end=\"542\" \/>Ideal para golosinas y souvenirs.<br data-start=\"575\" data-end=\"578\" \/>Venta por unidad.<\/p>\n<p data-start=\"597\" data-end=\"754\">Al recibir tu pedido, verific\u00e1 que el embalaje est\u00e9 en condiciones. Si ves el paquete muy golpeado, dejanos una nota en el remito del correo antes de firmar.<\/p>\n","protected":false},"featured_media":8016,"template":"","meta":{"solace_meta_sidebar":"","solace_meta_container":"","solace_meta_enable_content_width":"off","solace_meta_content_width":100,"solace_meta_title_alignment":"","solace_meta_author_avatar":"","solace_post_elements_order":"","solace_meta_disable_header":"","solace_meta_disable_footer":"","solace_meta_disable_title":""},"product_brand":[],"product_cat":[65],"product_tag":[306,85,167,251],"class_list":{"0":"post-6860","1":"product","2":"type-product","3":"status-publish","4":"has-post-thumbnail","6":"product_cat-bolsas-regalo","7":"product_tag-caramelera","8":"product_tag-multipaq","9":"product_tag-rojo","10":"product_tag-souvenirs","12":"first","13":"instock","14":"shipping-taxable","15":"purchasable","16":"product-type-simple"},"_links":{"self":[{"href":"https:\/\/www.multipaq.com.ar\/index.php?rest_route=\/wp\/v2\/product\/6860","targetHints":{"allow":["GET"]}}],"collection":[{"href":"https:\/\/www.multipaq.com.ar\/index.php?rest_route=\/wp\/v2\/product"}],"about":[{"href":"https:\/\/www.multipaq.com.ar\/index.php?rest_route=\/wp\/v2\/types\/product"}],"version-history":[{"count":0,"href":"https:\/\/www.multipaq.com.ar\/index.php?rest_route=\/wp\/v2\/product\/6860\/revisions"}],"wp:featuredmedia":[{"embeddable":true,"href":"https:\/\/www.multipaq.com.ar\/index.php?rest_route=\/wp\/v2\/media\/8016"}],"wp:attachment":[{"href":"https:\/\/www.multipaq.com.ar\/index.php?rest_route=%2Fwp%2Fv2%2Fmedia&parent=6860"}],"wp:term":[{"taxonomy":"product_brand","embeddable":true,"href":"https:\/\/www.multipaq.com.ar\/index.php?rest_route=%2Fwp%2Fv2%2Fproduct_brand&post=6860"},{"taxonomy":"product_cat","embeddable":true,"href":"https:\/\/www.multipaq.com.ar\/index.php?rest_route=%2Fwp%2Fv2%2Fproduct_cat&post=6860"},{"taxonomy":"product_tag","embeddable":true,"href":"https:\/\/www.multipaq.com.ar\/index.php?rest_route=%2Fwp%2Fv2%2Fproduct_tag&post=6860"}],"curies":[{"name":"wp","href":"https:\/\/api.w.org\/{rel}","templated":true}]}}