{"id":6859,"date":"2025-12-20T20:39:01","date_gmt":"2025-12-20T23:39:01","guid":{"rendered":"https:\/\/www.multipaq.com.ar\/producto\/simplea0768caramelera-lunares-azules-x-unid101estuches-pack-group687\/"},"modified":"2026-04-14T17:53:31","modified_gmt":"2026-04-14T20:53:31","slug":"simplea0768caramelera-lunares-azules-x-unid101estuches-pack-group687","status":"publish","type":"product","link":"https:\/\/www.multipaq.com.ar\/?product=simplea0768caramelera-lunares-azules-x-unid101estuches-pack-group687","title":{"rendered":"CARAMELERA LUNARES AZULES XU"},"content":{"rendered":"<p data-start=\"71\" data-end=\"312\">Caramelera con dise\u00f1o de lunares azules, ideal para presentar golosinas, dulces y peque\u00f1os obsequios con una terminaci\u00f3n decorativa y atractiva. Su formato pr\u00e1ctico la convierte en una excelente opci\u00f3n para souvenirs, mesas dulces y eventos. El dise\u00f1o de lunares aporta un estilo cl\u00e1sico y divertido, perfecto para cumplea\u00f1os y celebraciones.<\/p>\n<p data-start=\"416\" data-end=\"495\">\u00bfTen\u00e9s dudas? Click en el Whatsapp de la p\u00e1gina, y respondemos en cuanto antes.<\/p>\n","protected":false},"excerpt":{"rendered":"<p data-start=\"528\" data-end=\"617\">Caramelera dise\u00f1o lunares azules.<br data-start=\"561\" data-end=\"564\" \/>Ideal para golosinas y souvenirs.<br data-start=\"597\" data-end=\"600\" \/>Venta por unidad.<\/p>\n<p data-start=\"619\" data-end=\"776\">Al recibir tu pedido, verific\u00e1 que el embalaje est\u00e9 en condiciones. Si ves el paquete muy golpeado, dejanos una nota en el remito del correo antes de firmar.<\/p>\n","protected":false},"featured_media":8013,"template":"","meta":{"solace_meta_sidebar":"","solace_meta_container":"","solace_meta_enable_content_width":"off","solace_meta_content_width":100,"solace_meta_title_alignment":"","solace_meta_author_avatar":"","solace_post_elements_order":"","solace_meta_disable_header":"","solace_meta_disable_footer":"","solace_meta_disable_title":""},"product_brand":[],"product_cat":[65],"product_tag":[306,307,308,85],"class_list":{"0":"post-6859","1":"product","2":"type-product","3":"status-publish","4":"has-post-thumbnail","6":"product_cat-bolsas-regalo","7":"product_tag-caramelera","8":"product_tag-lunaresazules","9":"product_tag-mesasdulces","10":"product_tag-multipaq","12":"first","13":"instock","14":"shipping-taxable","15":"purchasable","16":"product-type-simple"},"_links":{"self":[{"href":"https:\/\/www.multipaq.com.ar\/index.php?rest_route=\/wp\/v2\/product\/6859","targetHints":{"allow":["GET"]}}],"collection":[{"href":"https:\/\/www.multipaq.com.ar\/index.php?rest_route=\/wp\/v2\/product"}],"about":[{"href":"https:\/\/www.multipaq.com.ar\/index.php?rest_route=\/wp\/v2\/types\/product"}],"version-history":[{"count":0,"href":"https:\/\/www.multipaq.com.ar\/index.php?rest_route=\/wp\/v2\/product\/6859\/revisions"}],"wp:featuredmedia":[{"embeddable":true,"href":"https:\/\/www.multipaq.com.ar\/index.php?rest_route=\/wp\/v2\/media\/8013"}],"wp:attachment":[{"href":"https:\/\/www.multipaq.com.ar\/index.php?rest_route=%2Fwp%2Fv2%2Fmedia&parent=6859"}],"wp:term":[{"taxonomy":"product_brand","embeddable":true,"href":"https:\/\/www.multipaq.com.ar\/index.php?rest_route=%2Fwp%2Fv2%2Fproduct_brand&post=6859"},{"taxonomy":"product_cat","embeddable":true,"href":"https:\/\/www.multipaq.com.ar\/index.php?rest_route=%2Fwp%2Fv2%2Fproduct_cat&post=6859"},{"taxonomy":"product_tag","embeddable":true,"href":"https:\/\/www.multipaq.com.ar\/index.php?rest_route=%2Fwp%2Fv2%2Fproduct_tag&post=6859"}],"curies":[{"name":"wp","href":"https:\/\/api.w.org\/{rel}","templated":true}]}}