{"id":6858,"date":"2025-12-20T20:39:01","date_gmt":"2025-12-20T23:39:01","guid":{"rendered":"https:\/\/www.multipaq.com.ar\/producto\/simplea0752caja-embalaje-art960-30x20x20101caja-embalaje875\/"},"modified":"2026-04-15T13:29:27","modified_gmt":"2026-04-15T16:29:27","slug":"simplea0752caja-embalaje-art960-30x20x20101caja-embalaje875","status":"publish","type":"product","link":"https:\/\/www.multipaq.com.ar\/?product=simplea0752caja-embalaje-art960-30x20x20101caja-embalaje875","title":{"rendered":"CAJA DE EMBALAJE ART960 30X20X20"},"content":{"rendered":"<p data-start=\"69\" data-end=\"301\">Caja de embalaje modelo ART960, ideal para proteger, almacenar y transportar productos de manera segura. Su estructura firme la convierte en una excelente opci\u00f3n para env\u00edos, organizaci\u00f3n y packaging de distintos tipos de art\u00edculos.<\/p>\n<p data-start=\"303\" data-end=\"423\">Gracias a su tama\u00f1o, permite contener productos medianos, brindando practicidad tanto para uso comercial como log\u00edstico.<\/p>\n<p data-start=\"425\" data-end=\"504\">\u00bfTen\u00e9s dudas? Click en el Whatsapp de la p\u00e1gina, y respondemos en cuanto antes.<\/p>\n","protected":false},"excerpt":{"rendered":"<p data-start=\"537\" data-end=\"628\">Caja de embalaje modelo ART960.<br data-start=\"568\" data-end=\"571\" \/>Medida 30x20x20 cm.<br data-start=\"590\" data-end=\"593\" \/>Ideal para env\u00edos y almacenamiento.<\/p>\n<p data-start=\"630\" data-end=\"787\">Al recibir tu pedido, verific\u00e1 que el embalaje est\u00e9 en condiciones. Si ves el paquete muy golpeado, dejanos una nota en el remito del correo antes de firmar.<\/p>\n","protected":false},"featured_media":8017,"template":"","meta":{"solace_meta_sidebar":"","solace_meta_container":"","solace_meta_enable_content_width":"off","solace_meta_content_width":100,"solace_meta_title_alignment":"","solace_meta_author_avatar":"","solace_post_elements_order":"","solace_meta_disable_header":"","solace_meta_disable_footer":"","solace_meta_disable_title":""},"product_brand":[],"product_cat":[65],"product_tag":[311,181,85,176],"class_list":{"0":"post-6858","1":"product","2":"type-product","3":"status-publish","4":"has-post-thumbnail","6":"product_cat-bolsas-regalo","7":"product_tag-cajadeembalaje","8":"product_tag-envios","9":"product_tag-multipaq","10":"product_tag-packaging","12":"first","13":"instock","14":"shipping-taxable","15":"purchasable","16":"product-type-simple"},"_links":{"self":[{"href":"https:\/\/www.multipaq.com.ar\/index.php?rest_route=\/wp\/v2\/product\/6858","targetHints":{"allow":["GET"]}}],"collection":[{"href":"https:\/\/www.multipaq.com.ar\/index.php?rest_route=\/wp\/v2\/product"}],"about":[{"href":"https:\/\/www.multipaq.com.ar\/index.php?rest_route=\/wp\/v2\/types\/product"}],"version-history":[{"count":0,"href":"https:\/\/www.multipaq.com.ar\/index.php?rest_route=\/wp\/v2\/product\/6858\/revisions"}],"wp:featuredmedia":[{"embeddable":true,"href":"https:\/\/www.multipaq.com.ar\/index.php?rest_route=\/wp\/v2\/media\/8017"}],"wp:attachment":[{"href":"https:\/\/www.multipaq.com.ar\/index.php?rest_route=%2Fwp%2Fv2%2Fmedia&parent=6858"}],"wp:term":[{"taxonomy":"product_brand","embeddable":true,"href":"https:\/\/www.multipaq.com.ar\/index.php?rest_route=%2Fwp%2Fv2%2Fproduct_brand&post=6858"},{"taxonomy":"product_cat","embeddable":true,"href":"https:\/\/www.multipaq.com.ar\/index.php?rest_route=%2Fwp%2Fv2%2Fproduct_cat&post=6858"},{"taxonomy":"product_tag","embeddable":true,"href":"https:\/\/www.multipaq.com.ar\/index.php?rest_route=%2Fwp%2Fv2%2Fproduct_tag&post=6858"}],"curies":[{"name":"wp","href":"https:\/\/api.w.org\/{rel}","templated":true}]}}