{"id":6855,"date":"2025-12-20T20:38:59","date_gmt":"2025-12-20T23:38:59","guid":{"rendered":"https:\/\/www.multipaq.com.ar\/producto\/simplea0737friselina-minibag-negro-x-20-unidades101bolsa-de-friselina4600\/"},"modified":"2026-04-15T14:12:31","modified_gmt":"2026-04-15T17:12:31","slug":"simplea0737friselina-minibag-negro-x-20-unidades101bolsa-de-friselina4600","status":"publish","type":"product","link":"https:\/\/www.multipaq.com.ar\/?product=simplea0737friselina-minibag-negro-x-20-unidades101bolsa-de-friselina4600","title":{"rendered":"BOLSA DE FRISELINA MINIBAG NEGRO X20U"},"content":{"rendered":"<p data-start=\"74\" data-end=\"309\">Bolsa de friselina tipo minibag color negro, ideal para presentar productos, souvenirs y peque\u00f1os obsequios de forma pr\u00e1ctica y reutilizable. Su tama\u00f1o compacto la hace perfecta para negocios, eventos y packaging de art\u00edculos livianos.<\/p>\n<p data-start=\"311\" data-end=\"428\">Fabricada en material resistente, es una excelente opci\u00f3n para quienes buscan una presentaci\u00f3n prolija y sustentable.<\/p>\n<p data-start=\"430\" data-end=\"509\">\u00bfTen\u00e9s dudas? Click en el Whatsapp de la p\u00e1gina, y respondemos en cuanto antes.<\/p>\n","protected":false},"excerpt":{"rendered":"<p data-start=\"542\" data-end=\"658\">Bolsa de friselina minibag color negro.<br data-start=\"581\" data-end=\"584\" \/>Tama\u00f1o compacto.<br \/>\nPack x 20 unidades.<\/p>\n<p data-start=\"660\" data-end=\"817\">Al recibir tu pedido, verific\u00e1 que el embalaje est\u00e9 en condiciones. Si ves el paquete muy golpeado, dejanos una nota en el remito del correo antes de firmar.<\/p>\n","protected":false},"featured_media":8019,"template":"","meta":{"solace_meta_sidebar":"","solace_meta_container":"","solace_meta_enable_content_width":"off","solace_meta_content_width":100,"solace_meta_title_alignment":"","solace_meta_author_avatar":"","solace_post_elements_order":"","solace_meta_disable_header":"","solace_meta_disable_footer":"","solace_meta_disable_title":""},"product_brand":[],"product_cat":[65],"product_tag":[286,316,314,315,85,176],"class_list":{"0":"post-6855","1":"product","2":"type-product","3":"status-publish","4":"has-post-thumbnail","6":"product_cat-bolsas-regalo","7":"product_tag-bolsafriselina","8":"product_tag-bolsanegra","9":"product_tag-friselina","10":"product_tag-minibag","11":"product_tag-multipaq","12":"product_tag-packaging","14":"first","15":"instock","16":"shipping-taxable","17":"purchasable","18":"product-type-simple"},"_links":{"self":[{"href":"https:\/\/www.multipaq.com.ar\/index.php?rest_route=\/wp\/v2\/product\/6855","targetHints":{"allow":["GET"]}}],"collection":[{"href":"https:\/\/www.multipaq.com.ar\/index.php?rest_route=\/wp\/v2\/product"}],"about":[{"href":"https:\/\/www.multipaq.com.ar\/index.php?rest_route=\/wp\/v2\/types\/product"}],"version-history":[{"count":0,"href":"https:\/\/www.multipaq.com.ar\/index.php?rest_route=\/wp\/v2\/product\/6855\/revisions"}],"wp:featuredmedia":[{"embeddable":true,"href":"https:\/\/www.multipaq.com.ar\/index.php?rest_route=\/wp\/v2\/media\/8019"}],"wp:attachment":[{"href":"https:\/\/www.multipaq.com.ar\/index.php?rest_route=%2Fwp%2Fv2%2Fmedia&parent=6855"}],"wp:term":[{"taxonomy":"product_brand","embeddable":true,"href":"https:\/\/www.multipaq.com.ar\/index.php?rest_route=%2Fwp%2Fv2%2Fproduct_brand&post=6855"},{"taxonomy":"product_cat","embeddable":true,"href":"https:\/\/www.multipaq.com.ar\/index.php?rest_route=%2Fwp%2Fv2%2Fproduct_cat&post=6855"},{"taxonomy":"product_tag","embeddable":true,"href":"https:\/\/www.multipaq.com.ar\/index.php?rest_route=%2Fwp%2Fv2%2Fproduct_tag&post=6855"}],"curies":[{"name":"wp","href":"https:\/\/api.w.org\/{rel}","templated":true}]}}