{"id":6851,"date":"2025-12-20T20:38:58","date_gmt":"2025-12-20T23:38:58","guid":{"rendered":"https:\/\/www.multipaq.com.ar\/producto\/simplea0724caja-negro-mediano-16x15x09-x-unidad101cajas-regalo3700\/"},"modified":"2026-04-16T08:12:09","modified_gmt":"2026-04-16T11:12:09","slug":"simplea0724caja-negro-mediano-16x15x09-x-unidad101cajas-regalo3700","status":"publish","type":"product","link":"https:\/\/www.multipaq.com.ar\/?product=simplea0724caja-negro-mediano-16x15x09-x-unidad101cajas-regalo3700","title":{"rendered":"CAJA DE REGALO NEGRA MEDIANA 16X15X09"},"content":{"rendered":"<p data-start=\"74\" data-end=\"327\">Caja de regalo color negro tama\u00f1o mediano, ideal para presentar obsequios, productos y detalles con una terminaci\u00f3n elegante y sofisticada. Su dise\u00f1o simple y prolijo la convierte en una excelente opci\u00f3n para packaging de regalos en distintas ocasiones.<\/p>\n<p data-start=\"329\" data-end=\"426\">Es muy utilizada en locales y emprendimientos que buscan una presentaci\u00f3n m\u00e1s cuidada y est\u00e9tica.<\/p>\n<p data-start=\"428\" data-end=\"507\">\u00bfTen\u00e9s dudas? Click en el Whatsapp de la p\u00e1gina, y respondemos en cuanto antes.<\/p>\n","protected":false},"excerpt":{"rendered":"<p data-start=\"540\" data-end=\"643\">Caja de regalo color negro.<br data-start=\"567\" data-end=\"570\" \/>Medida 16x15x09 cm.<br data-start=\"589\" data-end=\"592\" \/>Tama\u00f1o mediano.<br data-start=\"607\" data-end=\"610\" \/>Ideal para obsequios y packaging.<\/p>\n<p data-start=\"645\" data-end=\"802\">Al recibir tu pedido, verific\u00e1 que el embalaje est\u00e9 en condiciones. Si ves el paquete muy golpeado, dejanos una nota en el remito del correo antes de firmar.<\/p>\n","protected":false},"featured_media":8022,"template":"","meta":{"solace_meta_sidebar":"","solace_meta_container":"","solace_meta_enable_content_width":"off","solace_meta_content_width":100,"solace_meta_title_alignment":"","solace_meta_author_avatar":"","solace_post_elements_order":"","solace_meta_disable_header":"","solace_meta_disable_footer":"","solace_meta_disable_title":""},"product_brand":[],"product_cat":[65],"product_tag":[293,173,85],"class_list":{"0":"post-6851","1":"product","2":"type-product","3":"status-publish","4":"has-post-thumbnail","6":"product_cat-bolsas-regalo","7":"product_tag-cajanegra","8":"product_tag-cajaregalo","9":"product_tag-multipaq","11":"first","12":"instock","13":"shipping-taxable","14":"purchasable","15":"product-type-simple"},"_links":{"self":[{"href":"https:\/\/www.multipaq.com.ar\/index.php?rest_route=\/wp\/v2\/product\/6851","targetHints":{"allow":["GET"]}}],"collection":[{"href":"https:\/\/www.multipaq.com.ar\/index.php?rest_route=\/wp\/v2\/product"}],"about":[{"href":"https:\/\/www.multipaq.com.ar\/index.php?rest_route=\/wp\/v2\/types\/product"}],"version-history":[{"count":0,"href":"https:\/\/www.multipaq.com.ar\/index.php?rest_route=\/wp\/v2\/product\/6851\/revisions"}],"wp:featuredmedia":[{"embeddable":true,"href":"https:\/\/www.multipaq.com.ar\/index.php?rest_route=\/wp\/v2\/media\/8022"}],"wp:attachment":[{"href":"https:\/\/www.multipaq.com.ar\/index.php?rest_route=%2Fwp%2Fv2%2Fmedia&parent=6851"}],"wp:term":[{"taxonomy":"product_brand","embeddable":true,"href":"https:\/\/www.multipaq.com.ar\/index.php?rest_route=%2Fwp%2Fv2%2Fproduct_brand&post=6851"},{"taxonomy":"product_cat","embeddable":true,"href":"https:\/\/www.multipaq.com.ar\/index.php?rest_route=%2Fwp%2Fv2%2Fproduct_cat&post=6851"},{"taxonomy":"product_tag","embeddable":true,"href":"https:\/\/www.multipaq.com.ar\/index.php?rest_route=%2Fwp%2Fv2%2Fproduct_tag&post=6851"}],"curies":[{"name":"wp","href":"https:\/\/api.w.org\/{rel}","templated":true}]}}