{"id":6850,"date":"2025-12-20T20:38:57","date_gmt":"2025-12-20T23:38:57","guid":{"rendered":"https:\/\/www.multipaq.com.ar\/producto\/simplea0723caja-escocesa-xsm-14x03x10-x-unidad101cajas-regalo2614\/"},"modified":"2026-04-16T08:56:40","modified_gmt":"2026-04-16T11:56:40","slug":"simplea0723caja-escocesa-xsm-14x03x10-x-unidad101cajas-regalo2614","status":"publish","type":"product","link":"https:\/\/www.multipaq.com.ar\/?product=simplea0723caja-escocesa-xsm-14x03x10-x-unidad101cajas-regalo2614","title":{"rendered":"CAJA DE REGALO ESCOCESA XSM 14X03X10"},"content":{"rendered":"<p data-start=\"73\" data-end=\"314\">Caja de regalo modelo escocesa tama\u00f1o XSM, ideal para presentar peque\u00f1os obsequios, accesorios y detalles con una terminaci\u00f3n elegante y llamativa. Su dise\u00f1o tipo tart\u00e1n en tonos rojos, negros y blancos aporta un estilo cl\u00e1sico y distintivo.<\/p>\n<p data-start=\"316\" data-end=\"439\">Es una excelente opci\u00f3n para packaging en fechas especiales, locales y emprendimientos que buscan una presentaci\u00f3n cuidada.<\/p>\n<p data-start=\"441\" data-end=\"520\">\u00bfTen\u00e9s dudas? Click en el Whatsapp de la p\u00e1gina, y respondemos en cuanto antes.<\/p>\n","protected":false},"excerpt":{"rendered":"<p data-start=\"553\" data-end=\"660\">Caja de regalo dise\u00f1o escoc\u00e9s.<br data-start=\"583\" data-end=\"586\" \/>Medida 14x03x10 cm.<br data-start=\"605\" data-end=\"608\" \/>Tama\u00f1o extra chico.<br data-start=\"627\" data-end=\"630\" \/>Ideal para peque\u00f1os obsequios.<\/p>\n<p data-start=\"662\" data-end=\"819\">Al recibir tu pedido, verific\u00e1 que el embalaje est\u00e9 en condiciones. Si ves el paquete muy golpeado, dejanos una nota en el remito del correo antes de firmar.<\/p>\n","protected":false},"featured_media":8024,"template":"","meta":{"solace_meta_sidebar":"","solace_meta_container":"","solace_meta_enable_content_width":"off","solace_meta_content_width":100,"solace_meta_title_alignment":"","solace_meta_author_avatar":"","solace_post_elements_order":"","solace_meta_disable_header":"","solace_meta_disable_footer":"","solace_meta_disable_title":""},"product_brand":[],"product_cat":[65],"product_tag":[318,85,176,251],"class_list":{"0":"post-6850","1":"product","2":"type-product","3":"status-publish","4":"has-post-thumbnail","6":"product_cat-bolsas-regalo","7":"product_tag-cajaescocesa","8":"product_tag-multipaq","9":"product_tag-packaging","10":"product_tag-souvenirs","12":"first","13":"instock","14":"shipping-taxable","15":"purchasable","16":"product-type-simple"},"_links":{"self":[{"href":"https:\/\/www.multipaq.com.ar\/index.php?rest_route=\/wp\/v2\/product\/6850","targetHints":{"allow":["GET"]}}],"collection":[{"href":"https:\/\/www.multipaq.com.ar\/index.php?rest_route=\/wp\/v2\/product"}],"about":[{"href":"https:\/\/www.multipaq.com.ar\/index.php?rest_route=\/wp\/v2\/types\/product"}],"version-history":[{"count":0,"href":"https:\/\/www.multipaq.com.ar\/index.php?rest_route=\/wp\/v2\/product\/6850\/revisions"}],"wp:featuredmedia":[{"embeddable":true,"href":"https:\/\/www.multipaq.com.ar\/index.php?rest_route=\/wp\/v2\/media\/8024"}],"wp:attachment":[{"href":"https:\/\/www.multipaq.com.ar\/index.php?rest_route=%2Fwp%2Fv2%2Fmedia&parent=6850"}],"wp:term":[{"taxonomy":"product_brand","embeddable":true,"href":"https:\/\/www.multipaq.com.ar\/index.php?rest_route=%2Fwp%2Fv2%2Fproduct_brand&post=6850"},{"taxonomy":"product_cat","embeddable":true,"href":"https:\/\/www.multipaq.com.ar\/index.php?rest_route=%2Fwp%2Fv2%2Fproduct_cat&post=6850"},{"taxonomy":"product_tag","embeddable":true,"href":"https:\/\/www.multipaq.com.ar\/index.php?rest_route=%2Fwp%2Fv2%2Fproduct_tag&post=6850"}],"curies":[{"name":"wp","href":"https:\/\/api.w.org\/{rel}","templated":true}]}}