{"id":6849,"date":"2025-12-20T20:38:57","date_gmt":"2025-12-20T23:38:57","guid":{"rendered":"https:\/\/www.multipaq.com.ar\/producto\/simplea0722caja-escocesa-chica12x12x06-x-unidad-101cajas-regalo2614\/"},"modified":"2026-04-16T09:04:50","modified_gmt":"2026-04-16T12:04:50","slug":"simplea0722caja-escocesa-chica12x12x06-x-unidad-101cajas-regalo2614","status":"publish","type":"product","link":"https:\/\/www.multipaq.com.ar\/?product=simplea0722caja-escocesa-chica12x12x06-x-unidad-101cajas-regalo2614","title":{"rendered":"CAJA DE REGALO ESCOCESA CHICA 12X12X06"},"content":{"rendered":"<p data-start=\"75\" data-end=\"319\">Caja de regalo modelo escocesa tama\u00f1o chica, ideal para presentar obsequios, accesorios y peque\u00f1os productos con una terminaci\u00f3n elegante y llamativa. Su dise\u00f1o tipo tart\u00e1n en tonos rojos, negros y blancos aporta un estilo cl\u00e1sico y distintivo.<\/p>\n<p data-start=\"321\" data-end=\"444\">Es una excelente opci\u00f3n para packaging en fechas especiales, locales y emprendimientos que buscan una presentaci\u00f3n cuidada.<\/p>\n<p data-start=\"446\" data-end=\"525\">\u00bfTen\u00e9s dudas? Click en el Whatsapp de la p\u00e1gina, y respondemos en cuanto antes.<\/p>\n","protected":false},"excerpt":{"rendered":"<p data-start=\"558\" data-end=\"650\">Caja de regalo dise\u00f1o escoc\u00e9s.<br data-start=\"588\" data-end=\"591\" \/>Medida 12x12x06 cm.<br data-start=\"610\" data-end=\"613\" \/>Tama\u00f1o chico.<br data-start=\"626\" data-end=\"629\" \/>Ideal para obsequios.<\/p>\n<p data-start=\"652\" data-end=\"809\">Al recibir tu pedido, verific\u00e1 que el embalaje est\u00e9 en condiciones. Si ves el paquete muy golpeado, dejanos una nota en el remito del correo antes de firmar.<\/p>\n","protected":false},"featured_media":8025,"template":"","meta":{"solace_meta_sidebar":"","solace_meta_container":"","solace_meta_enable_content_width":"off","solace_meta_content_width":100,"solace_meta_title_alignment":"","solace_meta_author_avatar":"","solace_post_elements_order":"","solace_meta_disable_header":"","solace_meta_disable_footer":"","solace_meta_disable_title":""},"product_brand":[],"product_cat":[65],"product_tag":[121,318,117,85,176],"class_list":{"0":"post-6849","1":"product","2":"type-product","3":"status-publish","4":"has-post-thumbnail","6":"product_cat-bolsas-regalo","7":"product_tag-cajachica","8":"product_tag-cajaescocesa","9":"product_tag-cajapararegalos","10":"product_tag-multipaq","11":"product_tag-packaging","13":"first","14":"instock","15":"shipping-taxable","16":"purchasable","17":"product-type-simple"},"_links":{"self":[{"href":"https:\/\/www.multipaq.com.ar\/index.php?rest_route=\/wp\/v2\/product\/6849","targetHints":{"allow":["GET"]}}],"collection":[{"href":"https:\/\/www.multipaq.com.ar\/index.php?rest_route=\/wp\/v2\/product"}],"about":[{"href":"https:\/\/www.multipaq.com.ar\/index.php?rest_route=\/wp\/v2\/types\/product"}],"version-history":[{"count":0,"href":"https:\/\/www.multipaq.com.ar\/index.php?rest_route=\/wp\/v2\/product\/6849\/revisions"}],"wp:featuredmedia":[{"embeddable":true,"href":"https:\/\/www.multipaq.com.ar\/index.php?rest_route=\/wp\/v2\/media\/8025"}],"wp:attachment":[{"href":"https:\/\/www.multipaq.com.ar\/index.php?rest_route=%2Fwp%2Fv2%2Fmedia&parent=6849"}],"wp:term":[{"taxonomy":"product_brand","embeddable":true,"href":"https:\/\/www.multipaq.com.ar\/index.php?rest_route=%2Fwp%2Fv2%2Fproduct_brand&post=6849"},{"taxonomy":"product_cat","embeddable":true,"href":"https:\/\/www.multipaq.com.ar\/index.php?rest_route=%2Fwp%2Fv2%2Fproduct_cat&post=6849"},{"taxonomy":"product_tag","embeddable":true,"href":"https:\/\/www.multipaq.com.ar\/index.php?rest_route=%2Fwp%2Fv2%2Fproduct_tag&post=6849"}],"curies":[{"name":"wp","href":"https:\/\/api.w.org\/{rel}","templated":true}]}}