{"id":6846,"date":"2025-12-20T20:38:56","date_gmt":"2025-12-20T23:38:56","guid":{"rendered":"https:\/\/www.multipaq.com.ar\/producto\/simplea0716golden-dots-14x8x20101bolsa-fantasia726\/"},"modified":"2026-04-11T19:58:51","modified_gmt":"2026-04-11T22:58:51","slug":"simplea0716golden-dots-14x8x20101bolsa-fantasia726","status":"publish","type":"product","link":"https:\/\/www.multipaq.com.ar\/?product=simplea0716golden-dots-14x8x20101bolsa-fantasia726","title":{"rendered":"BOLSA FANTAS\u00cdA GOLDEN DOTS 14X8X20"},"content":{"rendered":"<p data-start=\"71\" data-end=\"340\">Bolsa fantas\u00eda modelo Golden Dots, ideal para presentar regalos, souvenirs y productos con una terminaci\u00f3n decorativa y elegante. Su dise\u00f1o con lunares aporta un detalle atractivo, siendo una opci\u00f3n muy utilizada para packaging de obsequios y presentaciones especiales. Su formato pr\u00e1ctico la hace ideal para locales, emprendimientos y eventos.<\/p>\n<p data-start=\"418\" data-end=\"497\">\u00bfTen\u00e9s dudas? Click en el Whatsapp de la p\u00e1gina, y respondemos en cuanto antes.<\/p>\n","protected":false},"excerpt":{"rendered":"<p data-start=\"530\" data-end=\"630\">Bolsa fantas\u00eda modelo Golden Dots.<br data-start=\"564\" data-end=\"567\" \/>Medida 14x8x20 cm.<br data-start=\"585\" data-end=\"588\" \/>Ideal para regalos, souvenirs y packaging.<\/p>\n<p data-start=\"632\" data-end=\"789\">Al recibir tu pedido, verific\u00e1 que el embalaje est\u00e9 en condiciones. Si ves el paquete muy golpeado, dejanos una nota en el remito del correo antes de firmar.<\/p>\n","protected":false},"featured_media":7995,"template":"","meta":{"solace_meta_sidebar":"","solace_meta_container":"","solace_meta_enable_content_width":"off","solace_meta_content_width":100,"solace_meta_title_alignment":"","solace_meta_author_avatar":"","solace_post_elements_order":"","solace_meta_disable_header":"","solace_meta_disable_footer":"","solace_meta_disable_title":""},"product_brand":[],"product_cat":[65],"product_tag":[244,297,85,176],"class_list":{"0":"post-6846","1":"product","2":"type-product","3":"status-publish","4":"has-post-thumbnail","6":"product_cat-bolsas-regalo","7":"product_tag-bolsafantasia","8":"product_tag-goldendots","9":"product_tag-multipaq","10":"product_tag-packaging","12":"first","13":"instock","14":"shipping-taxable","15":"purchasable","16":"product-type-simple"},"_links":{"self":[{"href":"https:\/\/www.multipaq.com.ar\/index.php?rest_route=\/wp\/v2\/product\/6846","targetHints":{"allow":["GET"]}}],"collection":[{"href":"https:\/\/www.multipaq.com.ar\/index.php?rest_route=\/wp\/v2\/product"}],"about":[{"href":"https:\/\/www.multipaq.com.ar\/index.php?rest_route=\/wp\/v2\/types\/product"}],"version-history":[{"count":0,"href":"https:\/\/www.multipaq.com.ar\/index.php?rest_route=\/wp\/v2\/product\/6846\/revisions"}],"wp:featuredmedia":[{"embeddable":true,"href":"https:\/\/www.multipaq.com.ar\/index.php?rest_route=\/wp\/v2\/media\/7995"}],"wp:attachment":[{"href":"https:\/\/www.multipaq.com.ar\/index.php?rest_route=%2Fwp%2Fv2%2Fmedia&parent=6846"}],"wp:term":[{"taxonomy":"product_brand","embeddable":true,"href":"https:\/\/www.multipaq.com.ar\/index.php?rest_route=%2Fwp%2Fv2%2Fproduct_brand&post=6846"},{"taxonomy":"product_cat","embeddable":true,"href":"https:\/\/www.multipaq.com.ar\/index.php?rest_route=%2Fwp%2Fv2%2Fproduct_cat&post=6846"},{"taxonomy":"product_tag","embeddable":true,"href":"https:\/\/www.multipaq.com.ar\/index.php?rest_route=%2Fwp%2Fv2%2Fproduct_tag&post=6846"}],"curies":[{"name":"wp","href":"https:\/\/api.w.org\/{rel}","templated":true}]}}