{"id":6383,"date":"2025-12-20T20:35:31","date_gmt":"2025-12-20T23:35:31","guid":{"rendered":"https:\/\/www.multipaq.com.ar\/producto\/simplebbox2030caja-blanco-base-y-tapa-cartulina-270-bb101cajas-regalo2500\/"},"modified":"2026-04-04T20:55:11","modified_gmt":"2026-04-04T23:55:11","slug":"caja-blanco-base-y-tapa-cartulina-270-bb","status":"publish","type":"product","link":"https:\/\/www.multipaq.com.ar\/?product=caja-blanco-base-y-tapa-cartulina-270-bb","title":{"rendered":"CAJA LARGE BLANCA LINEA PREMIUM BASE Y TAPA CARTULINA 270 G"},"content":{"rendered":"<p>MULTIPAQ. Caja l\u00ednea Premium. <span class=\"x19la9d6 x1fc57z9 x6ikm8r x10wlt62 x19co3pv x11tp94h xfibh0p xiy17q3 x1xsqp64 x1lkfr7t xexx8yu xyri2b x18d9i69 x1c1uobl\"><span class=\"xrtxmta x1bhl96m\">\ud83c\udf81 <\/span><\/span>De base y tapa. Blanco impecable. Mide 18\u00d730. Muy chic, muy paqueta y resistente. Experiencia de lujo. Nuestra caja premium de base y tapa (18\u00d730 cm) ofrece un acabado profesional y elegante. Su gran ventaja: altura ajustable de 8 o 9 cm, d\u00e1ndote m\u00e1xima flexibilidad. <span class=\"x19la9d6 x1fc57z9 x6ikm8r x10wlt62 x19co3pv x11tp94h xfibh0p xiy17q3 x1xsqp64 x1lkfr7t xexx8yu xyri2b x18d9i69 x1c1uobl\"><span class=\"xrtxmta x1bhl96m\">\ud83d\udc9a <\/span><\/span>M\u00faltiples usos. <span class=\"x19la9d6 x1fc57z9 x6ikm8r x10wlt62 x19co3pv x11tp94h xfibh0p xiy17q3 x1xsqp64 x1lkfr7t xexx8yu xyri2b x18d9i69 x1c1uobl\"><span class=\"xrtxmta x1bhl96m\">\ud83d\udc9d<\/span><\/span>Perfecta para proteger y realzar el valor de tus productos a precio <span class=\"x19la9d6 x1fc57z9 x6ikm8r x10wlt62 x19co3pv x11tp94h xfibh0p xiy17q3 x1xsqp64 x1lkfr7t xexx8yu xyri2b x18d9i69 x1c1uobl\"><span class=\"xrtxmta x1bhl96m\">\ud83d\udcb0 <\/span><\/span>accesible. Ideales para ropa, regalos, <span class=\"x19la9d6 x1fc57z9 x6ikm8r x10wlt62 x19co3pv x11tp94h xfibh0p xiy17q3 x1xsqp64 x1lkfr7t xexx8yu xyri2b x18d9i69 x1c1uobl\"><span class=\"xrtxmta x1bhl96m\">\ud83c\udf80<\/span><\/span> kits, desayunos y m\u00e1s.<\/p>\n","protected":false},"excerpt":{"rendered":"<p>Caja blanca Premium 18&#215;30<\/p>\n<p>Al recibir tu pedido, verific\u00e1 que el embalaje est\u00e9 en condiciones. Si ves el paquete muy golpeado, dejanos una nota en el remito del correo antes de firmar.<\/p>\n","protected":false},"featured_media":7846,"template":"","meta":{"solace_meta_sidebar":"","solace_meta_container":"","solace_meta_enable_content_width":"off","solace_meta_content_width":100,"solace_meta_title_alignment":"","solace_meta_author_avatar":"","solace_post_elements_order":"","solace_meta_disable_header":"","solace_meta_disable_footer":"","solace_meta_disable_title":""},"product_brand":[],"product_cat":[71],"product_tag":[220,118,117,120,173,85,176],"class_list":{"0":"post-6383","1":"product","2":"type-product","3":"status-publish","4":"has-post-thumbnail","6":"product_cat-cajas-y-estuches","7":"product_tag-cajabaseytapa","8":"product_tag-cajafina","9":"product_tag-cajapararegalos","10":"product_tag-cajapremium","11":"product_tag-cajaregalo","12":"product_tag-multipaq","13":"product_tag-packaging","15":"first","16":"instock","17":"shipping-taxable","18":"purchasable","19":"product-type-simple"},"_links":{"self":[{"href":"https:\/\/www.multipaq.com.ar\/index.php?rest_route=\/wp\/v2\/product\/6383","targetHints":{"allow":["GET"]}}],"collection":[{"href":"https:\/\/www.multipaq.com.ar\/index.php?rest_route=\/wp\/v2\/product"}],"about":[{"href":"https:\/\/www.multipaq.com.ar\/index.php?rest_route=\/wp\/v2\/types\/product"}],"version-history":[{"count":0,"href":"https:\/\/www.multipaq.com.ar\/index.php?rest_route=\/wp\/v2\/product\/6383\/revisions"}],"wp:featuredmedia":[{"embeddable":true,"href":"https:\/\/www.multipaq.com.ar\/index.php?rest_route=\/wp\/v2\/media\/7846"}],"wp:attachment":[{"href":"https:\/\/www.multipaq.com.ar\/index.php?rest_route=%2Fwp%2Fv2%2Fmedia&parent=6383"}],"wp:term":[{"taxonomy":"product_brand","embeddable":true,"href":"https:\/\/www.multipaq.com.ar\/index.php?rest_route=%2Fwp%2Fv2%2Fproduct_brand&post=6383"},{"taxonomy":"product_cat","embeddable":true,"href":"https:\/\/www.multipaq.com.ar\/index.php?rest_route=%2Fwp%2Fv2%2Fproduct_cat&post=6383"},{"taxonomy":"product_tag","embeddable":true,"href":"https:\/\/www.multipaq.com.ar\/index.php?rest_route=%2Fwp%2Fv2%2Fproduct_tag&post=6383"}],"curies":[{"name":"wp","href":"https:\/\/api.w.org\/{rel}","templated":true}]}}