{"id":6184,"date":"2025-12-20T20:34:03","date_gmt":"2025-12-20T23:34:03","guid":{"rendered":"https:\/\/www.multipaq.com.ar\/producto\/simple1412caja-corazon-color-negro101estuches-pack-groupn-a\/"},"modified":"2026-04-04T20:55:10","modified_gmt":"2026-04-04T23:55:10","slug":"caja-corazon-color-negro","status":"publish","type":"product","link":"https:\/\/www.multipaq.com.ar\/?product=caja-corazon-color-negro","title":{"rendered":"CAJA CORAZON COLOR NEGRO"},"content":{"rendered":"<p>Delicado estuche en forma de coraz\u00f3n. Ideal para bombones. Dise\u00f1o sexy y sugestivo para combinar con mo\u00f1os a lunares.\u00a0 Regalos inolvidables. Varios colores. Cartulina brillante. Suuuper!<\/p>\n<p>Si tenes alguna duda, nos comunicamos por WhatsApp al +543814547037 y listo. Resuelto en un ratito!!<\/p>\n","protected":false},"excerpt":{"rendered":"<p>CAJA CORAZON NEGRO<\/p>\n<p>Al recibir tu pedido, verific\u00e1 que el embalaje est\u00e9 en condiciones. Si ves el paquete muy golpeado, dejanos una nota en el remito del correo antes de firmar.<\/p>\n","protected":false},"featured_media":7975,"template":"","meta":{"solace_meta_sidebar":"","solace_meta_container":"","solace_meta_enable_content_width":"off","solace_meta_content_width":100,"solace_meta_title_alignment":"","solace_meta_author_avatar":"","solace_post_elements_order":"","solace_meta_disable_header":"","solace_meta_disable_footer":"","solace_meta_disable_title":""},"product_brand":[],"product_cat":[71],"product_tag":[121,280,118,117,173,281,85,176],"class_list":{"0":"post-6184","1":"product","2":"type-product","3":"status-publish","4":"has-post-thumbnail","6":"product_cat-cajas-y-estuches","7":"product_tag-cajachica","8":"product_tag-cajacorazon","9":"product_tag-cajafina","10":"product_tag-cajapararegalos","11":"product_tag-cajaregalo","12":"product_tag-estuchecorazon","13":"product_tag-multipaq","14":"product_tag-packaging","16":"first","17":"instock","18":"shipping-taxable","19":"purchasable","20":"product-type-simple"},"_links":{"self":[{"href":"https:\/\/www.multipaq.com.ar\/index.php?rest_route=\/wp\/v2\/product\/6184","targetHints":{"allow":["GET"]}}],"collection":[{"href":"https:\/\/www.multipaq.com.ar\/index.php?rest_route=\/wp\/v2\/product"}],"about":[{"href":"https:\/\/www.multipaq.com.ar\/index.php?rest_route=\/wp\/v2\/types\/product"}],"version-history":[{"count":0,"href":"https:\/\/www.multipaq.com.ar\/index.php?rest_route=\/wp\/v2\/product\/6184\/revisions"}],"wp:featuredmedia":[{"embeddable":true,"href":"https:\/\/www.multipaq.com.ar\/index.php?rest_route=\/wp\/v2\/media\/7975"}],"wp:attachment":[{"href":"https:\/\/www.multipaq.com.ar\/index.php?rest_route=%2Fwp%2Fv2%2Fmedia&parent=6184"}],"wp:term":[{"taxonomy":"product_brand","embeddable":true,"href":"https:\/\/www.multipaq.com.ar\/index.php?rest_route=%2Fwp%2Fv2%2Fproduct_brand&post=6184"},{"taxonomy":"product_cat","embeddable":true,"href":"https:\/\/www.multipaq.com.ar\/index.php?rest_route=%2Fwp%2Fv2%2Fproduct_cat&post=6184"},{"taxonomy":"product_tag","embeddable":true,"href":"https:\/\/www.multipaq.com.ar\/index.php?rest_route=%2Fwp%2Fv2%2Fproduct_tag&post=6184"}],"curies":[{"name":"wp","href":"https:\/\/api.w.org\/{rel}","templated":true}]}}