{"id":5970,"date":"2025-12-20T20:32:36","date_gmt":"2025-12-20T23:32:36","guid":{"rendered":"https:\/\/www.multipaq.com.ar\/producto\/simplea1137friselina-45x40-con-asa-lisa-blanco101bolsa-de-friselina609\/"},"modified":"2026-04-04T20:55:07","modified_gmt":"2026-04-04T23:55:07","slug":"bolsa-de-tela-ecologica-con-asa-lisa-blanco-45x40","status":"publish","type":"product","link":"https:\/\/www.multipaq.com.ar\/?product=bolsa-de-tela-ecologica-con-asa-lisa-blanco-45x40","title":{"rendered":"BOLSA DE TELA ECOLOGICA CON ASA. LISA. BLANCO. (45X40)"},"content":{"rendered":"<p>Lista para el cambio clim\u00e1tico!. Amigable con el medio ambiente! Reutilizable, sustentable, bonita.<br \/>\nBolsa de tela ecol\u00f3gica blanca muy vers\u00e1til. Imprimible con tu logo y f\u00e1cil de personalizar. La medida es de 45 cm. de ancho por 40 cm. de alto y tiene un fuelle inferior de 5 cm lo qeu la ampl\u00eda un poquito mas.<\/p>\n<p>Por alguna duda, nos llamas al WhatsApp de Multipaq: +543814547037 y listo. Resuelto!!<\/p>\n","protected":false},"excerpt":{"rendered":"<p>BOLSA DE TELA ECOLOGICA 45X40 CON ASA. LISA. BLANCO<\/p>\n<p>Al recibir tu pedido, verific\u00e1 que el embalaje est\u00e9 en condiciones. Si ves el paquete muy golpeado, dejanos una nota en el remito del correo antes de firmar.<\/p>\n","protected":false},"featured_media":7978,"template":"","meta":{"solace_meta_sidebar":"","solace_meta_container":"","solace_meta_enable_content_width":"off","solace_meta_content_width":100,"solace_meta_title_alignment":"","solace_meta_author_avatar":"","solace_post_elements_order":"","solace_meta_disable_header":"","solace_meta_disable_footer":"","solace_meta_disable_title":""},"product_brand":[],"product_cat":[65,74],"product_tag":[111,108,112,222,110,279,85,176],"class_list":{"0":"post-5970","1":"product","2":"type-product","3":"status-publish","4":"has-post-thumbnail","6":"product_cat-bolsas-regalo","7":"product_cat-tela-ecologica","8":"product_tag-bolsaderegalo","9":"product_tag-bolsadetelaecologica","10":"product_tag-bolsapararegalo","11":"product_tag-bolsareutilizable","12":"product_tag-bolsasustentable","13":"product_tag-envoltoriopararegalos","14":"product_tag-multipaq","15":"product_tag-packaging","17":"first","18":"instock","19":"shipping-taxable","20":"purchasable","21":"product-type-simple"},"_links":{"self":[{"href":"https:\/\/www.multipaq.com.ar\/index.php?rest_route=\/wp\/v2\/product\/5970","targetHints":{"allow":["GET"]}}],"collection":[{"href":"https:\/\/www.multipaq.com.ar\/index.php?rest_route=\/wp\/v2\/product"}],"about":[{"href":"https:\/\/www.multipaq.com.ar\/index.php?rest_route=\/wp\/v2\/types\/product"}],"version-history":[{"count":1,"href":"https:\/\/www.multipaq.com.ar\/index.php?rest_route=\/wp\/v2\/product\/5970\/revisions"}],"predecessor-version":[{"id":7979,"href":"https:\/\/www.multipaq.com.ar\/index.php?rest_route=\/wp\/v2\/product\/5970\/revisions\/7979"}],"wp:featuredmedia":[{"embeddable":true,"href":"https:\/\/www.multipaq.com.ar\/index.php?rest_route=\/wp\/v2\/media\/7978"}],"wp:attachment":[{"href":"https:\/\/www.multipaq.com.ar\/index.php?rest_route=%2Fwp%2Fv2%2Fmedia&parent=5970"}],"wp:term":[{"taxonomy":"product_brand","embeddable":true,"href":"https:\/\/www.multipaq.com.ar\/index.php?rest_route=%2Fwp%2Fv2%2Fproduct_brand&post=5970"},{"taxonomy":"product_cat","embeddable":true,"href":"https:\/\/www.multipaq.com.ar\/index.php?rest_route=%2Fwp%2Fv2%2Fproduct_cat&post=5970"},{"taxonomy":"product_tag","embeddable":true,"href":"https:\/\/www.multipaq.com.ar\/index.php?rest_route=%2Fwp%2Fv2%2Fproduct_tag&post=5970"}],"curies":[{"name":"wp","href":"https:\/\/api.w.org\/{rel}","templated":true}]}}