{"id":5922,"date":"2025-12-20T20:32:18","date_gmt":"2025-12-20T23:32:18","guid":{"rendered":"https:\/\/www.multipaq.com.ar\/producto\/simplea0373caja-corazon-color-rojo101estuches-pack-group1115\/"},"modified":"2026-04-04T20:55:09","modified_gmt":"2026-04-04T23:55:09","slug":"caja-corazon-color-rojo","status":"publish","type":"product","link":"https:\/\/www.multipaq.com.ar\/?product=caja-corazon-color-rojo","title":{"rendered":"CAJA CORAZON COLOR ROJO"},"content":{"rendered":"<p>Para regalos expresivos esta caja en forma de coraz\u00f3n es inigualable! Chocolates con amor van muy bien en ella. siempre puede ser multiuso. la imaginaci\u00f3n es incre\u00edble. Cartulina brillante.<\/p>\n<p>Por alguna duda, nos llamas al WhatsApp de Multipaq: +543814547037 y listo. Resuelto!!<\/p>\n","protected":false},"excerpt":{"rendered":"<p>CAJA CORAZON ROJO<\/p>\n<p>Al recibir tu pedido, verific\u00e1 que el embalaje est\u00e9 en condiciones. Si ves el paquete muy golpeado, dejanos una nota en el remito del correo antes de firmar.<\/p>\n","protected":false},"featured_media":7977,"template":"","meta":{"solace_meta_sidebar":"","solace_meta_container":"","solace_meta_enable_content_width":"off","solace_meta_content_width":100,"solace_meta_title_alignment":"","solace_meta_author_avatar":"","solace_post_elements_order":"","solace_meta_disable_header":"","solace_meta_disable_footer":"","solace_meta_disable_title":""},"product_brand":[],"product_cat":[71],"product_tag":[282,121,280,118,117,173,281,85,176,164],"class_list":{"0":"post-5922","1":"product","2":"type-product","3":"status-publish","4":"has-post-thumbnail","6":"product_cat-cajas-y-estuches","7":"product_tag-cajabombones","8":"product_tag-cajachica","9":"product_tag-cajacorazon","10":"product_tag-cajafina","11":"product_tag-cajapararegalos","12":"product_tag-cajaregalo","13":"product_tag-estuchecorazon","14":"product_tag-multipaq","15":"product_tag-packaging","16":"product_tag-regalo","18":"first","19":"instock","20":"shipping-taxable","21":"purchasable","22":"product-type-simple"},"_links":{"self":[{"href":"https:\/\/www.multipaq.com.ar\/index.php?rest_route=\/wp\/v2\/product\/5922","targetHints":{"allow":["GET"]}}],"collection":[{"href":"https:\/\/www.multipaq.com.ar\/index.php?rest_route=\/wp\/v2\/product"}],"about":[{"href":"https:\/\/www.multipaq.com.ar\/index.php?rest_route=\/wp\/v2\/types\/product"}],"version-history":[{"count":0,"href":"https:\/\/www.multipaq.com.ar\/index.php?rest_route=\/wp\/v2\/product\/5922\/revisions"}],"wp:featuredmedia":[{"embeddable":true,"href":"https:\/\/www.multipaq.com.ar\/index.php?rest_route=\/wp\/v2\/media\/7977"}],"wp:attachment":[{"href":"https:\/\/www.multipaq.com.ar\/index.php?rest_route=%2Fwp%2Fv2%2Fmedia&parent=5922"}],"wp:term":[{"taxonomy":"product_brand","embeddable":true,"href":"https:\/\/www.multipaq.com.ar\/index.php?rest_route=%2Fwp%2Fv2%2Fproduct_brand&post=5922"},{"taxonomy":"product_cat","embeddable":true,"href":"https:\/\/www.multipaq.com.ar\/index.php?rest_route=%2Fwp%2Fv2%2Fproduct_cat&post=5922"},{"taxonomy":"product_tag","embeddable":true,"href":"https:\/\/www.multipaq.com.ar\/index.php?rest_route=%2Fwp%2Fv2%2Fproduct_tag&post=5922"}],"curies":[{"name":"wp","href":"https:\/\/api.w.org\/{rel}","templated":true}]}}