{"id":7903,"date":"2026-03-09T12:55:22","date_gmt":"2026-03-09T15:55:22","guid":{"rendered":"https:\/\/www.multipaq.com.ar\/politica-de-cookies-br\/"},"modified":"2026-03-14T13:09:03","modified_gmt":"2026-03-14T16:09:03","slug":"politica-de-cookies-br","status":"publish","type":"page","link":"https:\/\/www.multipaq.com.ar\/?page_id=7903","title":{"rendered":"Pol\u00edtica de cookies"},"content":{"rendered":"\t\t<div data-elementor-type=\"wp-page\" data-elementor-id=\"7903\" class=\"elementor elementor-7903\">\n\t\t\t\t<div class=\"elementor-element elementor-element-1006f57c e-flex e-con-boxed e-con e-parent\" data-id=\"1006f57c\" data-element_type=\"container\" data-e-type=\"container\">\n\t\t\t\t\t<div class=\"e-con-inner\">\n\t\t\t\t<div class=\"elementor-element elementor-element-53bd4f8 elementor-widget elementor-widget-heading\" data-id=\"53bd4f8\" data-element_type=\"widget\" data-e-type=\"widget\" data-widget_type=\"heading.default\">\n\t\t\t\t\t<h2 class=\"elementor-heading-title elementor-size-default\">Pol\u00edtica de Cookies para Argentina<\/h2>\t\t\t\t<\/div>\n\t\t\t\t\t<\/div>\n\t\t\t\t<\/div>\n\t\t<div class=\"elementor-element elementor-element-a4a4ce3 e-flex e-con-boxed e-con e-parent\" data-id=\"a4a4ce3\" data-element_type=\"container\" data-e-type=\"container\">\n\t\t\t\t\t<div class=\"e-con-inner\">\n\t\t\t\t<div class=\"elementor-element elementor-element-4f84fd5 elementor-widget elementor-widget-text-editor\" data-id=\"4f84fd5\" data-element_type=\"widget\" data-e-type=\"widget\" data-widget_type=\"text-editor.default\">\n\t\t\t\t\t\t\t\t\t<div class=\"container\"><div id=\"model-response-message-contentr_f98b60540a6a49df\" class=\"markdown markdown-main-panel enable-updated-hr-color\" dir=\"ltr\" aria-live=\"polite\" aria-busy=\"false\"><h3 data-path-to-node=\"4\">1. \u00bfQu\u00e9 son las Cookies?<\/h3><p data-path-to-node=\"5\">Las cookies son peque\u00f1os archivos de texto que los sitios web almacenan en su navegador para recordar informaci\u00f3n sobre su visita, lo que puede facilitar su pr\u00f3xima visita y hacer que el sitio le resulte m\u00e1s \u00fatil.<\/p><h3 data-path-to-node=\"6\">2. Marco Legal Aplicable<\/h3><p data-path-to-node=\"7\">En cumplimiento con la <b data-path-to-node=\"7\" data-index-in-node=\"23\">Ley de Protecci\u00f3n de Datos Personales N\u00ba 25.326<\/b> y las disposiciones de la <b data-path-to-node=\"7\" data-index-in-node=\"97\">Agencia de Acceso a la Informaci\u00f3n P\u00fablica (AAIP)<\/b> de la Rep\u00fablica Argentina, informamos al usuario sobre el uso de estos dispositivos en nuestro sitio.<\/p><h3 data-path-to-node=\"8\">3. Tipos de Cookies que utilizamos<\/h3><p data-path-to-node=\"9\">Nuestro sitio utiliza cookies para las siguientes finalidades:<\/p><ul data-path-to-node=\"10\"><li><p data-path-to-node=\"10,0,0\"><b data-path-to-node=\"10,0,0\" data-index-in-node=\"0\">T\u00e9cnicas y Necesarias:<\/b> Vitales para el funcionamiento del carrito de compras y la seguridad del sitio.<\/p><\/li><li><p data-path-to-node=\"10,1,0\"><b data-path-to-node=\"10,1,0\" data-index-in-node=\"0\">De Personalizaci\u00f3n:<\/b> Permiten recordar sus preferencias (como el idioma o la regi\u00f3n).<\/p><\/li><li><p data-path-to-node=\"10,2,0\"><b data-path-to-node=\"10,2,0\" data-index-in-node=\"0\">De An\u00e1lisis:<\/b> Nos ayudan a entender c\u00f3mo interact\u00faan los visitantes con la web (ej. Google Analytics), siempre de forma an\u00f3nima o bajo su consentimiento.<\/p><\/li><li><p data-path-to-node=\"10,3,0\"><b data-path-to-node=\"10,3,0\" data-index-in-node=\"0\">Publicitarias y de Terceros:<\/b> Utilizadas para mostrar anuncios relevantes o conectar con redes sociales.<\/p><\/li><\/ul><h3 data-path-to-node=\"11\">4. Consentimiento Informado<\/h3><p data-path-to-node=\"12\">Al navegar por nuestro sitio, usted tiene el derecho de aceptar, configurar o rechazar el uso de cookies no esenciales. El consentimiento se considera <b data-path-to-node=\"12\" data-index-in-node=\"151\">libre e informado<\/b> conforme a los est\u00e1ndares locales.<\/p><h3 data-path-to-node=\"13\">5. C\u00f3mo gestionar o desactivar las Cookies<\/h3><p data-path-to-node=\"14\">Usted puede restringir, bloquear o borrar las cookies de este sitio web en cualquier momento modificando la configuraci\u00f3n de su navegador:<\/p><ul data-path-to-node=\"15\"><li><p data-path-to-node=\"15,0,0\"><b data-path-to-node=\"15,0,0\" data-index-in-node=\"0\">Chrome:<\/b> Configuraci\u00f3n -&gt; Privacidad y seguridad.<\/p><\/li><li><p data-path-to-node=\"15,1,0\"><b data-path-to-node=\"15,1,0\" data-index-in-node=\"0\">Firefox:<\/b> Opciones -&gt; Privacidad y Seguridad.<\/p><\/li><li><p data-path-to-node=\"15,2,0\"><b data-path-to-node=\"15,2,0\" data-index-in-node=\"0\">Safari:<\/b> Preferencias -&gt; Privacidad.<\/p><\/li><\/ul><h3 data-path-to-node=\"16\">6. Derechos del Titular de los Datos<\/h3><p data-path-to-node=\"17\">Le recordamos que, bajo la Ley 25.326, usted tiene derecho de acceso, rectificaci\u00f3n, actualizaci\u00f3n y supresi\u00f3n de sus datos personales. Para cualquier consulta sobre c\u00f3mo manejamos su informaci\u00f3n, puede contactarnos a trav\u00e9s de nuestro <b data-path-to-node=\"17\" data-index-in-node=\"236\">WhatsApp<\/b> o correo oficial.<\/p><\/div><\/div>\t\t\t\t\t\t\t\t<\/div>\n\t\t\t\t\t<\/div>\n\t\t\t\t<\/div>\n\t\t\t\t<\/div>\n\t\t","protected":false},"excerpt":{"rendered":"<p>Pol\u00edtica de Cookies para Argentina 1. \u00bfQu\u00e9 son las Cookies? Las cookies son peque\u00f1os archivos de texto que los sitios web almacenan en su navegador para recordar informaci\u00f3n sobre su visita, lo que puede facilitar su pr\u00f3xima visita y hacer que el sitio le resulte m\u00e1s \u00fatil. 2. Marco Legal Aplicable En cumplimiento con la<\/p>\n","protected":false},"author":1,"featured_media":0,"parent":0,"menu_order":0,"comment_status":"closed","ping_status":"closed","template":"","meta":{"solace_meta_sidebar":"","solace_meta_container":"","solace_meta_enable_content_width":"","solace_meta_content_width":0,"solace_meta_title_alignment":"","solace_meta_author_avatar":"","solace_post_elements_order":"","solace_meta_disable_header":"","solace_meta_disable_footer":"","solace_meta_disable_title":"","footnotes":""},"class_list":["post-7903","page","type-page","status-publish","hentry"],"_links":{"self":[{"href":"https:\/\/www.multipaq.com.ar\/index.php?rest_route=\/wp\/v2\/pages\/7903","targetHints":{"allow":["GET"]}}],"collection":[{"href":"https:\/\/www.multipaq.com.ar\/index.php?rest_route=\/wp\/v2\/pages"}],"about":[{"href":"https:\/\/www.multipaq.com.ar\/index.php?rest_route=\/wp\/v2\/types\/page"}],"author":[{"embeddable":true,"href":"https:\/\/www.multipaq.com.ar\/index.php?rest_route=\/wp\/v2\/users\/1"}],"replies":[{"embeddable":true,"href":"https:\/\/www.multipaq.com.ar\/index.php?rest_route=%2Fwp%2Fv2%2Fcomments&post=7903"}],"version-history":[{"count":7,"href":"https:\/\/www.multipaq.com.ar\/index.php?rest_route=\/wp\/v2\/pages\/7903\/revisions"}],"predecessor-version":[{"id":7920,"href":"https:\/\/www.multipaq.com.ar\/index.php?rest_route=\/wp\/v2\/pages\/7903\/revisions\/7920"}],"wp:attachment":[{"href":"https:\/\/www.multipaq.com.ar\/index.php?rest_route=%2Fwp%2Fv2%2Fmedia&parent=7903"}],"curies":[{"name":"wp","href":"https:\/\/api.w.org\/{rel}","templated":true}]}}