{"id":1689,"date":"2026-01-07T19:43:58","date_gmt":"2026-01-07T22:43:58","guid":{"rendered":"https:\/\/www.multipaq.com.ar\/?page_id=1689"},"modified":"2026-01-09T20:32:11","modified_gmt":"2026-01-09T23:32:11","slug":"reembolso_devoluciones","status":"publish","type":"page","link":"https:\/\/www.multipaq.com.ar\/?page_id=1689","title":{"rendered":"Pol\u00edtica de devoluciones y reembolsos"},"content":{"rendered":"\t\t<div data-elementor-type=\"wp-page\" data-elementor-id=\"1689\" class=\"elementor elementor-1689\">\n\t\t\t\t<div class=\"elementor-element elementor-element-1d2e683f e-flex e-con-boxed e-con e-parent\" data-id=\"1d2e683f\" data-element_type=\"container\" data-e-type=\"container\">\n\t\t\t\t\t<div class=\"e-con-inner\">\n\t\t\t\t<div class=\"elementor-element elementor-element-5d7914b1 elementor-widget elementor-widget-text-editor\" data-id=\"5d7914b1\" data-element_type=\"widget\" data-e-type=\"widget\" data-widget_type=\"text-editor.default\">\n\t\t\t\t\t\t\t\t\t<h3 data-path-to-node=\"3\">1. Pol\u00edtica de Devoluci\u00f3n y Cambios<\/h3>\n<ul data-path-to-node=\"5\">\n<li>\n<p data-path-to-node=\"5,0,0\"><b data-path-to-node=\"5,0,0\" data-index-in-node=\"0\">Plazo de arrepentimiento:<\/b> El cliente tiene <b data-path-to-node=\"5,0,0\" data-index-in-node=\"95\">10 d\u00edas corridos<\/b> desde que recibe el producto para arrepentirse de la compra la cual debe estar sin uso.<\/p>\n<\/li>\n<li>\n<p data-path-to-node=\"5,1,0\"><b data-path-to-node=\"5,1,0\" data-index-in-node=\"0\">Plazo de cambio:<\/b> <strong>10<\/strong><b data-path-to-node=\"5,1,0\" data-index-in-node=\"45\">\u00a0d\u00edas<\/b> h\u00e1biles posteriores a la notificaci\u00f3n fehaciente del arrepentimiento de compra para cambios por color o modelo o productos aceptados por ambas partes.<\/p>\n<\/li>\n<li>\n<p data-path-to-node=\"5,2,0\"><b data-path-to-node=\"5,2,0\" data-index-in-node=\"0\">Condiciones:<\/b> El producto debe estar en su embalaje original, con etiquetas y sin indicios de uso.<\/p>\n<\/li>\n<\/ul>\n<h3 data-path-to-node=\"6\">2. \u00bfQui\u00e9n paga el env\u00edo?<\/h3>\n<ul data-path-to-node=\"8\">\n<li>\n<p data-path-to-node=\"8,0,0\"><b data-path-to-node=\"8,0,0\" data-index-in-node=\"0\">Falla de f\u00e1brica o error en el env\u00edo:<\/b> El costo de env\u00edo corre por cuenta de tu tienda.<\/p>\n<\/li>\n<li>\n<p data-path-to-node=\"8,1,0\"><b data-path-to-node=\"8,1,0\" data-index-in-node=\"0\">Cambio por gusto:<\/b> El costo de env\u00edo corre por cuenta del <b data-path-to-node=\"8,1,0\" data-index-in-node=\"72\">cliente<\/b>.<\/p>\n<\/li>\n<li>\n<p data-path-to-node=\"8,2,0\"><b data-path-to-node=\"8,2,0\" data-index-in-node=\"0\">Puntos de retiro:<\/b> Los cambios en el local f\u00edsico de MULTIPAQ, esto es en calle Combate de Las Piedras 121, son gratuitos.<\/p>\n<\/li>\n<\/ul>\n<h3 data-path-to-node=\"9\">3. Proceso de Reembolso<\/h3>\n<ul data-path-to-node=\"11\">\n<li>\n<p data-path-to-node=\"11,0,0\">Si el pago fue por tarjeta, se hace la cancelaci\u00f3n (puede tardar unos d\u00edas en verse en el resumen).<\/p>\n<\/li>\n<li>\n<p data-path-to-node=\"11,1,0\">Si fue transferencia, se devuelve a la misma cuenta una vez recibido y verificado el producto.<\/p>\n<\/li>\n<\/ul>\n<hr data-path-to-node=\"12\" \/>\n<h3 data-path-to-node=\"13\">&#8220;Res\u00famen&#8221;<\/h3>\n<blockquote data-path-to-node=\"14\">\n<p data-path-to-node=\"14,0\"><b data-path-to-node=\"14,0\" data-index-in-node=\"0\">&#8220;Cambios y Devoluciones:<\/b> Ten\u00e9s 10 d\u00edas para arrepentirte y otros 10 para solicitar la devoluci\u00f3n total o parcial de tu dinero si no est\u00e1s conforme. El producto debe estar impecable. Los cambios por color o dise\u00f1o o modelo se realizan dentro de los 20 d\u00edas; en este caso, los costos de log\u00edstica quedan a cargo del comprador.&#8221;<\/p>\n<\/blockquote>\t\t\t\t\t\t\t\t<\/div>\n\t\t\t\t\t<\/div>\n\t\t\t\t<\/div>\n\t\t\t\t<\/div>\n\t\t","protected":false},"excerpt":{"rendered":"<p>1. Pol\u00edtica de Devoluci\u00f3n y Cambios Plazo de arrepentimiento: El cliente tiene 10 d\u00edas corridos desde que recibe el producto para arrepentirse de la compra la cual debe estar sin uso. Plazo de cambio: 10\u00a0d\u00edas h\u00e1biles posteriores a la notificaci\u00f3n fehaciente del arrepentimiento de compra para cambios por color o modelo o productos aceptados por<\/p>\n","protected":false},"author":1,"featured_media":0,"parent":0,"menu_order":0,"comment_status":"closed","ping_status":"closed","template":"","meta":{"solace_meta_sidebar":"","solace_meta_container":"","solace_meta_enable_content_width":"","solace_meta_content_width":0,"solace_meta_title_alignment":"","solace_meta_author_avatar":"","solace_post_elements_order":"","solace_meta_disable_header":"","solace_meta_disable_footer":"","solace_meta_disable_title":"","footnotes":""},"class_list":["post-1689","page","type-page","status-publish","hentry"],"_links":{"self":[{"href":"https:\/\/www.multipaq.com.ar\/index.php?rest_route=\/wp\/v2\/pages\/1689","targetHints":{"allow":["GET"]}}],"collection":[{"href":"https:\/\/www.multipaq.com.ar\/index.php?rest_route=\/wp\/v2\/pages"}],"about":[{"href":"https:\/\/www.multipaq.com.ar\/index.php?rest_route=\/wp\/v2\/types\/page"}],"author":[{"embeddable":true,"href":"https:\/\/www.multipaq.com.ar\/index.php?rest_route=\/wp\/v2\/users\/1"}],"replies":[{"embeddable":true,"href":"https:\/\/www.multipaq.com.ar\/index.php?rest_route=%2Fwp%2Fv2%2Fcomments&post=1689"}],"version-history":[{"count":3,"href":"https:\/\/www.multipaq.com.ar\/index.php?rest_route=\/wp\/v2\/pages\/1689\/revisions"}],"predecessor-version":[{"id":7360,"href":"https:\/\/www.multipaq.com.ar\/index.php?rest_route=\/wp\/v2\/pages\/1689\/revisions\/7360"}],"wp:attachment":[{"href":"https:\/\/www.multipaq.com.ar\/index.php?rest_route=%2Fwp%2Fv2%2Fmedia&parent=1689"}],"curies":[{"name":"wp","href":"https:\/\/api.w.org\/{rel}","templated":true}]}}