{"id":1134,"date":"2025-11-24T12:10:32","date_gmt":"2025-11-24T15:10:32","guid":{"rendered":"https:\/\/www.multipaq.com.ar\/?page_id=1134"},"modified":"2026-04-25T19:50:57","modified_gmt":"2026-04-25T22:50:57","slug":"catalogo","status":"publish","type":"page","link":"https:\/\/www.multipaq.com.ar\/?page_id=1134","title":{"rendered":"Cat\u00e1logo"},"content":{"rendered":"\t\t<div data-elementor-type=\"wp-page\" data-elementor-id=\"1134\" class=\"elementor elementor-1134\">\n\t\t\t\t<div class=\"elementor-element elementor-element-449a2afd e-flex e-con-boxed e-con e-parent\" data-id=\"449a2afd\" data-element_type=\"container\" data-e-type=\"container\">\n\t\t\t\t\t<div class=\"e-con-inner\">\n\t\t<div class=\"elementor-element elementor-element-2aa3c5f e-con-full e-flex e-con e-child\" data-id=\"2aa3c5f\" data-element_type=\"container\" data-e-type=\"container\">\n\t\t\t\t<div class=\"elementor-element elementor-element-ef7a185 elementor-widget elementor-widget-heading\" data-id=\"ef7a185\" data-element_type=\"widget\" data-e-type=\"widget\" data-widget_type=\"heading.default\">\n\t\t\t\t\t<h2 class=\"elementor-heading-title elementor-size-default\">Cat\u00e1logo<\/h2>\t\t\t\t<\/div>\n\t\t\t\t<\/div>\n\t\t\t\t<div class=\"elementor-element elementor-element-5a8a1644 elementor-widget elementor-widget-heading\" data-id=\"5a8a1644\" data-element_type=\"widget\" data-e-type=\"widget\" data-widget_type=\"heading.default\">\n\t\t\t\t\t<h5 class=\"elementor-heading-title elementor-size-default\">Explora nuestros envoltorios para regalos.<\/h5>\t\t\t\t<\/div>\n\t\t<div class=\"elementor-element elementor-element-47c04df3 e-grid e-con-full e-transform e-con e-child\" data-id=\"47c04df3\" data-element_type=\"container\" data-e-type=\"container\" data-settings=\"{&quot;_transform_scale_effect&quot;:{&quot;unit&quot;:&quot;px&quot;,&quot;size&quot;:&quot;&quot;,&quot;sizes&quot;:[]},&quot;_transform_scale_effect_tablet&quot;:{&quot;unit&quot;:&quot;px&quot;,&quot;size&quot;:&quot;&quot;,&quot;sizes&quot;:[]},&quot;_transform_scale_effect_mobile&quot;:{&quot;unit&quot;:&quot;px&quot;,&quot;size&quot;:&quot;&quot;,&quot;sizes&quot;:[]}}\">\n\t\t<div class=\"elementor-element elementor-element-73d29f5 e-con-full e-flex e-con e-child\" data-id=\"73d29f5\" data-element_type=\"container\" data-e-type=\"container\" data-settings=\"{&quot;background_background&quot;:&quot;classic&quot;}\">\n\t\t\t\t<div class=\"elementor-element elementor-element-7c1c5d9 elementor-widget elementor-widget-text-editor\" data-id=\"7c1c5d9\" data-element_type=\"widget\" data-e-type=\"widget\" data-widget_type=\"text-editor.default\">\n\t\t\t\t\t\t\t\t\t<h4>MO\u00d1OS Y CINTAS<\/h4>\t\t\t\t\t\t\t\t<\/div>\n\t\t\t\t<div class=\"elementor-element elementor-element-24382ec8 elementor-widget__width-initial elementor-widget-divider--separator-type-pattern elementor-widget-divider--no-spacing elementor-widget-divider--view-line elementor-widget elementor-widget-divider\" data-id=\"24382ec8\" data-element_type=\"widget\" data-e-type=\"widget\" data-widget_type=\"divider.default\">\n\t\t\t\t\t\t\t<div class=\"elementor-divider\" style=\"--divider-pattern-url: url(&quot;data:image\/svg+xml,%3Csvg xmlns=&#039;http:\/\/www.w3.org\/2000\/svg&#039; preserveAspectRatio=&#039;none&#039; overflow=&#039;visible&#039; height=&#039;100%&#039; viewBox=&#039;0 0 24 24&#039; fill=&#039;black&#039; stroke=&#039;none&#039;%3E%3Cpath d=&#039;M24,8v12H0V8H24z M24,4v1H0V4H24z&#039;\/%3E%3C\/svg%3E&quot;);\">\n\t\t\t<span class=\"elementor-divider-separator\">\n\t\t\t\t\t\t<\/span>\n\t\t<\/div>\n\t\t\t\t\t\t<\/div>\n\t\t\t\t<div class=\"elementor-element elementor-element-5c385177 elementor-widget__width-initial elementor-widget elementor-widget-image\" data-id=\"5c385177\" data-element_type=\"widget\" data-e-type=\"widget\" data-widget_type=\"image.default\">\n\t\t\t\t\t\t\t\t\t\t\t\t\t\t\t<img fetchpriority=\"high\" decoding=\"async\" width=\"244\" height=\"208\" src=\"https:\/\/www.multipaq.com.ar\/wp-content\/uploads\/MONIO-BORDO.png\" class=\"attachment-large size-large wp-image-834\" alt=\"\" \/>\t\t\t\t\t\t\t\t\t\t\t\t\t\t\t<\/div>\n\t\t\t\t<div class=\"elementor-element elementor-element-5adc1889 elementor-widget__width-initial elementor-align-center elementor-widget elementor-widget-button\" data-id=\"5adc1889\" data-element_type=\"widget\" data-e-type=\"widget\" data-widget_type=\"button.default\">\n\t\t\t\t\t\t\t\t\t\t<a class=\"elementor-button elementor-button-link elementor-size-sm\" href=\"https:\/\/www.multipaq.com.ar\/monos-y-cintas\/\" target=\"_blank\">\n\t\t\t\t\t\t<span class=\"elementor-button-content-wrapper\">\n\t\t\t\t\t\t\t\t\t<span class=\"elementor-button-text\">MO\u00d1OS Y CINTAS<\/span>\n\t\t\t\t\t<\/span>\n\t\t\t\t\t<\/a>\n\t\t\t\t\t\t\t\t<\/div>\n\t\t\t\t<\/div>\n\t\t<div class=\"elementor-element elementor-element-6e22d79 e-flex e-con-boxed e-con e-child\" data-id=\"6e22d79\" data-element_type=\"container\" data-e-type=\"container\" data-settings=\"{&quot;background_background&quot;:&quot;classic&quot;}\">\n\t\t\t\t\t<div class=\"e-con-inner\">\n\t\t\t\t<div class=\"elementor-element elementor-element-b27216b elementor-widget__width-initial elementor-widget elementor-widget-image\" data-id=\"b27216b\" data-element_type=\"widget\" data-e-type=\"widget\" data-widget_type=\"image.default\">\n\t\t\t\t\t\t\t\t\t\t\t\t\t\t\t<img decoding=\"async\" width=\"230\" height=\"230\" src=\"https:\/\/www.multipaq.com.ar\/wp-content\/uploads\/AMARILLO-30X41.png\" class=\"attachment-large size-large wp-image-833\" alt=\"\" srcset=\"https:\/\/www.multipaq.com.ar\/wp-content\/uploads\/AMARILLO-30X41.png 230w, https:\/\/www.multipaq.com.ar\/wp-content\/uploads\/AMARILLO-30X41-150x150.png 150w\" sizes=\"(max-width: 230px) 100vw, 230px\" \/>\t\t\t\t\t\t\t\t\t\t\t\t\t\t\t<\/div>\n\t\t<div class=\"elementor-element elementor-element-41a667f5 e-flex e-con-boxed e-con e-child\" data-id=\"41a667f5\" data-element_type=\"container\" data-e-type=\"container\">\n\t\t\t\t\t<div class=\"e-con-inner\">\n\t\t\t\t<div class=\"elementor-element elementor-element-18c749f8 elementor-widget__width-initial elementor-align-center elementor-widget-mobile__width-initial elementor-widget elementor-widget-button\" data-id=\"18c749f8\" data-element_type=\"widget\" data-e-type=\"widget\" data-widget_type=\"button.default\">\n\t\t\t\t\t\t\t\t\t\t<a class=\"elementor-button elementor-button-link elementor-size-sm\" href=\"https:\/\/www.multipaq.com.ar\/bolsas-regalo\/\" target=\"_blank\">\n\t\t\t\t\t\t<span class=\"elementor-button-content-wrapper\">\n\t\t\t\t\t\t\t\t\t<span class=\"elementor-button-text\">BOLSAS REGALO<\/span>\n\t\t\t\t\t<\/span>\n\t\t\t\t\t<\/a>\n\t\t\t\t\t\t\t\t<\/div>\n\t\t\t\t\t<\/div>\n\t\t\t\t<\/div>\n\t\t\t\t<div class=\"elementor-element elementor-element-6fa63d72 elementor-widget elementor-widget-text-editor\" data-id=\"6fa63d72\" data-element_type=\"widget\" data-e-type=\"widget\" data-widget_type=\"text-editor.default\">\n\t\t\t\t\t\t\t\t\t<h4>BOLSAS REGALO<\/h4>\t\t\t\t\t\t\t\t<\/div>\n\t\t\t\t<div class=\"elementor-element elementor-element-6e0eb322 elementor-widget__width-initial elementor-widget-divider--separator-type-pattern elementor-widget-divider--no-spacing elementor-widget-divider--view-line elementor-widget elementor-widget-divider\" data-id=\"6e0eb322\" data-element_type=\"widget\" data-e-type=\"widget\" data-widget_type=\"divider.default\">\n\t\t\t\t\t\t\t<div class=\"elementor-divider\" style=\"--divider-pattern-url: url(&quot;data:image\/svg+xml,%3Csvg xmlns=&#039;http:\/\/www.w3.org\/2000\/svg&#039; preserveAspectRatio=&#039;none&#039; overflow=&#039;visible&#039; height=&#039;100%&#039; viewBox=&#039;0 0 24 24&#039; fill=&#039;black&#039; stroke=&#039;none&#039;%3E%3Cpath d=&#039;M24,8v12H0V8H24z M24,4v1H0V4H24z&#039;\/%3E%3C\/svg%3E&quot;);\">\n\t\t\t<span class=\"elementor-divider-separator\">\n\t\t\t\t\t\t<\/span>\n\t\t<\/div>\n\t\t\t\t\t\t<\/div>\n\t\t\t\t\t<\/div>\n\t\t\t\t<\/div>\n\t\t<div class=\"elementor-element elementor-element-ea93e95 e-flex e-con-boxed e-con e-child\" data-id=\"ea93e95\" data-element_type=\"container\" data-e-type=\"container\" data-settings=\"{&quot;background_background&quot;:&quot;classic&quot;}\">\n\t\t\t\t\t<div class=\"e-con-inner\">\n\t\t\t\t<div class=\"elementor-element elementor-element-1c393e3c elementor-widget__width-initial elementor-widget elementor-widget-image\" data-id=\"1c393e3c\" data-element_type=\"widget\" data-e-type=\"widget\" data-widget_type=\"image.default\">\n\t\t\t\t\t\t\t\t\t\t\t\t\t\t\t<img decoding=\"async\" width=\"640\" height=\"639\" src=\"https:\/\/www.multipaq.com.ar\/wp-content\/uploads\/BLANCA-CON-VISOR-1024x1022.png\" class=\"attachment-large size-large wp-image-835\" alt=\"\" srcset=\"https:\/\/www.multipaq.com.ar\/wp-content\/uploads\/BLANCA-CON-VISOR-1024x1022.png 1024w, https:\/\/www.multipaq.com.ar\/wp-content\/uploads\/BLANCA-CON-VISOR-300x300.png 300w, https:\/\/www.multipaq.com.ar\/wp-content\/uploads\/BLANCA-CON-VISOR-600x599.png 600w, https:\/\/www.multipaq.com.ar\/wp-content\/uploads\/BLANCA-CON-VISOR-500x500.png 500w, https:\/\/www.multipaq.com.ar\/wp-content\/uploads\/BLANCA-CON-VISOR-150x150.png 150w, https:\/\/www.multipaq.com.ar\/wp-content\/uploads\/BLANCA-CON-VISOR-768x766.png 768w, https:\/\/www.multipaq.com.ar\/wp-content\/uploads\/BLANCA-CON-VISOR.png 1527w\" sizes=\"(max-width: 640px) 100vw, 640px\" \/>\t\t\t\t\t\t\t\t\t\t\t\t\t\t\t<\/div>\n\t\t<div class=\"elementor-element elementor-element-64f5fb38 e-con-full e-flex e-con e-child\" data-id=\"64f5fb38\" data-element_type=\"container\" data-e-type=\"container\">\n\t\t\t\t<div class=\"elementor-element elementor-element-1fb364d3 elementor-widget__width-initial elementor-widget elementor-widget-button\" data-id=\"1fb364d3\" data-element_type=\"widget\" data-e-type=\"widget\" data-widget_type=\"button.default\">\n\t\t\t\t\t\t\t\t\t\t<a class=\"elementor-button elementor-button-link elementor-size-sm\" href=\"https:\/\/www.multipaq.com.ar\/cajas-y-estuches\/\" target=\"_blank\">\n\t\t\t\t\t\t<span class=\"elementor-button-content-wrapper\">\n\t\t\t\t\t\t\t\t\t<span class=\"elementor-button-text\">CAJAS Y ESTUCHES<\/span>\n\t\t\t\t\t<\/span>\n\t\t\t\t\t<\/a>\n\t\t\t\t\t\t\t\t<\/div>\n\t\t\t\t<\/div>\n\t\t\t\t<div class=\"elementor-element elementor-element-59f566d1 elementor-widget__width-initial elementor-widget elementor-widget-text-editor\" data-id=\"59f566d1\" data-element_type=\"widget\" data-e-type=\"widget\" data-widget_type=\"text-editor.default\">\n\t\t\t\t\t\t\t\t\t<h4 style=\"text-align: center;\">CAJAS Y ESTUCHES<\/h4>\t\t\t\t\t\t\t\t<\/div>\n\t\t\t\t<div class=\"elementor-element elementor-element-79b9195b elementor-widget__width-inherit elementor-widget-divider--separator-type-pattern elementor-widget-divider--no-spacing elementor-widget-divider--view-line elementor-widget elementor-widget-divider\" data-id=\"79b9195b\" data-element_type=\"widget\" data-e-type=\"widget\" data-widget_type=\"divider.default\">\n\t\t\t\t\t\t\t<div class=\"elementor-divider\" style=\"--divider-pattern-url: url(&quot;data:image\/svg+xml,%3Csvg xmlns=&#039;http:\/\/www.w3.org\/2000\/svg&#039; preserveAspectRatio=&#039;none&#039; overflow=&#039;visible&#039; height=&#039;100%&#039; viewBox=&#039;0 0 24 24&#039; fill=&#039;black&#039; stroke=&#039;none&#039;%3E%3Cpath d=&#039;M24,8v12H0V8H24z M24,4v1H0V4H24z&#039;\/%3E%3C\/svg%3E&quot;);\">\n\t\t\t<span class=\"elementor-divider-separator\">\n\t\t\t\t\t\t<\/span>\n\t\t<\/div>\n\t\t\t\t\t\t<\/div>\n\t\t\t\t\t<\/div>\n\t\t\t\t<\/div>\n\t\t<div class=\"elementor-element elementor-element-6d3a7e1 e-flex e-con-boxed e-con e-child\" data-id=\"6d3a7e1\" data-element_type=\"container\" data-e-type=\"container\">\n\t\t\t\t\t<div class=\"e-con-inner\">\n\t\t\t\t<div class=\"elementor-element elementor-element-2225436 elementor-widget__width-initial elementor-widget elementor-widget-image\" data-id=\"2225436\" data-element_type=\"widget\" data-e-type=\"widget\" data-widget_type=\"image.default\">\n\t\t\t\t\t\t\t\t\t\t\t\t\t\t\t<img loading=\"lazy\" decoding=\"async\" width=\"640\" height=\"690\" src=\"https:\/\/www.multipaq.com.ar\/wp-content\/uploads\/SOBRES-30X40-PROMO-1.jpg\" class=\"attachment-large size-large wp-image-150\" alt=\"\" srcset=\"https:\/\/www.multipaq.com.ar\/wp-content\/uploads\/SOBRES-30X40-PROMO-1.jpg 719w, https:\/\/www.multipaq.com.ar\/wp-content\/uploads\/SOBRES-30X40-PROMO-1-278x300.jpg 278w, https:\/\/www.multipaq.com.ar\/wp-content\/uploads\/SOBRES-30X40-PROMO-1-600x647.jpg 600w\" sizes=\"(max-width: 640px) 100vw, 640px\" \/>\t\t\t\t\t\t\t\t\t\t\t\t\t\t\t<\/div>\n\t\t<div class=\"elementor-element elementor-element-f4f4397 e-con-full e-flex e-con e-child\" data-id=\"f4f4397\" data-element_type=\"container\" data-e-type=\"container\">\n\t\t\t\t<div class=\"elementor-element elementor-element-c011ea8 elementor-widget__width-initial elementor-mobile-align-center elementor-widget elementor-widget-button\" data-id=\"c011ea8\" data-element_type=\"widget\" data-e-type=\"widget\" data-widget_type=\"button.default\">\n\t\t\t\t\t\t\t\t\t\t<a class=\"elementor-button elementor-button-link elementor-size-sm\" href=\"https:\/\/www.multipaq.com.ar\/sobres-para-regalos\/\" target=\"_blank\">\n\t\t\t\t\t\t<span class=\"elementor-button-content-wrapper\">\n\t\t\t\t\t\t\t\t\t<span class=\"elementor-button-text\">SOBRES REGALOS<\/span>\n\t\t\t\t\t<\/span>\n\t\t\t\t\t<\/a>\n\t\t\t\t\t\t\t\t<\/div>\n\t\t\t\t<\/div>\n\t\t\t\t<div class=\"elementor-element elementor-element-0339b5b elementor-widget__width-initial elementor-widget elementor-widget-text-editor\" data-id=\"0339b5b\" data-element_type=\"widget\" data-e-type=\"widget\" data-widget_type=\"text-editor.default\">\n\t\t\t\t\t\t\t\t\t<h5>SOBRES PARA REGALOS<\/h5>\t\t\t\t\t\t\t\t<\/div>\n\t\t\t\t<div class=\"elementor-element elementor-element-4d487d1 elementor-widget__width-inherit elementor-widget-divider--separator-type-pattern elementor-widget-divider--no-spacing elementor-widget-divider--view-line elementor-widget elementor-widget-divider\" data-id=\"4d487d1\" data-element_type=\"widget\" data-e-type=\"widget\" data-widget_type=\"divider.default\">\n\t\t\t\t\t\t\t<div class=\"elementor-divider\" style=\"--divider-pattern-url: url(&quot;data:image\/svg+xml,%3Csvg xmlns=&#039;http:\/\/www.w3.org\/2000\/svg&#039; preserveAspectRatio=&#039;none&#039; overflow=&#039;visible&#039; height=&#039;100%&#039; viewBox=&#039;0 0 24 24&#039; fill=&#039;black&#039; stroke=&#039;none&#039;%3E%3Cpath d=&#039;M24,8v12H0V8H24z M24,4v1H0V4H24z&#039;\/%3E%3C\/svg%3E&quot;);\">\n\t\t\t<span class=\"elementor-divider-separator\">\n\t\t\t\t\t\t<\/span>\n\t\t<\/div>\n\t\t\t\t\t\t<\/div>\n\t\t\t\t\t<\/div>\n\t\t\t\t<\/div>\n\t\t<div class=\"elementor-element elementor-element-751b686 e-con-full e-flex e-con e-child\" data-id=\"751b686\" data-element_type=\"container\" data-e-type=\"container\">\n\t\t\t\t<div class=\"elementor-element elementor-element-73e984e elementor-widget__width-initial elementor-widget elementor-widget-image\" data-id=\"73e984e\" data-element_type=\"widget\" data-e-type=\"widget\" data-widget_type=\"image.default\">\n\t\t\t\t\t\t\t\t\t\t\t\t\t\t\t<img loading=\"lazy\" decoding=\"async\" width=\"366\" height=\"250\" src=\"https:\/\/www.multipaq.com.ar\/wp-content\/uploads\/ETIQUETAS-Y-CIERRABOLSAS.jpg\" class=\"attachment-large size-large wp-image-1581\" alt=\"\" srcset=\"https:\/\/www.multipaq.com.ar\/wp-content\/uploads\/ETIQUETAS-Y-CIERRABOLSAS.jpg 366w, https:\/\/www.multipaq.com.ar\/wp-content\/uploads\/ETIQUETAS-Y-CIERRABOLSAS-300x205.jpg 300w\" sizes=\"(max-width: 366px) 100vw, 366px\" \/>\t\t\t\t\t\t\t\t\t\t\t\t\t\t\t<\/div>\n\t\t<div class=\"elementor-element elementor-element-7e33c4f e-con-full e-flex e-con e-child\" data-id=\"7e33c4f\" data-element_type=\"container\" data-e-type=\"container\">\n\t\t\t\t<div class=\"elementor-element elementor-element-ba46396 elementor-widget__width-initial elementor-align-center elementor-widget elementor-widget-button\" data-id=\"ba46396\" data-element_type=\"widget\" data-e-type=\"widget\" data-widget_type=\"button.default\">\n\t\t\t\t\t\t\t\t\t\t<a class=\"elementor-button elementor-button-link elementor-size-sm\" href=\"https:\/\/www.multipaq.com.ar\/accesorios-para-regalos\/\" target=\"_blank\">\n\t\t\t\t\t\t<span class=\"elementor-button-content-wrapper\">\n\t\t\t\t\t\t\t\t\t<span class=\"elementor-button-text\">ACCESORIOS<\/span>\n\t\t\t\t\t<\/span>\n\t\t\t\t\t<\/a>\n\t\t\t\t\t\t\t\t<\/div>\n\t\t\t\t<\/div>\n\t\t\t\t<div class=\"elementor-element elementor-element-80416e8 elementor-widget__width-initial elementor-widget elementor-widget-text-editor\" data-id=\"80416e8\" data-element_type=\"widget\" data-e-type=\"widget\" data-widget_type=\"text-editor.default\">\n\t\t\t\t\t\t\t\t\t<h5 style=\"text-align: center;\">ACCESORIOS PARA REGALOS<\/h5>\t\t\t\t\t\t\t\t<\/div>\n\t\t\t\t<div class=\"elementor-element elementor-element-6e3b18a elementor-widget__width-inherit elementor-widget-divider--separator-type-pattern elementor-widget-divider--no-spacing elementor-widget-divider--view-line elementor-widget elementor-widget-divider\" data-id=\"6e3b18a\" data-element_type=\"widget\" data-e-type=\"widget\" data-widget_type=\"divider.default\">\n\t\t\t\t\t\t\t<div class=\"elementor-divider\" style=\"--divider-pattern-url: url(&quot;data:image\/svg+xml,%3Csvg xmlns=&#039;http:\/\/www.w3.org\/2000\/svg&#039; preserveAspectRatio=&#039;none&#039; overflow=&#039;visible&#039; height=&#039;100%&#039; viewBox=&#039;0 0 24 24&#039; fill=&#039;black&#039; stroke=&#039;none&#039;%3E%3Cpath d=&#039;M24,8v12H0V8H24z M24,4v1H0V4H24z&#039;\/%3E%3C\/svg%3E&quot;);\">\n\t\t\t<span class=\"elementor-divider-separator\">\n\t\t\t\t\t\t<\/span>\n\t\t<\/div>\n\t\t\t\t\t\t<\/div>\n\t\t\t\t<\/div>\n\t\t<div class=\"elementor-element elementor-element-59e347b e-con-full e-flex e-con e-child\" data-id=\"59e347b\" data-element_type=\"container\" data-e-type=\"container\">\n\t\t\t\t<div class=\"elementor-element elementor-element-7dc99cf elementor-widget__width-initial elementor-widget elementor-widget-image\" data-id=\"7dc99cf\" data-element_type=\"widget\" data-e-type=\"widget\" data-widget_type=\"image.default\">\n\t\t\t\t\t\t\t\t\t\t\t\t\t\t\t<img loading=\"lazy\" decoding=\"async\" width=\"640\" height=\"590\" src=\"https:\/\/www.multipaq.com.ar\/wp-content\/uploads\/CINTEX-WEB.png\" class=\"attachment-large size-large wp-image-1615\" alt=\"\" srcset=\"https:\/\/www.multipaq.com.ar\/wp-content\/uploads\/CINTEX-WEB.png 708w, https:\/\/www.multipaq.com.ar\/wp-content\/uploads\/CINTEX-WEB-300x277.png 300w, https:\/\/www.multipaq.com.ar\/wp-content\/uploads\/CINTEX-WEB-600x553.png 600w, https:\/\/www.multipaq.com.ar\/wp-content\/uploads\/CINTEX-WEB-500x461.png 500w\" sizes=\"(max-width: 640px) 100vw, 640px\" \/>\t\t\t\t\t\t\t\t\t\t\t\t\t\t\t<\/div>\n\t\t<div class=\"elementor-element elementor-element-66adaa8 e-con-full e-flex e-con e-child\" data-id=\"66adaa8\" data-element_type=\"container\" data-e-type=\"container\">\n\t\t\t\t<div class=\"elementor-element elementor-element-629600f elementor-widget__width-initial elementor-align-center elementor-widget elementor-widget-button\" data-id=\"629600f\" data-element_type=\"widget\" data-e-type=\"widget\" data-widget_type=\"button.default\">\n\t\t\t\t\t\t\t\t\t\t<a class=\"elementor-button elementor-button-link elementor-size-sm\" href=\"https:\/\/www.multipaq.com.ar\/utilitarios\/\" target=\"_blank\">\n\t\t\t\t\t\t<span class=\"elementor-button-content-wrapper\">\n\t\t\t\t\t\t\t\t\t<span class=\"elementor-button-text\">UTILITARIOS<\/span>\n\t\t\t\t\t<\/span>\n\t\t\t\t\t<\/a>\n\t\t\t\t\t\t\t\t<\/div>\n\t\t\t\t<\/div>\n\t\t\t\t<div class=\"elementor-element elementor-element-32ea2c6 elementor-widget__width-initial elementor-widget elementor-widget-text-editor\" data-id=\"32ea2c6\" data-element_type=\"widget\" data-e-type=\"widget\" data-widget_type=\"text-editor.default\">\n\t\t\t\t\t\t\t\t\t<h5 style=\"text-align: center;\">UTILITARIOS<\/h5>\t\t\t\t\t\t\t\t<\/div>\n\t\t\t\t<div class=\"elementor-element elementor-element-c70c552 elementor-widget__width-inherit elementor-widget-divider--separator-type-pattern elementor-widget-divider--no-spacing elementor-widget-divider--view-line elementor-widget elementor-widget-divider\" data-id=\"c70c552\" data-element_type=\"widget\" data-e-type=\"widget\" data-widget_type=\"divider.default\">\n\t\t\t\t\t\t\t<div class=\"elementor-divider\" style=\"--divider-pattern-url: url(&quot;data:image\/svg+xml,%3Csvg xmlns=&#039;http:\/\/www.w3.org\/2000\/svg&#039; preserveAspectRatio=&#039;none&#039; overflow=&#039;visible&#039; height=&#039;100%&#039; viewBox=&#039;0 0 24 24&#039; fill=&#039;black&#039; stroke=&#039;none&#039;%3E%3Cpath d=&#039;M24,8v12H0V8H24z M24,4v1H0V4H24z&#039;\/%3E%3C\/svg%3E&quot;);\">\n\t\t\t<span class=\"elementor-divider-separator\">\n\t\t\t\t\t\t<\/span>\n\t\t<\/div>\n\t\t\t\t\t\t<\/div>\n\t\t\t\t<\/div>\n\t\t\t\t<\/div>\n\t\t<div class=\"elementor-element elementor-element-9f52511 e-grid e-con-full e-con e-child\" data-id=\"9f52511\" data-element_type=\"container\" data-e-type=\"container\">\n\t\t<div class=\"elementor-element elementor-element-441473a0 e-con-full e-flex e-con e-child\" data-id=\"441473a0\" data-element_type=\"container\" data-e-type=\"container\">\n\t\t\t\t<div class=\"elementor-element elementor-element-13d459af elementor-widget elementor-widget-image\" data-id=\"13d459af\" data-element_type=\"widget\" data-e-type=\"widget\" data-widget_type=\"image.default\">\n\t\t\t\t\t\t\t\t\t\t\t\t\t\t\t<img loading=\"lazy\" decoding=\"async\" width=\"640\" height=\"640\" src=\"https:\/\/www.multipaq.com.ar\/wp-content\/uploads\/VINO-KRAFT-1024x1024.jpg\" class=\"attachment-large size-large wp-image-146\" alt=\"\" srcset=\"https:\/\/www.multipaq.com.ar\/wp-content\/uploads\/VINO-KRAFT-1024x1024.jpg 1024w, https:\/\/www.multipaq.com.ar\/wp-content\/uploads\/VINO-KRAFT-300x300.jpg 300w, https:\/\/www.multipaq.com.ar\/wp-content\/uploads\/VINO-KRAFT-500x500.jpg 500w, https:\/\/www.multipaq.com.ar\/wp-content\/uploads\/VINO-KRAFT-150x150.jpg 150w\" sizes=\"(max-width: 640px) 100vw, 640px\" \/>\t\t\t\t\t\t\t\t\t\t\t\t\t\t\t<\/div>\n\t\t\t\t<div class=\"elementor-element elementor-element-167863e5 elementor-widget elementor-widget-heading\" data-id=\"167863e5\" data-element_type=\"widget\" data-e-type=\"widget\" data-widget_type=\"heading.default\">\n\t\t\t\t\t<h2 class=\"elementor-heading-title elementor-size-default\">L\u00ednea Cl\u00e1sica<\/h2>\t\t\t\t<\/div>\n\t\t\t\t<\/div>\n\t\t<div class=\"elementor-element elementor-element-651de793 e-con-full e-flex e-con e-child\" data-id=\"651de793\" data-element_type=\"container\" data-e-type=\"container\">\n\t\t\t\t<div class=\"elementor-element elementor-element-455319ab elementor-widget elementor-widget-image\" data-id=\"455319ab\" data-element_type=\"widget\" data-e-type=\"widget\" data-widget_type=\"image.default\">\n\t\t\t\t\t\t\t\t\t\t\t\t\t\t\t<img loading=\"lazy\" decoding=\"async\" width=\"640\" height=\"640\" src=\"https:\/\/www.multipaq.com.ar\/wp-content\/uploads\/MESSI-IDOLO-1024x1024.jpg\" class=\"attachment-large size-large wp-image-143\" alt=\"\" srcset=\"https:\/\/www.multipaq.com.ar\/wp-content\/uploads\/MESSI-IDOLO-1024x1024.jpg 1024w, https:\/\/www.multipaq.com.ar\/wp-content\/uploads\/MESSI-IDOLO-300x300.jpg 300w, https:\/\/www.multipaq.com.ar\/wp-content\/uploads\/MESSI-IDOLO-500x500.jpg 500w, https:\/\/www.multipaq.com.ar\/wp-content\/uploads\/MESSI-IDOLO-150x150.jpg 150w\" sizes=\"(max-width: 640px) 100vw, 640px\" \/>\t\t\t\t\t\t\t\t\t\t\t\t\t\t\t<\/div>\n\t\t\t\t<div class=\"elementor-element elementor-element-42d40b61 elementor-widget elementor-widget-heading\" data-id=\"42d40b61\" data-element_type=\"widget\" data-e-type=\"widget\" data-widget_type=\"heading.default\">\n\t\t\t\t\t<p class=\"elementor-heading-title elementor-size-default\">Simp\u00e1tica y divertida<\/p>\t\t\t\t<\/div>\n\t\t\t\t<\/div>\n\t\t<div class=\"elementor-element elementor-element-2f92954c e-con-full e-flex e-con e-child\" data-id=\"2f92954c\" data-element_type=\"container\" data-e-type=\"container\">\n\t\t\t\t<div class=\"elementor-element elementor-element-1de1d204 elementor-widget elementor-widget-image\" data-id=\"1de1d204\" data-element_type=\"widget\" data-e-type=\"widget\" data-widget_type=\"image.default\">\n\t\t\t\t\t\t\t\t\t\t\t\t\t\t\t<img loading=\"lazy\" decoding=\"async\" width=\"500\" height=\"500\" src=\"https:\/\/www.multipaq.com.ar\/wp-content\/uploads\/MACARRON-NEGRO.jpg\" class=\"attachment-large size-large wp-image-139\" alt=\"\" srcset=\"https:\/\/www.multipaq.com.ar\/wp-content\/uploads\/MACARRON-NEGRO.jpg 500w, https:\/\/www.multipaq.com.ar\/wp-content\/uploads\/MACARRON-NEGRO-300x300.jpg 300w, https:\/\/www.multipaq.com.ar\/wp-content\/uploads\/MACARRON-NEGRO-150x150.jpg 150w\" sizes=\"(max-width: 500px) 100vw, 500px\" \/>\t\t\t\t\t\t\t\t\t\t\t\t\t\t\t<\/div>\n\t\t\t\t<div class=\"elementor-element elementor-element-29ace9a5 elementor-widget elementor-widget-heading\" data-id=\"29ace9a5\" data-element_type=\"widget\" data-e-type=\"widget\" data-widget_type=\"heading.default\">\n\t\t\t\t\t<p class=\"elementor-heading-title elementor-size-default\">L\u00ednea Premium<\/p>\t\t\t\t<\/div>\n\t\t\t\t<\/div>\n\t\t\t\t<\/div>\n\t\t\t\t\t<\/div>\n\t\t\t\t<\/div>\n\t\t\t\t<\/div>\n\t\t","protected":false},"excerpt":{"rendered":"<p>Cat\u00e1logo Explora nuestros envoltorios para regalos. MO\u00d1OS Y CINTAS MO\u00d1OS Y CINTAS BOLSAS REGALO BOLSAS REGALO CAJAS Y ESTUCHES CAJAS Y ESTUCHES SOBRES REGALOS SOBRES PARA REGALOS ACCESORIOS ACCESORIOS PARA REGALOS UTILITARIOS UTILITARIOS L\u00ednea Cl\u00e1sica Simp\u00e1tica y divertida L\u00ednea Premium<\/p>\n","protected":false},"author":1,"featured_media":0,"parent":0,"menu_order":0,"comment_status":"closed","ping_status":"closed","template":"elementor_header_footer","meta":{"solace_meta_sidebar":"","solace_meta_container":"","solace_meta_enable_content_width":"","solace_meta_content_width":0,"solace_meta_title_alignment":"","solace_meta_author_avatar":"","solace_post_elements_order":"","solace_meta_disable_header":"","solace_meta_disable_footer":"","solace_meta_disable_title":"","footnotes":""},"class_list":["post-1134","page","type-page","status-publish","hentry"],"_links":{"self":[{"href":"https:\/\/www.multipaq.com.ar\/index.php?rest_route=\/wp\/v2\/pages\/1134","targetHints":{"allow":["GET"]}}],"collection":[{"href":"https:\/\/www.multipaq.com.ar\/index.php?rest_route=\/wp\/v2\/pages"}],"about":[{"href":"https:\/\/www.multipaq.com.ar\/index.php?rest_route=\/wp\/v2\/types\/page"}],"author":[{"embeddable":true,"href":"https:\/\/www.multipaq.com.ar\/index.php?rest_route=\/wp\/v2\/users\/1"}],"replies":[{"embeddable":true,"href":"https:\/\/www.multipaq.com.ar\/index.php?rest_route=%2Fwp%2Fv2%2Fcomments&post=1134"}],"version-history":[{"count":110,"href":"https:\/\/www.multipaq.com.ar\/index.php?rest_route=\/wp\/v2\/pages\/1134\/revisions"}],"predecessor-version":[{"id":1677,"href":"https:\/\/www.multipaq.com.ar\/index.php?rest_route=\/wp\/v2\/pages\/1134\/revisions\/1677"}],"wp:attachment":[{"href":"https:\/\/www.multipaq.com.ar\/index.php?rest_route=%2Fwp%2Fv2%2Fmedia&parent=1134"}],"curies":[{"name":"wp","href":"https:\/\/api.w.org\/{rel}","templated":true}]}}